{"id":1782,"date":"2020-03-05T10:37:00","date_gmt":"2020-03-05T09:37:00","guid":{"rendered":"http:\/\/dniotwarte.uwb.edu.pl\/?page_id=1782"},"modified":"2023-03-17T13:27:33","modified_gmt":"2023-03-17T12:27:33","slug":"instytut-informatyki","status":"publish","type":"page","link":"http:\/\/dniotwarte.uwb.edu.pl\/?page_id=1782","title":{"rendered":"Instytut Informatyki"},"content":{"rendered":"<p><a href=\"http:\/\/dniotwarte.uwb.edu.pl\/?page_id=1939\"><strong>Wyk\u0142ady<\/strong><\/a><\/p>\n<p><strong>Interaktywne \u0142amig\u0142\u00f3wki logiczne<\/strong><\/p>\n<p>Dr Adam Naumowicz<\/p>\n<p><strong>Forma:<\/strong> wyk\u0142ad\/prezentacja<\/p>\n<p>W trakcie wyk\u0142adu zademonstrowane zostan\u0105 dwie popularne \u0142amig\u0142\u00f3wki logiczne oraz ich prosta implementacja w postaci interaktywnej strony webowej. Do ich stworzenia wystarcz\u0105 nam podstawowe programy, takie jak dowolny edytor tekstu i przegl\u0105darka WWW z obs\u0142ug\u0105 j\u0119zyka JavaScript.<\/p>\n<p><strong>Miejsce:<\/strong> sala 2001<\/p>\n<p><strong>Czas Trwania:<\/strong> 45 min<\/p>\n<p><strong>Termin: <\/strong>24 marca 2023 (pi\u0105tek), 13:15<strong><br \/>\n<\/strong><\/p>\n<hr>\n<p><strong>Komputerowe dowodzenie twierdze\u0144 matematycznych<\/strong><\/p>\n<p>Dr Adam Naumowicz<\/p>\n<p><strong>Forma:<\/strong> wyk\u0142ad\/prezentacja<\/p>\n<p>Wyk\u0142ad wprowadza w tematyk\u0119 wykorzystania komputer\u00f3w do inteligentnego gromadzenia wiedzy matematycznej. Zaprezentowany zostanie system Mizar s\u0142u\u017c\u0105cy do interaktywnego tworzenia i sprawdzania poprawno\u015bci logicznej matematycznych dowod\u00f3w i formu\u0142owanych definicji.<\/p>\n<p><strong>Miejsce:<\/strong> sala 2001<\/p>\n<p><strong>Czas Trwania:<\/strong> 45 min<\/p>\n<p><strong>Termin: <\/strong>24 marca 2023 (pi\u0105tek), 14:15<strong><br \/>\n<\/strong><\/p>\n<p><a href=\"http:\/\/dniotwarte.uwb.edu.pl\/?page_id=1943\"><strong>Warsztaty<\/strong><\/a><\/p>\n<p><strong>Fraktale w naturze<\/strong><\/p>\n<p>Dr Agnieszka Goli\u0144ska<\/p>\n<p><strong>Forma:<\/strong> warsztaty\/laboratorium komputerowe<\/p>\n<p>Spotkanie ma na celu przybli\u017cenie podstaw teorii chaosu i fraktali, poszukiwanie fraktali w naturze i przedstawienie ich zastosowania np. w medycynie (badanie zmienno\u015bci rytmu serca). Zaj\u0119cia zostan\u0105 przeprowadzone z aktywnym udzia\u0142em uczestnik\u00f3w.<\/p>\n<p><strong>Miejsce:<\/strong> sala 2043<\/p>\n<p><strong>Liczba uczestnik\u00f3w:<\/strong>&nbsp; 12 (konieczna wcze\u015bniejsza mailowa rezerwacja terminu: <a href=\"mailto:a.golinska@uwb.edu.pl\">a.golinska@uwb.edu.pl<\/a>)<\/p>\n<p><strong>Czas Trwania:<\/strong> 45 min<\/p>\n<p><strong>Terminy: <\/strong>23 marca 2023 (czwartek), 9:00 oraz 10:00<strong><br \/>\n<\/strong><\/p>\n<hr>\n<p><strong>Odkryj to, co zakodowane<\/strong><\/p>\n<p>Mgr Barbara \u0141upi\u0144ska<\/p>\n<p><strong>Forma:<\/strong> warsztaty<\/p>\n<p>Kryptografia to praktyka zabezpieczania komunikacji za pomoc\u0105 r\u00f3\u017cnych technik. Wyk\u0142ad przyjmuje form\u0119 warsztatu, kt\u00f3ry \u0142\u0105czy teorie wraz z praktyk\u0105. Uczniowie zapoznaj\u0105 si\u0119 z wybranymi metodami szyfrowania i odszyfrowania informacji. Naucz\u0105 si\u0119 prostej kryptoanalizy. Bazowa wiedza zdobyta podczas wyk\u0142adu mo\u017ce przyczyni\u0107 si\u0119 w przysz\u0142o\u015bci do rozwoju zainteresowa\u0144 w kierunku tajnik\u00f3w kryptologii.<br \/>\n<br \/>\nZaj\u0119cia s\u0105 przeznaczone dla uczni\u00f3w szk\u00f3\u0142 podstawowych oraz I-II klasy szko\u0142y ponadpodstawowej. <\/p>\n<p><strong>Miejsce:<\/strong> sala 2002<\/p>\n<p><strong>Liczba uczestnik\u00f3w:<\/strong>&nbsp; 30 (konieczna wcze\u015bniejsza mailowa rezerwacja terminu: <a href=\"mailto:b.lupinska@uwb.edu.pl\">b.lupinska@uwb.edu.pl<\/a>)<\/p>\n<p><strong>Czas Trwania:<\/strong> 45 min<\/p>\n<p><strong>Terminy: <\/strong>23 marca 2023 (czwartek), 11:00 oraz 12:00, 24 marca 2023 (pi\u0105tek), 11:00 oraz 12:00<strong><br \/>\n<\/strong><\/p>\n<p><a href=\"http:\/\/dniotwarte.uwb.edu.pl\/?page_id=3277\"><strong>Zwiedzanie<\/strong><\/a><\/p>\n<p>Zapraszamy do zwiedzania Uniwersyteckiego Centrum Obliczeniowego mieszcz\u0105cego si\u0119 w budynku<br \/>\nWydzia\u0142u Matematyki i Instytutu Informatyki 25 marca w godz. 10:00-12:00.<\/p>\n<p><strong>Kontakt: <\/strong>Mgr in\u017c. Miros\u0142aw Najbuk (<a href=\"mailto:m.najbuk@uwb.edu.pl\">m.najbuk@uwb.edu.pl<\/a>)<\/p>\n<p><!--\n\n\n<h1><strong>Instytut Informatyki<\/strong><\/h1>\n\n\n\n\n<h2>Regionalny Konkurs Informatyczny<\/h2>\n\n\n[events_list category=\"39\" limit=\"0\" year=\"2022\"&nbsp; ]\n\n\n<h2>Warsztaty<\/h2>\n\n\n[events_list category=\"39\" limit=\"0\" year=\"2022\"&nbsp; ]\n&nbsp;\n--><\/p>\n","protected":false},"excerpt":{"rendered":"<p>Wyk\u0142ady Interaktywne \u0142amig\u0142\u00f3wki logiczne Dr Adam Naumowicz Forma: wyk\u0142ad\/prezentacja W trakcie wyk\u0142adu zademonstrowane zostan\u0105 dwie popularne \u0142amig\u0142\u00f3wki logiczne oraz ich prosta implementacja w postaci interaktywnej strony webowej. Do ich stworzenia wystarcz\u0105 nam podstawowe programy, takie jak dowolny edytor tekstu i przegl\u0105darka WWW z obs\u0142ug\u0105 j\u0119zyka JavaScript. Miejsce: sala 2001 Czas Trwania: 45 min Termin: 24 &hellip; <\/p>\n<p class=\"link-more\"><a href=\"http:\/\/dniotwarte.uwb.edu.pl\/?page_id=1782\" class=\"more-link\">Czytaj dalej<span class=\"screen-reader-text\"> \u201eInstytut Informatyki\u201d<\/span><\/a><\/p>\n","protected":false},"author":1,"featured_media":0,"parent":0,"menu_order":0,"comment_status":"closed","ping_status":"closed","template":"","meta":{"ngg_post_thumbnail":0,"jetpack_post_was_ever_published":false,"footnotes":""},"categories":[28],"tags":[],"class_list":["post-1782","page","type-page","status-publish","hentry","category-harmonogram"],"jetpack_sharing_enabled":true,"jetpack_shortlink":"https:\/\/wp.me\/P9I97i-sK","jetpack_likes_enabled":true,"jetpack-related-posts":[],"_links":{"self":[{"href":"http:\/\/dniotwarte.uwb.edu.pl\/index.php?rest_route=\/wp\/v2\/pages\/1782","targetHints":{"allow":["GET"]}}],"collection":[{"href":"http:\/\/dniotwarte.uwb.edu.pl\/index.php?rest_route=\/wp\/v2\/pages"}],"about":[{"href":"http:\/\/dniotwarte.uwb.edu.pl\/index.php?rest_route=\/wp\/v2\/types\/page"}],"author":[{"embeddable":true,"href":"http:\/\/dniotwarte.uwb.edu.pl\/index.php?rest_route=\/wp\/v2\/users\/1"}],"replies":[{"embeddable":true,"href":"http:\/\/dniotwarte.uwb.edu.pl\/index.php?rest_route=%2Fwp%2Fv2%2Fcomments&post=1782"}],"version-history":[{"count":13,"href":"http:\/\/dniotwarte.uwb.edu.pl\/index.php?rest_route=\/wp\/v2\/pages\/1782\/revisions"}],"predecessor-version":[{"id":3280,"href":"http:\/\/dniotwarte.uwb.edu.pl\/index.php?rest_route=\/wp\/v2\/pages\/1782\/revisions\/3280"}],"wp:attachment":[{"href":"http:\/\/dniotwarte.uwb.edu.pl\/index.php?rest_route=%2Fwp%2Fv2%2Fmedia&parent=1782"}],"wp:term":[{"taxonomy":"category","embeddable":true,"href":"http:\/\/dniotwarte.uwb.edu.pl\/index.php?rest_route=%2Fwp%2Fv2%2Fcategories&post=1782"},{"taxonomy":"post_tag","embeddable":true,"href":"http:\/\/dniotwarte.uwb.edu.pl\/index.php?rest_route=%2Fwp%2Fv2%2Ftags&post=1782"}],"curies":[{"name":"wp","href":"https:\/\/api.w.org\/{rel}","templated":true}]}}