{"id":181,"date":"2018-02-28T15:17:31","date_gmt":"2018-02-28T14:17:31","guid":{"rendered":"http:\/\/dniotwarte.uwb.edu.pl\/?page_id=181"},"modified":"2025-03-04T09:57:50","modified_gmt":"2025-03-04T08:57:50","slug":"koordynatorzy-marcowych-spotkan-z-nauka-2020","status":"publish","type":"page","link":"http:\/\/dniotwarte.uwb.edu.pl\/?page_id=181","title":{"rendered":"Koordynatorzy Marcowych spotka\u0144 z\u00a0nauk\u0105 2018"},"content":{"rendered":"<h1>Koordynatorzy Marcowych spotka\u0144 z&nbsp;nauk\u0105 w ramach Dni Otwartych na Kampusie UwB<\/h1>\n<p><strong><span style=\"font-size: 14pt;\">Koordynator g\u0142\u00f3wny:<\/span><br \/>\n<\/strong><strong>dr Pawe\u0142 Misiak<br \/>\n<\/strong>tel. 85 738 80 96<br \/>\nCio\u0142kowskiego 1K, pok. 1040<br \/>\ne-mail: <a style=\"font-size: 1rem;\" href=\"mailto:p.misiak@uwb.edu.pl\">p.misiak@uwb.edu.pl<\/a><\/p>\n<p><span style=\"font-size: 14pt;\"><strong>Wydzia\u0142 Chemii, UwB<\/strong><\/span><br \/>\n<strong>dr Iwona Misztalewska-Turkowicz<\/strong><br \/>\ntel. 85 738 80 95<br \/>\nCio\u0142kowskiego 1K, pok. 1041<br \/>\ne-mail: <a href=\"mailto:i.misztalewska@uwb.edu.pl\">i.misztalewska@uwb.edu.pl<\/a><\/p>\n<p style=\"margin: 0cm; margin-bottom: .0001pt;\"><span style=\"font-size: 14pt;\"><strong>Wydzia\u0142 Biologii UwB<\/strong><\/span><br \/>\n<strong>dr Marek Bartoszewicz <\/strong><\/p>\n<p style=\"margin: 0cm; margin-bottom: .0001pt;\">tel. 85 738 83 84<br \/>\nCio\u0142kowskiego 1J, pok. 3063<br \/>\ne-mail: <a href=\"mailto:mbartosz@uwb.edu.pl\">mbartosz@uwb.edu.pl<\/a><\/p>\n<p><strong><br \/>\ndr Magdalena \u015awis\u0142ocka<br \/>\n<\/strong>tel. 85 738 83 82<br \/>\nCio\u0142kowskiego 1J, pok. 3054<br \/>\ne-mail: <a href=\"mailto:magdaswi@uwb.edu.pl\">magdaswi@uwb.edu.pl<\/a><\/p>\n<p><strong>mgr Justyna Burzy\u0144ska<\/strong><br \/>\ntel. 85 738 84 30<br \/>\nCio\u0142kowskiego 1J, pok. 3009<br \/>\ne-mail: <a href=\"https:\/\/biologia.uwb.edu.pl\/aktualnosci\/j.burzynska@uwb.edu.pl\">j.burzynska@uwb.edu.pl<\/a><\/p>\n<p><span style=\"font-size: 14pt;\"><strong>Wydzia\u0142 Fizyki<\/strong><\/span><br \/>\n<strong>dr Krzysztof Gawryluk<\/strong><br \/>\ntel. 85 738 81 98<br \/>\nCio\u0142kowskiego 1L, pok. 2045<br \/>\ne-mail: <a href=\"mailto:k.gawryluk@uwb.edu.pl\">k.gawryluk@uwb.edu.pl<\/a><\/p>\n<p><span style=\"font-size: 14pt;\"><strong>Wydzia\u0142 Matematyki<\/strong><\/span><br \/>\n<strong>dr Anna Rybak<\/strong><br \/>\ntel. 603100306<br \/>\nCio\u0142kowskiego 1M, pok. 3040<br \/>\ne-mail: <a href=\"mailto:a.rybak@uwb.edu.pl\">a.rybak@uwb.edu.pl<\/a><\/p>\n<p><span style=\"font-size: 14pt;\"><strong>Wydzia\u0142 Stosunk\u00f3w Mi\u0119dzynarodowych<\/strong><\/span><br \/>\n<strong>mgr Agnieszka Szczepura<\/strong><br \/>\ntel. 85 745 7443<br \/>\nCio\u0142kowskiego 1K, pok. 1073<br \/>\ne-mail: a.szczepura@uwb.edu.pl&nbsp;<\/p>\n<p style=\"font-weight: 400;\"><span style=\"font-size: 14pt;\"><strong>Wydawnictwo Uniwersytetu w Bia\u0142ymstoku<\/strong><\/span><br \/>\n<strong>lic. Kinga Dolida<\/strong><br \/>\ntel. 85 745 70 59<br \/>\nul. Cio\u0142kowskiego 1M, Pok\u00f3j 1053<br \/>\n<a href=\"mailto:dolida@uwb.edu.pl\">e-mail: dolida@uwb.edu.pl<\/a><\/p>\n<p><span style=\"font-size: 14pt;\"><strong>Biblioteka Uniwersytecka im. Jerzego Giedroycia UwB<\/strong><\/span><br \/>\n<strong>Dyrektor dr hab. Marek Kochanowski, prof. UwB<\/strong><br \/>\ntel. 85 738 8505<br \/>\nCio\u0142kowskiego 1R<br \/>\ne-mail:&nbsp;<a href=\"mailto:m.kochanowski@uwb.edu.pl\" rel=\"noreferrer\">m.kochanowski@uwb.edu.pl<\/a><\/p>\n<p><span style=\"font-size: 14pt;\"><strong><a href=\"https:\/\/szkoly.uwb.edu.pl\/?page_id=790\">Uniwersyteckie Centrum Kultury i Nauki (Planetarium)<\/a><\/strong><\/span><br \/>\n<strong>Kierownik Ma\u0142gorzata Monach<\/strong><br \/>\ntel. 85 738 81 53<br \/>\nCio\u0142kowskiego 1N, pok. 2006<br \/>\ne-mail: <a href=\"mailto:m.monach@uwb.edu.pl\" rel=\"noreferrer\">m.monach@uwb.edu.pl<\/a><\/p>\n<p><span style=\"font-size: 14pt;\"><strong>Uniwersyteckie Centrum Przyrodnicze im. Profesora Andrzeja Myrchy UwB<\/strong><\/span><br \/>\n<strong>Dyrektor dr Anna Matwiejuk<\/strong>&nbsp;<br \/>\ntel. 85 745 73 22<br \/>\nCio\u0142kowskiego 1J<br \/>\ne-mail: <a href=\"mailto:centrum.przyr@uwb.edu.pl\">centrum.przyr@uwb.edu.pl<\/a><\/p>\n","protected":false},"excerpt":{"rendered":"<p>Koordynatorzy Marcowych spotka\u0144 z&nbsp;nauk\u0105 w ramach Dni Otwartych na Kampusie UwB Koordynator g\u0142\u00f3wny: dr Pawe\u0142 Misiak tel. 85 738 80 96 Cio\u0142kowskiego 1K, pok. 1040 e-mail: p.misiak@uwb.edu.pl Wydzia\u0142 Chemii, UwB dr Iwona Misztalewska-Turkowicz tel. 85 738 80 95 Cio\u0142kowskiego 1K, pok. 1041 e-mail: i.misztalewska@uwb.edu.pl Wydzia\u0142 Biologii UwB dr Marek Bartoszewicz tel. 85 738 83 84 &hellip; <\/p>\n<p class=\"link-more\"><a href=\"http:\/\/dniotwarte.uwb.edu.pl\/?page_id=181\" class=\"more-link\">Czytaj dalej<span class=\"screen-reader-text\"> \u201eKoordynatorzy Marcowych spotka\u0144 z\u00a0nauk\u0105 2018\u201d<\/span><\/a><\/p>\n","protected":false},"author":1,"featured_media":0,"parent":0,"menu_order":0,"comment_status":"closed","ping_status":"closed","template":"","meta":{"ngg_post_thumbnail":0,"jetpack_post_was_ever_published":false,"footnotes":""},"categories":[],"tags":[],"class_list":["post-181","page","type-page","status-publish","hentry"],"jetpack_sharing_enabled":true,"jetpack_shortlink":"https:\/\/wp.me\/P9I97i-2V","jetpack_likes_enabled":true,"jetpack-related-posts":[],"_links":{"self":[{"href":"http:\/\/dniotwarte.uwb.edu.pl\/index.php?rest_route=\/wp\/v2\/pages\/181","targetHints":{"allow":["GET"]}}],"collection":[{"href":"http:\/\/dniotwarte.uwb.edu.pl\/index.php?rest_route=\/wp\/v2\/pages"}],"about":[{"href":"http:\/\/dniotwarte.uwb.edu.pl\/index.php?rest_route=\/wp\/v2\/types\/page"}],"author":[{"embeddable":true,"href":"http:\/\/dniotwarte.uwb.edu.pl\/index.php?rest_route=\/wp\/v2\/users\/1"}],"replies":[{"embeddable":true,"href":"http:\/\/dniotwarte.uwb.edu.pl\/index.php?rest_route=%2Fwp%2Fv2%2Fcomments&post=181"}],"version-history":[{"count":35,"href":"http:\/\/dniotwarte.uwb.edu.pl\/index.php?rest_route=\/wp\/v2\/pages\/181\/revisions"}],"predecessor-version":[{"id":3936,"href":"http:\/\/dniotwarte.uwb.edu.pl\/index.php?rest_route=\/wp\/v2\/pages\/181\/revisions\/3936"}],"wp:attachment":[{"href":"http:\/\/dniotwarte.uwb.edu.pl\/index.php?rest_route=%2Fwp%2Fv2%2Fmedia&parent=181"}],"wp:term":[{"taxonomy":"category","embeddable":true,"href":"http:\/\/dniotwarte.uwb.edu.pl\/index.php?rest_route=%2Fwp%2Fv2%2Fcategories&post=181"},{"taxonomy":"post_tag","embeddable":true,"href":"http:\/\/dniotwarte.uwb.edu.pl\/index.php?rest_route=%2Fwp%2Fv2%2Ftags&post=181"}],"curies":[{"name":"wp","href":"https:\/\/api.w.org\/{rel}","templated":true}]}}