{"id":1943,"date":"2020-03-06T22:12:23","date_gmt":"2020-03-06T21:12:23","guid":{"rendered":"http:\/\/dniotwarte.uwb.edu.pl\/?page_id=1943"},"modified":"2023-03-15T13:05:47","modified_gmt":"2023-03-15T12:05:47","slug":"warsztaty","status":"publish","type":"page","link":"http:\/\/dniotwarte.uwb.edu.pl\/?page_id=1943","title":{"rendered":"Instytut Informatyki &#8211; Warsztaty"},"content":{"rendered":"<p><strong>Fraktale w naturze<\/strong><\/p>\n<p>Dr Agnieszka Goli\u0144ska<\/p>\n<p><strong>Forma:<\/strong> warsztaty\/laboratorium komputerowe<\/p>\n<p>Spotkanie ma na celu przybli\u017cenie podstaw teorii chaosu i fraktali, poszukiwanie fraktali w naturze i przedstawienie ich zastosowania np. w medycynie (badanie zmienno\u015bci rytmu serca). Zaj\u0119cia zostan\u0105 przeprowadzone z aktywnym udzia\u0142em uczestnik\u00f3w.<\/p>\n<p><strong>Miejsce:<\/strong> sala 2043<\/p>\n<p><strong>Liczba uczestnik\u00f3w:<\/strong>&nbsp; 12 (konieczna wcze\u015bniejsza mailowa rezerwacja terminu: <a href=\"mailto:a.golinska@uwb.edu.pl\">a.golinska@uwb.edu.pl<\/a>)<\/p>\n<p><strong>Czas Trwania:<\/strong> 45 min<\/p>\n<p><strong>Terminy: <\/strong>23 marca 2023 (czwartek), 9:00 oraz 10:00<strong><br \/>\n<\/strong><\/p>\n<hr>\n<p><strong>Odkryj to, co zakodowane<\/strong><\/p>\n<p>Mgr Barbara \u0141upi\u0144ska<\/p>\n<p><strong>Forma:<\/strong> warsztaty<\/p>\n<p>Kryptografia to praktyka zabezpieczania komunikacji za pomoc\u0105 r\u00f3\u017cnych technik. Wyk\u0142ad przyjmuje form\u0119 warsztatu, kt\u00f3ry \u0142\u0105czy teorie wraz z praktyk\u0105. Uczniowie zapoznaj\u0105 si\u0119 z wybranymi metodami szyfrowania i odszyfrowania informacji. Naucz\u0105 si\u0119 prostej kryptoanalizy. Bazowa wiedza zdobyta podczas wyk\u0142adu mo\u017ce przyczyni\u0107 si\u0119 w przysz\u0142o\u015bci do rozwoju zainteresowa\u0144 w kierunku tajnik\u00f3w kryptologii.<br \/>\n<br \/>\nZaj\u0119cia s\u0105 przeznaczone dla uczni\u00f3w szk\u00f3\u0142 podstawowych oraz I-II klasy szko\u0142y ponadpodstawowej. <\/p>\n<p><strong>Miejsce:<\/strong> sala 2002<\/p>\n<p><strong>Liczba uczestnik\u00f3w:<\/strong>&nbsp; 30 (konieczna wcze\u015bniejsza mailowa rezerwacja terminu: <a href=\"mailto:b.lupinska@uwb.edu.pl\">b.lupinska@uwb.edu.pl<\/a>)<\/p>\n<p><strong>Czas Trwania:<\/strong> 45 min<\/p>\n<p><strong>Terminy: <\/strong>23 marca 2023 (czwartek), 11:00 oraz 12:00, 24 marca 2023 (pi\u0105tek), 11:00 oraz 12:00<strong><br \/>\n<\/strong><\/p>\n","protected":false},"excerpt":{"rendered":"<p>Fraktale w naturze Dr Agnieszka Goli\u0144ska Forma: warsztaty\/laboratorium komputerowe Spotkanie ma na celu przybli\u017cenie podstaw teorii chaosu i fraktali, poszukiwanie fraktali w naturze i przedstawienie ich zastosowania np. w medycynie (badanie zmienno\u015bci rytmu serca). Zaj\u0119cia zostan\u0105 przeprowadzone z aktywnym udzia\u0142em uczestnik\u00f3w. Miejsce: sala 2043 Liczba uczestnik\u00f3w:&nbsp; 12 (konieczna wcze\u015bniejsza mailowa rezerwacja terminu: a.golinska@uwb.edu.pl) Czas Trwania: &hellip; <\/p>\n<p class=\"link-more\"><a href=\"http:\/\/dniotwarte.uwb.edu.pl\/?page_id=1943\" class=\"more-link\">Czytaj dalej<span class=\"screen-reader-text\"> \u201eInstytut Informatyki &#8211; Warsztaty\u201d<\/span><\/a><\/p>\n","protected":false},"author":5,"featured_media":0,"parent":0,"menu_order":0,"comment_status":"closed","ping_status":"closed","template":"","meta":{"ngg_post_thumbnail":0,"jetpack_post_was_ever_published":false,"footnotes":""},"categories":[],"tags":[],"class_list":["post-1943","page","type-page","status-publish","hentry"],"jetpack_sharing_enabled":true,"jetpack_shortlink":"https:\/\/wp.me\/P9I97i-vl","jetpack_likes_enabled":true,"jetpack-related-posts":[],"_links":{"self":[{"href":"http:\/\/dniotwarte.uwb.edu.pl\/index.php?rest_route=\/wp\/v2\/pages\/1943","targetHints":{"allow":["GET"]}}],"collection":[{"href":"http:\/\/dniotwarte.uwb.edu.pl\/index.php?rest_route=\/wp\/v2\/pages"}],"about":[{"href":"http:\/\/dniotwarte.uwb.edu.pl\/index.php?rest_route=\/wp\/v2\/types\/page"}],"author":[{"embeddable":true,"href":"http:\/\/dniotwarte.uwb.edu.pl\/index.php?rest_route=\/wp\/v2\/users\/5"}],"replies":[{"embeddable":true,"href":"http:\/\/dniotwarte.uwb.edu.pl\/index.php?rest_route=%2Fwp%2Fv2%2Fcomments&post=1943"}],"version-history":[{"count":10,"href":"http:\/\/dniotwarte.uwb.edu.pl\/index.php?rest_route=\/wp\/v2\/pages\/1943\/revisions"}],"predecessor-version":[{"id":3244,"href":"http:\/\/dniotwarte.uwb.edu.pl\/index.php?rest_route=\/wp\/v2\/pages\/1943\/revisions\/3244"}],"wp:attachment":[{"href":"http:\/\/dniotwarte.uwb.edu.pl\/index.php?rest_route=%2Fwp%2Fv2%2Fmedia&parent=1943"}],"wp:term":[{"taxonomy":"category","embeddable":true,"href":"http:\/\/dniotwarte.uwb.edu.pl\/index.php?rest_route=%2Fwp%2Fv2%2Fcategories&post=1943"},{"taxonomy":"post_tag","embeddable":true,"href":"http:\/\/dniotwarte.uwb.edu.pl\/index.php?rest_route=%2Fwp%2Fv2%2Ftags&post=1943"}],"curies":[{"name":"wp","href":"https:\/\/api.w.org\/{rel}","templated":true}]}}