{"id":2110,"date":"2021-03-18T13:25:25","date_gmt":"2021-03-18T12:25:25","guid":{"rendered":"http:\/\/dniotwarte.uwb.edu.pl\/?page_id=2110"},"modified":"2024-02-29T19:07:00","modified_gmt":"2024-02-29T18:07:00","slug":"aktualnosci","status":"publish","type":"page","link":"http:\/\/dniotwarte.uwb.edu.pl\/?page_id=2110","title":{"rendered":"Planetarium"},"content":{"rendered":"<div class=\"em em-view-container\" id=\"em-view-1266565957\" data-view=\"list\">\r\n\t<div class=\"em pixelbones em-list em-events-list\" id=\"em-events-list-1266565957\" data-view-id=\"1266565957\">\r\n\t<table class=\"events-table\" >\r\n    <thead>\r\n        <tr>\r\n\t\t\t<th class=\"event-date\" scope=\"col\">Data<\/th>\r\n\t\t\t<th class=\"event-time\" scope=\"col\">Godzina<\/th>\r\n\t\t\t<th class=\"event-description\" scope=\"col\">Wydarzenie<\/th>\r\n\t\t<\/tr>\r\n   \t<\/thead>\r\n    <tbody><tr>\r\n\t\t\t<td width=\"9%\">\r\n                pi\u0105tek 15-03-2024  \r\n\t\t\t<\/td><td width=\"15%\"style=\"background-color:lightgrey;\">\r\n                09:00 - 09:45\r\n            <\/td>\r\n            <td>\r\n                <a href=\"http:\/\/dniotwarte.uwb.edu.pl\/?event=seans-w-planetarium-explore-3d-6\">\u201eNA SKRZYD\u0141ACH MARZE\u0143 3D\u201d<\/a>\r\n                <br\/><i>Planetarium i Obserwatorium UwB, Bia\u0142ystok <\/i>\r\n<span style=\"color: #ff0000;\"><strong>BRAK MIEJSC<\/strong><\/span> \r\n            <\/td>\r\n        <\/tr>\r\n<tr style =\"font-size: 4px;\">\r\n<td bgcolor=\"#559F77\" >\u00a0<\/td><td bgcolor=\"#559F77\">\u00a0<\/td><td bgcolor=\"#559F77\">\u00a0<\/td>\r\n<\/tr><tr>\r\n\t\t\t<td width=\"9%\">\r\n                pi\u0105tek 15-03-2024  \r\n\t\t\t<\/td><td width=\"15%\"style=\"background-color:lightgrey;\">\r\n                10:00 - 10:30\r\n            <\/td>\r\n            <td>\r\n                <a href=\"http:\/\/dniotwarte.uwb.edu.pl\/?event=seans-w-planetarium-explore-3d-2\">Seans w Planetarium \u201eEXPLORE \u2013 3D\u201d<\/a>\r\n                <br\/><i>Planetarium i Obserwatorium UwB, Bia\u0142ystok <\/i>\r\n<span style=\"color: #ff0000;\"><strong>BRAK MIEJSC<\/strong><\/span> \r\n            <\/td>\r\n        <\/tr>\r\n<tr style =\"font-size: 4px;\">\r\n<td bgcolor=\"#559F77\" >\u00a0<\/td><td bgcolor=\"#559F77\">\u00a0<\/td><td bgcolor=\"#559F77\">\u00a0<\/td>\r\n<\/tr><tr>\r\n\t\t\t<td width=\"9%\">\r\n                pi\u0105tek 15-03-2024  \r\n\t\t\t<\/td><td width=\"15%\"style=\"background-color:lightgrey;\">\r\n                11:00 - 11:30\r\n            <\/td>\r\n            <td>\r\n                <a href=\"http:\/\/dniotwarte.uwb.edu.pl\/?event=seans-w-planetarium-explore-3d-3\">Seans w Planetarium \u201eEXPLORE \u2013 3D\u201d<\/a>\r\n                <br\/><i>Planetarium i Obserwatorium UwB, Bia\u0142ystok <\/i>\r\n<span style=\"color: #ff0000;\"><strong>BRAK MIEJSC<\/strong><\/span> \r\n            <\/td>\r\n        <\/tr>\r\n<tr style =\"font-size: 4px;\">\r\n<td bgcolor=\"#559F77\" >\u00a0<\/td><td bgcolor=\"#559F77\">\u00a0<\/td><td bgcolor=\"#559F77\">\u00a0<\/td>\r\n<\/tr><tr>\r\n\t\t\t<td width=\"9%\">\r\n                pi\u0105tek 15-03-2024  \r\n\t\t\t<\/td><td width=\"15%\"style=\"background-color:lightgrey;\">\r\n                12:00 - 12:30\r\n            <\/td>\r\n            <td>\r\n                <a href=\"http:\/\/dniotwarte.uwb.edu.pl\/?event=seans-w-planetarium-explore-3d-4\">Seans w Planetarium \u201eEXPLORE \u2013 3D\u201d<\/a>\r\n                <br\/><i>Planetarium i Obserwatorium UwB, Bia\u0142ystok <\/i>\r\n\r\n            <\/td>\r\n        <\/tr>\r\n<tr style =\"font-size: 4px;\">\r\n<td bgcolor=\"#559F77\" >\u00a0<\/td><td bgcolor=\"#559F77\">\u00a0<\/td><td bgcolor=\"#559F77\">\u00a0<\/td>\r\n<\/tr><tr>\r\n\t\t\t<td width=\"9%\">\r\n                pi\u0105tek 15-03-2024  \r\n\t\t\t<\/td><td width=\"15%\"style=\"background-color:lightgrey;\">\r\n                13:00 - 13:45\r\n            <\/td>\r\n            <td>\r\n                <a href=\"http:\/\/dniotwarte.uwb.edu.pl\/?event=seans-w-planetarium-explore-3d-5\">Podr\u00f3\u017c w kosmos z dr hab. Markiem Niko\u0142ajukiem, prof. UwB<\/a>\r\n                <br\/><i>Planetarium i Obserwatorium UwB, Bia\u0142ystok <\/i>\r\n\r\n            <\/td>\r\n        <\/tr>\r\n<tr style =\"font-size: 4px;\">\r\n<td bgcolor=\"#559F77\" >\u00a0<\/td><td bgcolor=\"#559F77\">\u00a0<\/td><td bgcolor=\"#559F77\">\u00a0<\/td>\r\n<\/tr><\/tbody><\/table>\t<\/div>\r\n<\/div>\n","protected":false},"excerpt":{"rendered":"","protected":false},"author":3,"featured_media":0,"parent":0,"menu_order":0,"comment_status":"closed","ping_status":"closed","template":"","meta":{"ngg_post_thumbnail":0,"jetpack_post_was_ever_published":false,"footnotes":""},"categories":[47,17],"tags":[],"class_list":["post-2110","page","type-page","status-publish","hentry","category-aktualnosci","category-grupowanie"],"jetpack_sharing_enabled":true,"jetpack_shortlink":"https:\/\/wp.me\/P9I97i-y2","jetpack_likes_enabled":true,"jetpack-related-posts":[],"_links":{"self":[{"href":"http:\/\/dniotwarte.uwb.edu.pl\/index.php?rest_route=\/wp\/v2\/pages\/2110","targetHints":{"allow":["GET"]}}],"collection":[{"href":"http:\/\/dniotwarte.uwb.edu.pl\/index.php?rest_route=\/wp\/v2\/pages"}],"about":[{"href":"http:\/\/dniotwarte.uwb.edu.pl\/index.php?rest_route=\/wp\/v2\/types\/page"}],"author":[{"embeddable":true,"href":"http:\/\/dniotwarte.uwb.edu.pl\/index.php?rest_route=\/wp\/v2\/users\/3"}],"replies":[{"embeddable":true,"href":"http:\/\/dniotwarte.uwb.edu.pl\/index.php?rest_route=%2Fwp%2Fv2%2Fcomments&post=2110"}],"version-history":[{"count":31,"href":"http:\/\/dniotwarte.uwb.edu.pl\/index.php?rest_route=\/wp\/v2\/pages\/2110\/revisions"}],"predecessor-version":[{"id":3416,"href":"http:\/\/dniotwarte.uwb.edu.pl\/index.php?rest_route=\/wp\/v2\/pages\/2110\/revisions\/3416"}],"wp:attachment":[{"href":"http:\/\/dniotwarte.uwb.edu.pl\/index.php?rest_route=%2Fwp%2Fv2%2Fmedia&parent=2110"}],"wp:term":[{"taxonomy":"category","embeddable":true,"href":"http:\/\/dniotwarte.uwb.edu.pl\/index.php?rest_route=%2Fwp%2Fv2%2Fcategories&post=2110"},{"taxonomy":"post_tag","embeddable":true,"href":"http:\/\/dniotwarte.uwb.edu.pl\/index.php?rest_route=%2Fwp%2Fv2%2Ftags&post=2110"}],"curies":[{"name":"wp","href":"https:\/\/api.w.org\/{rel}","templated":true}]}}