{"id":224,"date":"2018-02-28T18:37:31","date_gmt":"2018-02-28T17:37:31","guid":{"rendered":"http:\/\/dniotwarte.uwb.edu.pl\/?page_id=224"},"modified":"2022-03-15T11:12:43","modified_gmt":"2022-03-15T10:12:43","slug":"dla-mediow","status":"publish","type":"page","link":"http:\/\/dniotwarte.uwb.edu.pl\/?page_id=224","title":{"rendered":"Dla medi\u00f3w"},"content":{"rendered":"<p><img data-recalc-dims=\"1\" fetchpriority=\"high\" decoding=\"async\" class=\"alignnone wp-image-2673 size-large\" src=\"https:\/\/i0.wp.com\/dniotwarte.uwb.edu.pl\/wp-content\/uploads\/2022\/03\/slajder1SzN-2022-5-1024x611.png?resize=525%2C313\" alt=\"\" width=\"525\" height=\"313\"><\/p>\n<div class=\"gmail-page-content\">\n<div class=\"gmail-wcag-font\">\n<p><strong>Na Uniwersytecie w Bia\u0142ymstoku rozpoczynaj\u0105 si\u0119 Spotkania z Nauk\u0105. <\/strong><\/p>\n<p><strong>Organizuj\u0105 je wsp\u00f3lnie wydzia\u0142y mieszcz\u0105ce si\u0119 w kampusie uczelni. B\u0119d\u0105 trwa\u0107 d\u0142u\u017cej ni\u017c zwykle, zmienia si\u0119 tak\u017ce ich forma, ale cel pozostaje ten sam: promocja nauk \u015bcis\u0142ych i przyrodniczych w\u015br\u00f3d uczni\u00f3w i wszystkich zainteresowanych. <\/strong> <strong><br \/>\n<\/strong><\/p>\n<p>&nbsp;<em>&#8211; Informacje o wydarzeniach&nbsp; b\u0119d\u0105 sukcesywnie pojawia\u0142y si\u0119 wcze\u015bniej na stronach naszych wydzia\u0142\u00f3w i instytut\u00f3w oraz stronie: <a href=\"https:\/\/dniotwarte.uwb.edu.pl\/\">https:\/\/dniotwarte.uwb.edu.pl\/<\/a>. B\u0119dziemy te\u017c informowa\u0107 o kolejnych wydarzeniach na Facebooku. Zach\u0119camy do \u015bledzenia<\/em> \u2013 dodaje prof. Agnieszka Wilczewska.<\/p>\n<\/div>\n<\/div>\n<p style=\"text-align: right;\">Serdecznie zapraszam do wsp\u00f3\u0142pracy,<\/p>\n<p>dr. hab Agnieszka Z. Wilczewska, prof. UwB<br \/>\nKoordynator Marcowych spotka\u0144 z&nbsp;nauk\u0105 w ramach Dni Otwartych na Kampusie UwB<br \/>\nUl. Cio\u0142kowskiego 1K, pok. 1084<br \/>\nTel. 608202466 lub 85&nbsp;738 80 37<br \/>\ne-mail: <a href=\"mailto:agawilczuwb@gmail.com\">agawilczuwb@gmail.com<\/a><\/p>\n","protected":false},"excerpt":{"rendered":"<p>Na Uniwersytecie w Bia\u0142ymstoku rozpoczynaj\u0105 si\u0119 Spotkania z Nauk\u0105. Organizuj\u0105 je wsp\u00f3lnie wydzia\u0142y mieszcz\u0105ce si\u0119 w kampusie uczelni. B\u0119d\u0105 trwa\u0107 d\u0142u\u017cej ni\u017c zwykle, zmienia si\u0119 tak\u017ce ich forma, ale cel pozostaje ten sam: promocja nauk \u015bcis\u0142ych i przyrodniczych w\u015br\u00f3d uczni\u00f3w i wszystkich zainteresowanych. &nbsp;&#8211; Informacje o wydarzeniach&nbsp; b\u0119d\u0105 sukcesywnie pojawia\u0142y si\u0119 wcze\u015bniej na stronach naszych &hellip; <\/p>\n<p class=\"link-more\"><a href=\"http:\/\/dniotwarte.uwb.edu.pl\/?page_id=224\" class=\"more-link\">Czytaj dalej<span class=\"screen-reader-text\"> \u201eDla medi\u00f3w\u201d<\/span><\/a><\/p>\n","protected":false},"author":1,"featured_media":0,"parent":0,"menu_order":0,"comment_status":"closed","ping_status":"closed","template":"","meta":{"ngg_post_thumbnail":0,"jetpack_post_was_ever_published":false,"footnotes":""},"categories":[],"tags":[],"class_list":["post-224","page","type-page","status-publish","hentry"],"jetpack_sharing_enabled":true,"jetpack_shortlink":"https:\/\/wp.me\/P9I97i-3C","jetpack_likes_enabled":true,"jetpack-related-posts":[],"_links":{"self":[{"href":"http:\/\/dniotwarte.uwb.edu.pl\/index.php?rest_route=\/wp\/v2\/pages\/224","targetHints":{"allow":["GET"]}}],"collection":[{"href":"http:\/\/dniotwarte.uwb.edu.pl\/index.php?rest_route=\/wp\/v2\/pages"}],"about":[{"href":"http:\/\/dniotwarte.uwb.edu.pl\/index.php?rest_route=\/wp\/v2\/types\/page"}],"author":[{"embeddable":true,"href":"http:\/\/dniotwarte.uwb.edu.pl\/index.php?rest_route=\/wp\/v2\/users\/1"}],"replies":[{"embeddable":true,"href":"http:\/\/dniotwarte.uwb.edu.pl\/index.php?rest_route=%2Fwp%2Fv2%2Fcomments&post=224"}],"version-history":[{"count":18,"href":"http:\/\/dniotwarte.uwb.edu.pl\/index.php?rest_route=\/wp\/v2\/pages\/224\/revisions"}],"predecessor-version":[{"id":2731,"href":"http:\/\/dniotwarte.uwb.edu.pl\/index.php?rest_route=\/wp\/v2\/pages\/224\/revisions\/2731"}],"wp:attachment":[{"href":"http:\/\/dniotwarte.uwb.edu.pl\/index.php?rest_route=%2Fwp%2Fv2%2Fmedia&parent=224"}],"wp:term":[{"taxonomy":"category","embeddable":true,"href":"http:\/\/dniotwarte.uwb.edu.pl\/index.php?rest_route=%2Fwp%2Fv2%2Fcategories&post=224"},{"taxonomy":"post_tag","embeddable":true,"href":"http:\/\/dniotwarte.uwb.edu.pl\/index.php?rest_route=%2Fwp%2Fv2%2Ftags&post=224"}],"curies":[{"name":"wp","href":"https:\/\/api.w.org\/{rel}","templated":true}]}}