{"id":232,"date":"2018-02-28T19:16:58","date_gmt":"2018-02-28T18:16:58","guid":{"rendered":"http:\/\/dniotwarte.uwb.edu.pl\/?page_id=232"},"modified":"2023-03-09T10:16:41","modified_gmt":"2023-03-09T09:16:41","slug":"wydzial-fizyki-wyklady-2-2","status":"publish","type":"page","link":"http:\/\/dniotwarte.uwb.edu.pl\/?page_id=232","title":{"rendered":"Wydzia\u0142 Chemii &#8211; do\u015bwiadczenia"},"content":{"rendered":"<section data-id=\"6eb1f4c\" data-element_type=\"section\"><\/section>\n<p style=\"text-align: center;\"><span style=\"color: #ff0000;\"><strong style=\"font-size: 1rem;\">Zapraszamy do zapoznania si\u0119 z materia\u0142ami, kt\u00f3re ju\u017c za nami!<\/strong><\/span><\/p>\n<div class=\"em em-view-container\" id=\"em-view-898132685\" data-view=\"list\">\r\n\t<div class=\"em pixelbones em-list em-events-list\" id=\"em-events-list-898132685\" data-view-id=\"898132685\">\r\n\t<table class=\"events-table\" >\r\n    <thead>\r\n        <tr>\r\n\t\t\t<th class=\"event-date\" scope=\"col\">Data<\/th>\r\n\t\t\t<th class=\"event-time\" scope=\"col\">Godzina<\/th>\r\n\t\t\t<th class=\"event-description\" scope=\"col\">Wydarzenie<\/th>\r\n\t\t<\/tr>\r\n   \t<\/thead>\r\n    <tbody><tr>\r\n\t\t\t<td width=\"9%\">\r\n                czwartek 18-03-2021  \r\n\t\t\t<\/td><td width=\"15%\"style=\"background-color:lightgrey;\">\r\n                Ca\u0142odniowe\r\n            <\/td>\r\n            <td>\r\n                <a href=\"http:\/\/dniotwarte.uwb.edu.pl\/?event=maseczka-nie-na-opal\">Maseczka nie na opa\u0142<\/a>\r\n                \r\n\r\n            <\/td>\r\n        <\/tr>\r\n<tr style =\"font-size: 4px;\">\r\n<td bgcolor=\"#559F77\" >\u00a0<\/td><td bgcolor=\"#559F77\">\u00a0<\/td><td bgcolor=\"#559F77\">\u00a0<\/td>\r\n<\/tr><tr>\r\n\t\t\t<td width=\"9%\">\r\n                czwartek 18-03-2021  \r\n\t\t\t<\/td><td width=\"15%\"style=\"background-color:lightgrey;\">\r\n                Ca\u0142odniowe\r\n            <\/td>\r\n            <td>\r\n                <a href=\"http:\/\/dniotwarte.uwb.edu.pl\/?event=proba-tollensa-2\">Test maseczki tr\u00f3jwarstwowej<\/a>\r\n                \r\n\r\n            <\/td>\r\n        <\/tr>\r\n<tr style =\"font-size: 4px;\">\r\n<td bgcolor=\"#559F77\" >\u00a0<\/td><td bgcolor=\"#559F77\">\u00a0<\/td><td bgcolor=\"#559F77\">\u00a0<\/td>\r\n<\/tr><tr>\r\n\t\t\t<td width=\"9%\">\r\n                pi\u0105tek 02-04-2021  \r\n\t\t\t<\/td><td width=\"15%\"style=\"background-color:lightgrey;\">\r\n                Ca\u0142odniowe\r\n            <\/td>\r\n            <td>\r\n                <a href=\"http:\/\/dniotwarte.uwb.edu.pl\/?event=eksperymenty-z-jajem-2\">Eksperymenty z jajem<\/a>\r\n                \r\n\r\n            <\/td>\r\n        <\/tr>\r\n<tr style =\"font-size: 4px;\">\r\n<td bgcolor=\"#559F77\" >\u00a0<\/td><td bgcolor=\"#559F77\">\u00a0<\/td><td bgcolor=\"#559F77\">\u00a0<\/td>\r\n<\/tr><tr>\r\n\t\t\t<td width=\"9%\">\r\n                poniedzia\u0142ek 31-05-2021  \r\n\t\t\t<\/td><td width=\"15%\"style=\"background-color:lightgrey;\">\r\n                Ca\u0142odniowe\r\n            <\/td>\r\n            <td>\r\n                <a href=\"http:\/\/dniotwarte.uwb.edu.pl\/?event=proba-fehlinga\">Pr\u00f3ba Fehlinga<\/a>\r\n                \r\n\r\n            <\/td>\r\n        <\/tr>\r\n<tr style =\"font-size: 4px;\">\r\n<td bgcolor=\"#559F77\" >\u00a0<\/td><td bgcolor=\"#559F77\">\u00a0<\/td><td bgcolor=\"#559F77\">\u00a0<\/td>\r\n<\/tr><tr>\r\n\t\t\t<td width=\"9%\">\r\n                poniedzia\u0142ek 31-05-2021  \r\n\t\t\t<\/td><td width=\"15%\"style=\"background-color:lightgrey;\">\r\n                Ca\u0142odniowe\r\n            <\/td>\r\n            <td>\r\n                <a href=\"http:\/\/dniotwarte.uwb.edu.pl\/?event=proba-trommera\">Pr\u00f3ba Trommera<\/a>\r\n                \r\n\r\n            <\/td>\r\n        <\/tr>\r\n<tr style =\"font-size: 4px;\">\r\n<td bgcolor=\"#559F77\" >\u00a0<\/td><td bgcolor=\"#559F77\">\u00a0<\/td><td bgcolor=\"#559F77\">\u00a0<\/td>\r\n<\/tr><tr>\r\n\t\t\t<td width=\"9%\">\r\n                poniedzia\u0142ek 31-05-2021  \r\n\t\t\t<\/td><td width=\"15%\"style=\"background-color:lightgrey;\">\r\n                Ca\u0142odniowe\r\n            <\/td>\r\n            <td>\r\n                <a href=\"http:\/\/dniotwarte.uwb.edu.pl\/?event=reakcja-molischa\">Reakcja Molischa<\/a>\r\n                \r\n\r\n            <\/td>\r\n        <\/tr>\r\n<tr style =\"font-size: 4px;\">\r\n<td bgcolor=\"#559F77\" >\u00a0<\/td><td bgcolor=\"#559F77\">\u00a0<\/td><td bgcolor=\"#559F77\">\u00a0<\/td>\r\n<\/tr><tr>\r\n\t\t\t<td width=\"9%\">\r\n                wtorek 01-06-2021  \r\n\t\t\t<\/td><td width=\"15%\"style=\"background-color:lightgrey;\">\r\n                Ca\u0142odniowe\r\n            <\/td>\r\n            <td>\r\n                <a href=\"http:\/\/dniotwarte.uwb.edu.pl\/?event=chemiczna-krew\">Chemiczna krew<\/a>\r\n                \r\n\r\n            <\/td>\r\n        <\/tr>\r\n<tr style =\"font-size: 4px;\">\r\n<td bgcolor=\"#559F77\" >\u00a0<\/td><td bgcolor=\"#559F77\">\u00a0<\/td><td bgcolor=\"#559F77\">\u00a0<\/td>\r\n<\/tr><tr>\r\n\t\t\t<td width=\"9%\">\r\n                wtorek 01-06-2021  \r\n\t\t\t<\/td><td width=\"15%\"style=\"background-color:lightgrey;\">\r\n                Ca\u0142odniowe\r\n            <\/td>\r\n            <td>\r\n                <a href=\"http:\/\/dniotwarte.uwb.edu.pl\/?event=manganianvii-potasu-i-weglowodory\">Manganian(VII) potasu i w\u0119glowodory<\/a>\r\n                \r\n\r\n            <\/td>\r\n        <\/tr>\r\n<tr style =\"font-size: 4px;\">\r\n<td bgcolor=\"#559F77\" >\u00a0<\/td><td bgcolor=\"#559F77\">\u00a0<\/td><td bgcolor=\"#559F77\">\u00a0<\/td>\r\n<\/tr><tr>\r\n\t\t\t<td width=\"9%\">\r\n                wtorek 01-06-2021  \r\n\t\t\t<\/td><td width=\"15%\"style=\"background-color:lightgrey;\">\r\n                Ca\u0142odniowe\r\n            <\/td>\r\n            <td>\r\n                <a href=\"http:\/\/dniotwarte.uwb.edu.pl\/?event=mrozona-wiazanka\">Mro\u017cona wi\u0105zanka<\/a>\r\n                \r\n\r\n            <\/td>\r\n        <\/tr>\r\n<tr style =\"font-size: 4px;\">\r\n<td bgcolor=\"#559F77\" >\u00a0<\/td><td bgcolor=\"#559F77\">\u00a0<\/td><td bgcolor=\"#559F77\">\u00a0<\/td>\r\n<\/tr><tr>\r\n\t\t\t<td width=\"9%\">\r\n                wtorek 01-06-2021  \r\n\t\t\t<\/td><td width=\"15%\"style=\"background-color:lightgrey;\">\r\n                Ca\u0142odniowe\r\n            <\/td>\r\n            <td>\r\n                <a href=\"http:\/\/dniotwarte.uwb.edu.pl\/?event=rzedowosc-alkoholi\">Rz\u0119dowo\u015b\u0107 alkoholi<\/a>\r\n                \r\n\r\n            <\/td>\r\n        <\/tr>\r\n<tr style =\"font-size: 4px;\">\r\n<td bgcolor=\"#559F77\" >\u00a0<\/td><td bgcolor=\"#559F77\">\u00a0<\/td><td bgcolor=\"#559F77\">\u00a0<\/td>\r\n<\/tr><tr>\r\n\t\t\t<td width=\"9%\">\r\n                wtorek 01-06-2021  \r\n\t\t\t<\/td><td width=\"15%\"style=\"background-color:lightgrey;\">\r\n                Ca\u0142odniowe\r\n            <\/td>\r\n            <td>\r\n                <a href=\"http:\/\/dniotwarte.uwb.edu.pl\/?event=tajemniczy-azot\">Tajemniczy azot<\/a>\r\n                \r\n\r\n            <\/td>\r\n        <\/tr>\r\n<tr style =\"font-size: 4px;\">\r\n<td bgcolor=\"#559F77\" >\u00a0<\/td><td bgcolor=\"#559F77\">\u00a0<\/td><td bgcolor=\"#559F77\">\u00a0<\/td>\r\n<\/tr><tr>\r\n\t\t\t<td width=\"9%\">\r\n                wtorek 01-06-2021  \r\n\t\t\t<\/td><td width=\"15%\"style=\"background-color:lightgrey;\">\r\n                Ca\u0142odniowe\r\n            <\/td>\r\n            <td>\r\n                <a href=\"http:\/\/dniotwarte.uwb.edu.pl\/?event=wlasciwosci-gazow\">W\u0142a\u015bciwo\u015bci gaz\u00f3w<\/a>\r\n                \r\n\r\n            <\/td>\r\n        <\/tr>\r\n<tr style =\"font-size: 4px;\">\r\n<td bgcolor=\"#559F77\" >\u00a0<\/td><td bgcolor=\"#559F77\">\u00a0<\/td><td bgcolor=\"#559F77\">\u00a0<\/td>\r\n<\/tr><tr>\r\n\t\t\t<td width=\"9%\">\r\n                wtorek 01-06-2021  \r\n\t\t\t<\/td><td width=\"15%\"style=\"background-color:lightgrey;\">\r\n                Ca\u0142odniowe\r\n            <\/td>\r\n            <td>\r\n                <a href=\"http:\/\/dniotwarte.uwb.edu.pl\/?event=wykrywanie-pierscien-aromatycznego\">Wykrywanie pier\u015bcie\u0144 aromatycznego<\/a>\r\n                \r\n\r\n            <\/td>\r\n        <\/tr>\r\n<tr style =\"font-size: 4px;\">\r\n<td bgcolor=\"#559F77\" >\u00a0<\/td><td bgcolor=\"#559F77\">\u00a0<\/td><td bgcolor=\"#559F77\">\u00a0<\/td>\r\n<\/tr><tr>\r\n\t\t\t<td width=\"9%\">\r\n                wtorek 01-06-2021  \r\n\t\t\t<\/td><td width=\"15%\"style=\"background-color:lightgrey;\">\r\n                Ca\u0142odniowe\r\n            <\/td>\r\n            <td>\r\n                <a href=\"http:\/\/dniotwarte.uwb.edu.pl\/?event=proba-tollensa\">Wykrywanie uk\u0142ad\u00f3w 1,2-diolowych<\/a>\r\n                \r\n\r\n            <\/td>\r\n        <\/tr>\r\n<tr style =\"font-size: 4px;\">\r\n<td bgcolor=\"#559F77\" >\u00a0<\/td><td bgcolor=\"#559F77\">\u00a0<\/td><td bgcolor=\"#559F77\">\u00a0<\/td>\r\n<\/tr><tr>\r\n\t\t\t<td width=\"9%\">\r\n                wtorek 01-06-2021  \r\n\t\t\t<\/td><td width=\"15%\"style=\"background-color:lightgrey;\">\r\n                Ca\u0142odniowe\r\n            <\/td>\r\n            <td>\r\n                <a href=\"http:\/\/dniotwarte.uwb.edu.pl\/?event=wykrywanie-wiazania-podwojnego\">Wykrywanie wi\u0105zania podw\u00f3jnego<\/a>\r\n                \r\n\r\n            <\/td>\r\n        <\/tr>\r\n<tr style =\"font-size: 4px;\">\r\n<td bgcolor=\"#559F77\" >\u00a0<\/td><td bgcolor=\"#559F77\">\u00a0<\/td><td bgcolor=\"#559F77\">\u00a0<\/td>\r\n<\/tr><\/tbody><\/table>\t<\/div>\r\n<\/div>\n","protected":false},"excerpt":{"rendered":"<p>Zapraszamy do zapoznania si\u0119 z materia\u0142ami, kt\u00f3re ju\u017c za nami!<\/p>\n","protected":false},"author":1,"featured_media":0,"parent":0,"menu_order":0,"comment_status":"closed","ping_status":"closed","template":"","meta":{"ngg_post_thumbnail":0,"jetpack_post_was_ever_published":false,"footnotes":""},"categories":[17],"tags":[],"class_list":["post-232","page","type-page","status-publish","hentry","category-grupowanie"],"jetpack_sharing_enabled":true,"jetpack_shortlink":"https:\/\/wp.me\/P9I97i-3K","jetpack_likes_enabled":true,"jetpack-related-posts":[],"_links":{"self":[{"href":"http:\/\/dniotwarte.uwb.edu.pl\/index.php?rest_route=\/wp\/v2\/pages\/232","targetHints":{"allow":["GET"]}}],"collection":[{"href":"http:\/\/dniotwarte.uwb.edu.pl\/index.php?rest_route=\/wp\/v2\/pages"}],"about":[{"href":"http:\/\/dniotwarte.uwb.edu.pl\/index.php?rest_route=\/wp\/v2\/types\/page"}],"author":[{"embeddable":true,"href":"http:\/\/dniotwarte.uwb.edu.pl\/index.php?rest_route=\/wp\/v2\/users\/1"}],"replies":[{"embeddable":true,"href":"http:\/\/dniotwarte.uwb.edu.pl\/index.php?rest_route=%2Fwp%2Fv2%2Fcomments&post=232"}],"version-history":[{"count":27,"href":"http:\/\/dniotwarte.uwb.edu.pl\/index.php?rest_route=\/wp\/v2\/pages\/232\/revisions"}],"predecessor-version":[{"id":2969,"href":"http:\/\/dniotwarte.uwb.edu.pl\/index.php?rest_route=\/wp\/v2\/pages\/232\/revisions\/2969"}],"wp:attachment":[{"href":"http:\/\/dniotwarte.uwb.edu.pl\/index.php?rest_route=%2Fwp%2Fv2%2Fmedia&parent=232"}],"wp:term":[{"taxonomy":"category","embeddable":true,"href":"http:\/\/dniotwarte.uwb.edu.pl\/index.php?rest_route=%2Fwp%2Fv2%2Fcategories&post=232"},{"taxonomy":"post_tag","embeddable":true,"href":"http:\/\/dniotwarte.uwb.edu.pl\/index.php?rest_route=%2Fwp%2Fv2%2Ftags&post=232"}],"curies":[{"name":"wp","href":"https:\/\/api.w.org\/{rel}","templated":true}]}}