{"id":241,"date":"2018-02-28T19:20:37","date_gmt":"2018-02-28T18:20:37","guid":{"rendered":"http:\/\/dniotwarte.uwb.edu.pl\/?page_id=241"},"modified":"2025-02-28T15:30:59","modified_gmt":"2025-02-28T14:30:59","slug":"wydarzenia-na-wydziale-fizyki-3","status":"publish","type":"page","link":"http:\/\/dniotwarte.uwb.edu.pl\/?page_id=241","title":{"rendered":"Wydzia\u0142 Chemii"},"content":{"rendered":"<h5 style=\"text-align: center;\"><span style=\"font-family: 'courier new', courier, monospace; font-size: 18pt;\"><strong><span style=\"color: #0000ff;\">Witamy na Wydziale Chemii!!!<\/span><\/strong><\/span><\/h5>\n<p style=\"text-align: center;\"><strong>Ka\u017cdy uczestnik\/opiekun ma obowi\u0105zek zapozna\u0107 si\u0119 z<a href=\"http:\/\/dniotwarte.uwb.edu.pl\/wp-content\/uploads\/2025\/02\/regulamin_pokazow_i_warsztatow_laboratoryjnych_na_wydziale_chemii_uwb.pdf\"> REGULAMINEM POKAZ\u00d3W I WARSZTAT\u00d3W LABORATORYJNYCH ORGANIZOWANYCH NA WYDZIALE CHEMII UwB.<\/a><\/strong><\/p>\n<p>&nbsp;<\/p>\n<p><a href=\"https:\/\/chemia.uwb.edu.pl\/\"><img data-recalc-dims=\"1\" fetchpriority=\"high\" decoding=\"async\" data-attachment-id=\"3619\" data-permalink=\"http:\/\/dniotwarte.uwb.edu.pl\/?attachment_id=3619\" data-orig-file=\"https:\/\/i0.wp.com\/dniotwarte.uwb.edu.pl\/wp-content\/uploads\/2024\/03\/WCh_czekoladowe-litery_biale-tlo.png?fit=3950%2C2459\" data-orig-size=\"3950,2459\" data-comments-opened=\"0\" data-image-meta=\"{&quot;aperture&quot;:&quot;0&quot;,&quot;credit&quot;:&quot;&quot;,&quot;camera&quot;:&quot;&quot;,&quot;caption&quot;:&quot;&quot;,&quot;created_timestamp&quot;:&quot;0&quot;,&quot;copyright&quot;:&quot;&quot;,&quot;focal_length&quot;:&quot;0&quot;,&quot;iso&quot;:&quot;0&quot;,&quot;shutter_speed&quot;:&quot;0&quot;,&quot;title&quot;:&quot;&quot;,&quot;orientation&quot;:&quot;0&quot;}\" data-image-title=\"WCh_czekoladowe litery_biale tlo\" data-image-description=\"\" data-image-caption=\"\" data-medium-file=\"https:\/\/i0.wp.com\/dniotwarte.uwb.edu.pl\/wp-content\/uploads\/2024\/03\/WCh_czekoladowe-litery_biale-tlo.png?fit=300%2C187\" data-large-file=\"https:\/\/i0.wp.com\/dniotwarte.uwb.edu.pl\/wp-content\/uploads\/2024\/03\/WCh_czekoladowe-litery_biale-tlo.png?fit=525%2C327\" class=\"aligncenter wp-image-3619\" src=\"https:\/\/i0.wp.com\/dniotwarte.uwb.edu.pl\/wp-content\/uploads\/2024\/03\/WCh_czekoladowe-litery_biale-tlo.png?resize=394%2C245\" alt=\"\" width=\"394\" height=\"245\" srcset=\"https:\/\/i0.wp.com\/dniotwarte.uwb.edu.pl\/wp-content\/uploads\/2024\/03\/WCh_czekoladowe-litery_biale-tlo.png?w=3950 3950w, https:\/\/i0.wp.com\/dniotwarte.uwb.edu.pl\/wp-content\/uploads\/2024\/03\/WCh_czekoladowe-litery_biale-tlo.png?resize=300%2C187 300w, https:\/\/i0.wp.com\/dniotwarte.uwb.edu.pl\/wp-content\/uploads\/2024\/03\/WCh_czekoladowe-litery_biale-tlo.png?resize=1024%2C637 1024w, https:\/\/i0.wp.com\/dniotwarte.uwb.edu.pl\/wp-content\/uploads\/2024\/03\/WCh_czekoladowe-litery_biale-tlo.png?resize=768%2C478 768w, https:\/\/i0.wp.com\/dniotwarte.uwb.edu.pl\/wp-content\/uploads\/2024\/03\/WCh_czekoladowe-litery_biale-tlo.png?resize=1536%2C956 1536w, https:\/\/i0.wp.com\/dniotwarte.uwb.edu.pl\/wp-content\/uploads\/2024\/03\/WCh_czekoladowe-litery_biale-tlo.png?resize=2048%2C1275 2048w, https:\/\/i0.wp.com\/dniotwarte.uwb.edu.pl\/wp-content\/uploads\/2024\/03\/WCh_czekoladowe-litery_biale-tlo.png?resize=128%2C80 128w, https:\/\/i0.wp.com\/dniotwarte.uwb.edu.pl\/wp-content\/uploads\/2024\/03\/WCh_czekoladowe-litery_biale-tlo.png?resize=32%2C20 32w\" sizes=\"(max-width: 394px) 100vw, 394px\" \/><\/a><\/p>\n<p>&nbsp;<\/p>\n<p style=\"text-align: center;\"><strong><span style=\"color: #ff0000; font-size: 18pt;\">Rejestracja od 3 marca 2025&nbsp;<\/span><\/strong><\/p>\n<p style=\"text-align: center;\"><strong><span style=\"color: #ff0000; font-size: 18pt;\">Poniedzia\u0142ek \u2013 Pi\u0105tek w godz. 8-14, <\/span><\/strong><\/p>\n<p style=\"text-align: center;\"><strong><span style=\"color: #ff0000; font-size: 18pt;\">tel. <\/span><\/strong><strong style=\"font-size: 1rem;\"><span style=\"color: #ff0000; font-size: 18pt;\">85 738-80-95 lub 85 738-80-96<\/span><\/strong><\/p>\n<p style=\"text-align: center;\"><strong><span style=\"color: #993366;\"><a style=\"color: #993366;\" href=\"http:\/\/dniotwarte.uwb.edu.pl\/wp-content\/uploads\/2025\/02\/Harmonogram-SzN-2025-Piatek-14-marca-Chemia.pdf\">Harmonogram Pi\u0105tek 14 marca 2025<\/a><\/span><\/strong><\/p>\n<p style=\"text-align: center;\"><strong><a href=\"http:\/\/dniotwarte.uwb.edu.pl\/wp-content\/uploads\/2025\/02\/Harmonogram-SzN-2025-Sobota-15-marca-Chemia.pdf\">Harmonogram Sobota 15 marca 2025<\/a><\/strong><\/p>\n<a href=\"http:\/\/dniotwarte.uwb.edu.pl\/wp-content\/uploads\/2025\/02\/Harmonogram-SzN-2025-Piatek-14-marca-Chemia.pdf\" class=\"pdfemb-viewer\" style=\"\" data-width=\"max\" data-height=\"max\" data-toolbar=\"bottom\" data-toolbar-fixed=\"off\">Harmonogram SzN 2025 Piatek 14 marca Chemia<\/a>\n<a href=\"http:\/\/dniotwarte.uwb.edu.pl\/wp-content\/uploads\/2025\/02\/Harmonogram-SzN-2025-Sobota-15-marca-Chemia.pdf\" class=\"pdfemb-viewer\" style=\"\" data-width=\"max\" data-height=\"max\" data-toolbar=\"bottom\" data-toolbar-fixed=\"off\">Harmonogram SzN 2025 Sobota 15 marca Chemia<\/a>\n<p>&nbsp;<\/p>\n","protected":false},"excerpt":{"rendered":"<p>Witamy na Wydziale Chemii!!! Ka\u017cdy uczestnik\/opiekun ma obowi\u0105zek zapozna\u0107 si\u0119 z REGULAMINEM POKAZ\u00d3W I WARSZTAT\u00d3W LABORATORYJNYCH ORGANIZOWANYCH NA WYDZIALE CHEMII UwB. &nbsp; &nbsp; Rejestracja od 3 marca 2025&nbsp; Poniedzia\u0142ek \u2013 Pi\u0105tek w godz. 8-14, tel. 85 738-80-95 lub 85 738-80-96 Harmonogram Pi\u0105tek 14 marca 2025 Harmonogram Sobota 15 marca 2025 &nbsp;<\/p>\n","protected":false},"author":1,"featured_media":0,"parent":0,"menu_order":0,"comment_status":"closed","ping_status":"closed","template":"","meta":{"ngg_post_thumbnail":0,"jetpack_post_was_ever_published":false,"footnotes":""},"categories":[17],"tags":[],"class_list":["post-241","page","type-page","status-publish","hentry","category-grupowanie"],"jetpack_sharing_enabled":true,"jetpack_shortlink":"https:\/\/wp.me\/P9I97i-3T","jetpack_likes_enabled":true,"jetpack-related-posts":[],"_links":{"self":[{"href":"http:\/\/dniotwarte.uwb.edu.pl\/index.php?rest_route=\/wp\/v2\/pages\/241","targetHints":{"allow":["GET"]}}],"collection":[{"href":"http:\/\/dniotwarte.uwb.edu.pl\/index.php?rest_route=\/wp\/v2\/pages"}],"about":[{"href":"http:\/\/dniotwarte.uwb.edu.pl\/index.php?rest_route=\/wp\/v2\/types\/page"}],"author":[{"embeddable":true,"href":"http:\/\/dniotwarte.uwb.edu.pl\/index.php?rest_route=\/wp\/v2\/users\/1"}],"replies":[{"embeddable":true,"href":"http:\/\/dniotwarte.uwb.edu.pl\/index.php?rest_route=%2Fwp%2Fv2%2Fcomments&post=241"}],"version-history":[{"count":48,"href":"http:\/\/dniotwarte.uwb.edu.pl\/index.php?rest_route=\/wp\/v2\/pages\/241\/revisions"}],"predecessor-version":[{"id":3895,"href":"http:\/\/dniotwarte.uwb.edu.pl\/index.php?rest_route=\/wp\/v2\/pages\/241\/revisions\/3895"}],"wp:attachment":[{"href":"http:\/\/dniotwarte.uwb.edu.pl\/index.php?rest_route=%2Fwp%2Fv2%2Fmedia&parent=241"}],"wp:term":[{"taxonomy":"category","embeddable":true,"href":"http:\/\/dniotwarte.uwb.edu.pl\/index.php?rest_route=%2Fwp%2Fv2%2Fcategories&post=241"},{"taxonomy":"post_tag","embeddable":true,"href":"http:\/\/dniotwarte.uwb.edu.pl\/index.php?rest_route=%2Fwp%2Fv2%2Ftags&post=241"}],"curies":[{"name":"wp","href":"https:\/\/api.w.org\/{rel}","templated":true}]}}