{"id":2613,"date":"2022-03-07T10:54:39","date_gmt":"2022-03-07T09:54:39","guid":{"rendered":"http:\/\/dniotwarte.uwb.edu.pl\/?page_id=2613"},"modified":"2023-03-09T11:18:47","modified_gmt":"2023-03-09T10:18:47","slug":"rejestracja","status":"publish","type":"page","link":"http:\/\/dniotwarte.uwb.edu.pl\/?page_id=2613","title":{"rendered":"Rejestracja"},"content":{"rendered":"<p><strong><span style=\"font-size: 18pt;\"><a href=\"http:\/\/dniotwarte.uwb.edu.pl\/wp-content\/uploads\/2023\/03\/Harmonogram-wydarzen-na-Wydziale-Chemii-1.pdf\">Harmonogram wydarze\u0144 na Wydziale Chemii<\/a><\/span><\/strong><\/p>\n<p><strong>Rejestracja: <\/strong>Poniedzia\u0142ek &#8211; Pi\u0105tek w godz. 8-14, tel. 85 738-80-95<\/p>\n<div class=\"em em-view-container\" id=\"em-view-296919320\" data-view=\"list\">\r\n\t<div class=\"em pixelbones em-list em-events-list\" id=\"em-events-list-296919320\" data-view-id=\"296919320\">\r\n\t<table class=\"events-table\" >\r\n    <thead>\r\n        <tr>\r\n\t\t\t<th class=\"event-date\" scope=\"col\">Data<\/th>\r\n\t\t\t<th class=\"event-time\" scope=\"col\">Godzina<\/th>\r\n\t\t\t<th class=\"event-description\" scope=\"col\">Wydarzenie<\/th>\r\n\t\t<\/tr>\r\n   \t<\/thead>\r\n    <tbody><tr>\r\n\t\t\t<td width=\"9%\">\r\n                czwartek 23-03-2023  \r\n\t\t\t<\/td><td width=\"15%\"style=\"background-color:lightgrey;\">\r\n                09:00 - 09:30\r\n            <\/td>\r\n            <td>\r\n                <a href=\"http:\/\/dniotwarte.uwb.edu.pl\/?event=uniwersyteckie-centrum-przyrodnicze-im-prof-andrzeja-myrchy\">Uniwersyteckie Centrum Przyrodnicze im. Prof. Andrzeja Myrchy<\/a>\r\n                \r\n<span style=\"color: #ff0000;\"><strong>BRAK MIEJSC<\/strong><\/span> \r\n            <\/td>\r\n        <\/tr>\r\n<tr style =\"font-size: 4px;\">\r\n<td bgcolor=\"#559F77\" >\u00a0<\/td><td bgcolor=\"#559F77\">\u00a0<\/td><td bgcolor=\"#559F77\">\u00a0<\/td>\r\n<\/tr><tr>\r\n\t\t\t<td width=\"9%\">\r\n                czwartek 23-03-2023  \r\n\t\t\t<\/td><td width=\"15%\"style=\"background-color:lightgrey;\">\r\n                10:00 - 10:30\r\n            <\/td>\r\n            <td>\r\n                <a href=\"http:\/\/dniotwarte.uwb.edu.pl\/?event=tajemnice-kampusu-9\">Tajemnice kampusu<\/a>\r\n                <br\/><i>Wydzia\u0142 Chemii, Uniwersytet w Bia\u0142ymstoku, Bia\u0142ystok <\/i>\r\n\r\n            <\/td>\r\n        <\/tr>\r\n<tr style =\"font-size: 4px;\">\r\n<td bgcolor=\"#559F77\" >\u00a0<\/td><td bgcolor=\"#559F77\">\u00a0<\/td><td bgcolor=\"#559F77\">\u00a0<\/td>\r\n<\/tr><tr>\r\n\t\t\t<td width=\"9%\">\r\n                czwartek 23-03-2023  \r\n\t\t\t<\/td><td width=\"15%\"style=\"background-color:lightgrey;\">\r\n                11:00 - 11:30\r\n            <\/td>\r\n            <td>\r\n                <a href=\"http:\/\/dniotwarte.uwb.edu.pl\/?event=tajemnice-kampusu-20\">Tajemnice kampusu<\/a>\r\n                <br\/><i>Wydzia\u0142 Chemii, Uniwersytet w Bia\u0142ymstoku, Bia\u0142ystok <\/i>\r\n\r\n            <\/td>\r\n        <\/tr>\r\n<tr style =\"font-size: 4px;\">\r\n<td bgcolor=\"#559F77\" >\u00a0<\/td><td bgcolor=\"#559F77\">\u00a0<\/td><td bgcolor=\"#559F77\">\u00a0<\/td>\r\n<\/tr><tr>\r\n\t\t\t<td width=\"9%\">\r\n                czwartek 23-03-2023  \r\n\t\t\t<\/td><td width=\"15%\"style=\"background-color:lightgrey;\">\r\n                11:30 - 12:00\r\n            <\/td>\r\n            <td>\r\n                <a href=\"http:\/\/dniotwarte.uwb.edu.pl\/?event=uniwersyteckie-centrum-przyrodnicze-im-prof-andrzeja-myrchy-2\">Uniwersyteckie Centrum Przyrodnicze im. Prof. Andrzeja Myrchy<\/a>\r\n                \r\n<span style=\"color: #ff0000;\"><strong>BRAK MIEJSC<\/strong><\/span> \r\n            <\/td>\r\n        <\/tr>\r\n<tr style =\"font-size: 4px;\">\r\n<td bgcolor=\"#559F77\" >\u00a0<\/td><td bgcolor=\"#559F77\">\u00a0<\/td><td bgcolor=\"#559F77\">\u00a0<\/td>\r\n<\/tr><tr>\r\n\t\t\t<td width=\"9%\">\r\n                czwartek 23-03-2023  \r\n\t\t\t<\/td><td width=\"15%\"style=\"background-color:lightgrey;\">\r\n                12:00 - 12:30\r\n            <\/td>\r\n            <td>\r\n                <a href=\"http:\/\/dniotwarte.uwb.edu.pl\/?event=tajemnice-kampusu-21\">Tajemnice kampusu<\/a>\r\n                <br\/><i>Wydzia\u0142 Chemii, Uniwersytet w Bia\u0142ymstoku, Bia\u0142ystok <\/i>\r\n\r\n            <\/td>\r\n        <\/tr>\r\n<tr style =\"font-size: 4px;\">\r\n<td bgcolor=\"#559F77\" >\u00a0<\/td><td bgcolor=\"#559F77\">\u00a0<\/td><td bgcolor=\"#559F77\">\u00a0<\/td>\r\n<\/tr><tr>\r\n\t\t\t<td width=\"9%\">\r\n                czwartek 23-03-2023  \r\n\t\t\t<\/td><td width=\"15%\"style=\"background-color:lightgrey;\">\r\n                12:30 - 13:00\r\n            <\/td>\r\n            <td>\r\n                <a href=\"http:\/\/dniotwarte.uwb.edu.pl\/?event=uniwersyteckie-centrum-przyrodnicze-im-prof-andrzeja-myrchy-3\">Uniwersyteckie Centrum Przyrodnicze im. Prof. Andrzeja Myrchy<\/a>\r\n                \r\n\r\n            <\/td>\r\n        <\/tr>\r\n<tr style =\"font-size: 4px;\">\r\n<td bgcolor=\"#559F77\" >\u00a0<\/td><td bgcolor=\"#559F77\">\u00a0<\/td><td bgcolor=\"#559F77\">\u00a0<\/td>\r\n<\/tr><tr>\r\n\t\t\t<td width=\"9%\">\r\n                czwartek 23-03-2023  \r\n\t\t\t<\/td><td width=\"15%\"style=\"background-color:lightgrey;\">\r\n                13:00 - 13:30\r\n            <\/td>\r\n            <td>\r\n                <a href=\"http:\/\/dniotwarte.uwb.edu.pl\/?event=tajemnice-kampusu-22\">Tajemnice kampusu<\/a>\r\n                <br\/><i>Wydzia\u0142 Chemii, Uniwersytet w Bia\u0142ymstoku, Bia\u0142ystok <\/i>\r\n\r\n            <\/td>\r\n        <\/tr>\r\n<tr style =\"font-size: 4px;\">\r\n<td bgcolor=\"#559F77\" >\u00a0<\/td><td bgcolor=\"#559F77\">\u00a0<\/td><td bgcolor=\"#559F77\">\u00a0<\/td>\r\n<\/tr><tr>\r\n\t\t\t<td width=\"9%\">\r\n                czwartek 23-03-2023  \r\n\t\t\t<\/td><td width=\"15%\"style=\"background-color:lightgrey;\">\r\n                13:30 - 14:00\r\n            <\/td>\r\n            <td>\r\n                <a href=\"http:\/\/dniotwarte.uwb.edu.pl\/?event=uniwersyteckie-centrum-przyrodnicze-im-prof-andrzeja-myrchy-4\">Uniwersyteckie Centrum Przyrodnicze im. Prof. Andrzeja Myrchy<\/a>\r\n                \r\n\r\n            <\/td>\r\n        <\/tr>\r\n<tr style =\"font-size: 4px;\">\r\n<td bgcolor=\"#559F77\" >\u00a0<\/td><td bgcolor=\"#559F77\">\u00a0<\/td><td bgcolor=\"#559F77\">\u00a0<\/td>\r\n<\/tr><tr>\r\n\t\t\t<td width=\"9%\">\r\n                pi\u0105tek 24-03-2023  \r\n\t\t\t<\/td><td width=\"15%\"style=\"background-color:lightgrey;\">\r\n                09:00 - 09:30\r\n            <\/td>\r\n            <td>\r\n                <a href=\"http:\/\/dniotwarte.uwb.edu.pl\/?event=uniwersyteckie-centrum-przyrodnicze-im-prof-andrzeja-myrchy-9\">Uniwersyteckie Centrum Przyrodnicze im. Prof. Andrzeja Myrchy<\/a>\r\n                \r\n<span style=\"color: #ff0000;\"><strong>BRAK MIEJSC<\/strong><\/span> \r\n            <\/td>\r\n        <\/tr>\r\n<tr style =\"font-size: 4px;\">\r\n<td bgcolor=\"#559F77\" >\u00a0<\/td><td bgcolor=\"#559F77\">\u00a0<\/td><td bgcolor=\"#559F77\">\u00a0<\/td>\r\n<\/tr><tr>\r\n\t\t\t<td width=\"9%\">\r\n                pi\u0105tek 24-03-2023  \r\n\t\t\t<\/td><td width=\"15%\"style=\"background-color:lightgrey;\">\r\n                10:00 - 10:30\r\n            <\/td>\r\n            <td>\r\n                <a href=\"http:\/\/dniotwarte.uwb.edu.pl\/?event=tajemnice-kampusu-26\">Tajemnice kampusu<\/a>\r\n                <br\/><i>Wydzia\u0142 Chemii, Uniwersytet w Bia\u0142ymstoku, Bia\u0142ystok <\/i>\r\n\r\n            <\/td>\r\n        <\/tr>\r\n<tr style =\"font-size: 4px;\">\r\n<td bgcolor=\"#559F77\" >\u00a0<\/td><td bgcolor=\"#559F77\">\u00a0<\/td><td bgcolor=\"#559F77\">\u00a0<\/td>\r\n<\/tr><tr>\r\n\t\t\t<td width=\"9%\">\r\n                pi\u0105tek 24-03-2023  \r\n\t\t\t<\/td><td width=\"15%\"style=\"background-color:lightgrey;\">\r\n                10:00 - 10:30\r\n            <\/td>\r\n            <td>\r\n                <a href=\"http:\/\/dniotwarte.uwb.edu.pl\/?event=uniwersyteckie-centrum-przyrodnicze-im-prof-andrzeja-myrchy-8\">Uniwersyteckie Centrum Przyrodnicze im. Prof. Andrzeja Myrchy<\/a>\r\n                \r\n\r\n            <\/td>\r\n        <\/tr>\r\n<tr style =\"font-size: 4px;\">\r\n<td bgcolor=\"#559F77\" >\u00a0<\/td><td bgcolor=\"#559F77\">\u00a0<\/td><td bgcolor=\"#559F77\">\u00a0<\/td>\r\n<\/tr><tr>\r\n\t\t\t<td width=\"9%\">\r\n                pi\u0105tek 24-03-2023  \r\n\t\t\t<\/td><td width=\"15%\"style=\"background-color:lightgrey;\">\r\n                11:00 - 11:30\r\n            <\/td>\r\n            <td>\r\n                <a href=\"http:\/\/dniotwarte.uwb.edu.pl\/?event=tajemnice-kampusu-25\">Tajemnice kampusu<\/a>\r\n                <br\/><i>Wydzia\u0142 Chemii, Uniwersytet w Bia\u0142ymstoku, Bia\u0142ystok <\/i>\r\n\r\n            <\/td>\r\n        <\/tr>\r\n<tr style =\"font-size: 4px;\">\r\n<td bgcolor=\"#559F77\" >\u00a0<\/td><td bgcolor=\"#559F77\">\u00a0<\/td><td bgcolor=\"#559F77\">\u00a0<\/td>\r\n<\/tr><tr>\r\n\t\t\t<td width=\"9%\">\r\n                pi\u0105tek 24-03-2023  \r\n\t\t\t<\/td><td width=\"15%\"style=\"background-color:lightgrey;\">\r\n                11:00 - 11:30\r\n            <\/td>\r\n            <td>\r\n                <a href=\"http:\/\/dniotwarte.uwb.edu.pl\/?event=uniwersyteckie-centrum-przyrodnicze-im-prof-andrzeja-myrchy-7\">Uniwersyteckie Centrum Przyrodnicze im. Prof. Andrzeja Myrchy<\/a>\r\n                \r\n<span style=\"color: #ff0000;\"><strong>BRAK MIEJSC<\/strong><\/span> \r\n            <\/td>\r\n        <\/tr>\r\n<tr style =\"font-size: 4px;\">\r\n<td bgcolor=\"#559F77\" >\u00a0<\/td><td bgcolor=\"#559F77\">\u00a0<\/td><td bgcolor=\"#559F77\">\u00a0<\/td>\r\n<\/tr><tr>\r\n\t\t\t<td width=\"9%\">\r\n                pi\u0105tek 24-03-2023  \r\n\t\t\t<\/td><td width=\"15%\"style=\"background-color:lightgrey;\">\r\n                12:00 - 12:30\r\n            <\/td>\r\n            <td>\r\n                <a href=\"http:\/\/dniotwarte.uwb.edu.pl\/?event=tajemnice-kampusu-24\">Tajemnice kampusu<\/a>\r\n                <br\/><i>Wydzia\u0142 Chemii, Uniwersytet w Bia\u0142ymstoku, Bia\u0142ystok <\/i>\r\n\r\n            <\/td>\r\n        <\/tr>\r\n<tr style =\"font-size: 4px;\">\r\n<td bgcolor=\"#559F77\" >\u00a0<\/td><td bgcolor=\"#559F77\">\u00a0<\/td><td bgcolor=\"#559F77\">\u00a0<\/td>\r\n<\/tr><tr>\r\n\t\t\t<td width=\"9%\">\r\n                pi\u0105tek 24-03-2023  \r\n\t\t\t<\/td><td width=\"15%\"style=\"background-color:lightgrey;\">\r\n                12:00 - 12:30\r\n            <\/td>\r\n            <td>\r\n                <a href=\"http:\/\/dniotwarte.uwb.edu.pl\/?event=uniwersyteckie-centrum-przyrodnicze-im-prof-andrzeja-myrchy-6\">Uniwersyteckie Centrum Przyrodnicze im. Prof. Andrzeja Myrchy<\/a>\r\n                \r\n\r\n            <\/td>\r\n        <\/tr>\r\n<tr style =\"font-size: 4px;\">\r\n<td bgcolor=\"#559F77\" >\u00a0<\/td><td bgcolor=\"#559F77\">\u00a0<\/td><td bgcolor=\"#559F77\">\u00a0<\/td>\r\n<\/tr><tr>\r\n\t\t\t<td width=\"9%\">\r\n                pi\u0105tek 24-03-2023  \r\n\t\t\t<\/td><td width=\"15%\"style=\"background-color:lightgrey;\">\r\n                13:00 - 13:30\r\n            <\/td>\r\n            <td>\r\n                <a href=\"http:\/\/dniotwarte.uwb.edu.pl\/?event=tajemnice-kampusu-23\">Tajemnice kampusu<\/a>\r\n                <br\/><i>Wydzia\u0142 Chemii, Uniwersytet w Bia\u0142ymstoku, Bia\u0142ystok <\/i>\r\n\r\n            <\/td>\r\n        <\/tr>\r\n<tr style =\"font-size: 4px;\">\r\n<td bgcolor=\"#559F77\" >\u00a0<\/td><td bgcolor=\"#559F77\">\u00a0<\/td><td bgcolor=\"#559F77\">\u00a0<\/td>\r\n<\/tr><tr>\r\n\t\t\t<td width=\"9%\">\r\n                pi\u0105tek 24-03-2023  \r\n\t\t\t<\/td><td width=\"15%\"style=\"background-color:lightgrey;\">\r\n                13:00 - 13:30\r\n            <\/td>\r\n            <td>\r\n                <a href=\"http:\/\/dniotwarte.uwb.edu.pl\/?event=uniwersyteckie-centrum-przyrodnicze-im-prof-andrzeja-myrchy-5\">Uniwersyteckie Centrum Przyrodnicze im. Prof. Andrzeja Myrchy<\/a>\r\n                \r\n\r\n            <\/td>\r\n        <\/tr>\r\n<tr style =\"font-size: 4px;\">\r\n<td bgcolor=\"#559F77\" >\u00a0<\/td><td bgcolor=\"#559F77\">\u00a0<\/td><td bgcolor=\"#559F77\">\u00a0<\/td>\r\n<\/tr><tr>\r\n\t\t\t<td width=\"9%\">\r\n                sobota 25-03-2023  \r\n\t\t\t<\/td><td width=\"15%\"style=\"background-color:lightgrey;\">\r\n                10:00 - 10:30\r\n            <\/td>\r\n            <td>\r\n                <a href=\"http:\/\/dniotwarte.uwb.edu.pl\/?event=tajemnice-kampusu-27\">Tajemnice kampusu<\/a>\r\n                <br\/><i>Wydzia\u0142 Chemii, Uniwersytet w Bia\u0142ymstoku, Bia\u0142ystok <\/i>\r\n\r\n            <\/td>\r\n        <\/tr>\r\n<tr style =\"font-size: 4px;\">\r\n<td bgcolor=\"#559F77\" >\u00a0<\/td><td bgcolor=\"#559F77\">\u00a0<\/td><td bgcolor=\"#559F77\">\u00a0<\/td>\r\n<\/tr><tr>\r\n\t\t\t<td width=\"9%\">\r\n                sobota 25-03-2023  \r\n\t\t\t<\/td><td width=\"15%\"style=\"background-color:lightgrey;\">\r\n                11:00 - 11:30\r\n            <\/td>\r\n            <td>\r\n                <a href=\"http:\/\/dniotwarte.uwb.edu.pl\/?event=tajemnice-kampusu-28\">Tajemnice kampusu<\/a>\r\n                <br\/><i>Wydzia\u0142 Chemii, Uniwersytet w Bia\u0142ymstoku, Bia\u0142ystok <\/i>\r\n\r\n            <\/td>\r\n        <\/tr>\r\n<tr style =\"font-size: 4px;\">\r\n<td bgcolor=\"#559F77\" >\u00a0<\/td><td bgcolor=\"#559F77\">\u00a0<\/td><td bgcolor=\"#559F77\">\u00a0<\/td>\r\n<\/tr><tr>\r\n\t\t\t<td width=\"9%\">\r\n                sobota 25-03-2023  \r\n\t\t\t<\/td><td width=\"15%\"style=\"background-color:lightgrey;\">\r\n                12:00 - 12:30\r\n            <\/td>\r\n            <td>\r\n                <a href=\"http:\/\/dniotwarte.uwb.edu.pl\/?event=tajemnice-kampusu-29\">Tajemnice kampusu<\/a>\r\n                <br\/><i>Wydzia\u0142 Chemii, Uniwersytet w Bia\u0142ymstoku, Bia\u0142ystok <\/i>\r\n\r\n            <\/td>\r\n        <\/tr>\r\n<tr style =\"font-size: 4px;\">\r\n<td bgcolor=\"#559F77\" >\u00a0<\/td><td bgcolor=\"#559F77\">\u00a0<\/td><td bgcolor=\"#559F77\">\u00a0<\/td>\r\n<\/tr><tr>\r\n\t\t\t<td width=\"9%\">\r\n                sobota 25-03-2023  \r\n\t\t\t<\/td><td width=\"15%\"style=\"background-color:lightgrey;\">\r\n                13:00 - 13:30\r\n            <\/td>\r\n            <td>\r\n                <a href=\"http:\/\/dniotwarte.uwb.edu.pl\/?event=tajemnice-kampusu-30\">Tajemnice kampusu<\/a>\r\n                <br\/><i>Wydzia\u0142 Chemii, Uniwersytet w Bia\u0142ymstoku, Bia\u0142ystok <\/i>\r\n\r\n            <\/td>\r\n        <\/tr>\r\n<tr style =\"font-size: 4px;\">\r\n<td bgcolor=\"#559F77\" >\u00a0<\/td><td bgcolor=\"#559F77\">\u00a0<\/td><td bgcolor=\"#559F77\">\u00a0<\/td>\r\n<\/tr><\/tbody><\/table>\t<\/div>\r\n<\/div>\n","protected":false},"excerpt":{"rendered":"<p>Harmonogram wydarze\u0144 na Wydziale Chemii Rejestracja: Poniedzia\u0142ek &#8211; Pi\u0105tek w godz. 8-14, tel. 85 738-80-95<\/p>\n","protected":false},"author":3,"featured_media":0,"parent":661,"menu_order":0,"comment_status":"closed","ping_status":"closed","template":"","meta":{"ngg_post_thumbnail":0,"jetpack_post_was_ever_published":false,"footnotes":""},"categories":[17],"tags":[],"class_list":["post-2613","page","type-page","status-publish","hentry","category-grupowanie"],"jetpack_sharing_enabled":true,"jetpack_shortlink":"https:\/\/wp.me\/P9I97i-G9","jetpack_likes_enabled":true,"jetpack-related-posts":[],"_links":{"self":[{"href":"http:\/\/dniotwarte.uwb.edu.pl\/index.php?rest_route=\/wp\/v2\/pages\/2613","targetHints":{"allow":["GET"]}}],"collection":[{"href":"http:\/\/dniotwarte.uwb.edu.pl\/index.php?rest_route=\/wp\/v2\/pages"}],"about":[{"href":"http:\/\/dniotwarte.uwb.edu.pl\/index.php?rest_route=\/wp\/v2\/types\/page"}],"author":[{"embeddable":true,"href":"http:\/\/dniotwarte.uwb.edu.pl\/index.php?rest_route=\/wp\/v2\/users\/3"}],"replies":[{"embeddable":true,"href":"http:\/\/dniotwarte.uwb.edu.pl\/index.php?rest_route=%2Fwp%2Fv2%2Fcomments&post=2613"}],"version-history":[{"count":8,"href":"http:\/\/dniotwarte.uwb.edu.pl\/index.php?rest_route=\/wp\/v2\/pages\/2613\/revisions"}],"predecessor-version":[{"id":3010,"href":"http:\/\/dniotwarte.uwb.edu.pl\/index.php?rest_route=\/wp\/v2\/pages\/2613\/revisions\/3010"}],"up":[{"embeddable":true,"href":"http:\/\/dniotwarte.uwb.edu.pl\/index.php?rest_route=\/wp\/v2\/pages\/661"}],"wp:attachment":[{"href":"http:\/\/dniotwarte.uwb.edu.pl\/index.php?rest_route=%2Fwp%2Fv2%2Fmedia&parent=2613"}],"wp:term":[{"taxonomy":"category","embeddable":true,"href":"http:\/\/dniotwarte.uwb.edu.pl\/index.php?rest_route=%2Fwp%2Fv2%2Fcategories&post=2613"},{"taxonomy":"post_tag","embeddable":true,"href":"http:\/\/dniotwarte.uwb.edu.pl\/index.php?rest_route=%2Fwp%2Fv2%2Ftags&post=2613"}],"curies":[{"name":"wp","href":"https:\/\/api.w.org\/{rel}","templated":true}]}}