{"id":311,"date":"2018-02-28T23:17:55","date_gmt":"2018-02-28T22:17:55","guid":{"rendered":"http:\/\/dniotwarte.uwb.edu.pl\/?page_id=311"},"modified":"2025-03-13T15:19:53","modified_gmt":"2025-03-13T14:19:53","slug":"wydzial-fizyki-wyklady-3-2","status":"publish","type":"page","link":"http:\/\/dniotwarte.uwb.edu.pl\/?page_id=311","title":{"rendered":"Wydzia\u0142 Fizyki &#8211; warsztaty"},"content":{"rendered":"<h1><strong>Warsztaty planowane na Wydziale Fizyki<\/strong><\/h1>\n<p><em>&nbsp;<\/em><\/p>\n<hr>\n<h1><strong>CZWARTEK&nbsp; &nbsp; 13.03.2025 r.<\/strong><\/h1>\n<p><em>&nbsp;<\/em><\/p>\n<hr>\n<p><!-- [events_list category=\"4\" limit=\"0\"] --><\/p>\n<h2><strong>Piszemy gr\u0119 2D &#8222;Kosmiczna przygoda&#8221;!<\/strong><\/h2>\n<p>dr Krzysztof Gawryluk<\/p>\n<p><img data-recalc-dims=\"1\" fetchpriority=\"high\" decoding=\"async\" data-attachment-id=\"3897\" data-permalink=\"http:\/\/dniotwarte.uwb.edu.pl\/?attachment_id=3897\" data-orig-file=\"https:\/\/i0.wp.com\/dniotwarte.uwb.edu.pl\/wp-content\/uploads\/2025\/03\/kosmos.png?fit=1920%2C1080\" data-orig-size=\"1920,1080\" data-comments-opened=\"0\" data-image-meta=\"{&quot;aperture&quot;:&quot;0&quot;,&quot;credit&quot;:&quot;&quot;,&quot;camera&quot;:&quot;&quot;,&quot;caption&quot;:&quot;&quot;,&quot;created_timestamp&quot;:&quot;0&quot;,&quot;copyright&quot;:&quot;&quot;,&quot;focal_length&quot;:&quot;0&quot;,&quot;iso&quot;:&quot;0&quot;,&quot;shutter_speed&quot;:&quot;0&quot;,&quot;title&quot;:&quot;&quot;,&quot;orientation&quot;:&quot;0&quot;}\" data-image-title=\"kosmos\" data-image-description=\"\" data-image-caption=\"\" data-medium-file=\"https:\/\/i0.wp.com\/dniotwarte.uwb.edu.pl\/wp-content\/uploads\/2025\/03\/kosmos.png?fit=300%2C169\" data-large-file=\"https:\/\/i0.wp.com\/dniotwarte.uwb.edu.pl\/wp-content\/uploads\/2025\/03\/kosmos.png?fit=525%2C295\" class=\"alignnone wp-image-3897\" src=\"https:\/\/i0.wp.com\/dniotwarte.uwb.edu.pl\/wp-content\/uploads\/2025\/03\/kosmos.png?resize=330%2C186\" alt=\"\" width=\"330\" height=\"186\" srcset=\"https:\/\/i0.wp.com\/dniotwarte.uwb.edu.pl\/wp-content\/uploads\/2025\/03\/kosmos.png?resize=300%2C169 300w, https:\/\/i0.wp.com\/dniotwarte.uwb.edu.pl\/wp-content\/uploads\/2025\/03\/kosmos.png?resize=1024%2C576 1024w, https:\/\/i0.wp.com\/dniotwarte.uwb.edu.pl\/wp-content\/uploads\/2025\/03\/kosmos.png?resize=768%2C432 768w, https:\/\/i0.wp.com\/dniotwarte.uwb.edu.pl\/wp-content\/uploads\/2025\/03\/kosmos.png?resize=1536%2C864 1536w, https:\/\/i0.wp.com\/dniotwarte.uwb.edu.pl\/wp-content\/uploads\/2025\/03\/kosmos.png?resize=128%2C72 128w, https:\/\/i0.wp.com\/dniotwarte.uwb.edu.pl\/wp-content\/uploads\/2025\/03\/kosmos.png?resize=32%2C18 32w, https:\/\/i0.wp.com\/dniotwarte.uwb.edu.pl\/wp-content\/uploads\/2025\/03\/kosmos.png?w=1920 1920w\" sizes=\"(max-width: 330px) 100vw, 330px\" \/><\/p>\n<p>Czy wystarczy 130 minut by stworzy\u0107 prototyp gry 2D? TAK! ale trzeba u\u017cy\u0107 odpowiedniego narz\u0119dzia. Na warsztatach postaram si\u0119 przedstawi\u0107 silnik gier GODOT i wykorzysta\u0107 go do zaprogramowania prototypu gry 2D &#8211; b\u0119dzie to &#8222;Kosmiczna przygoda&#8221;. Zaj\u0119cia dedykowane s\u0105 osobom zainteresowanym programowaniem gier, lub silnikiem GODOT, kt\u00f3ry zyskuje coraz wi\u0119ksz\u0105 popularno\u015b\u0107. B\u0119dziemy poznawa\u0107 narz\u0119dzie &#8222;od zera&#8221;, ale wymagane s\u0105 jednak podstawy programowania w dowolnym j\u0119zyku, a najlepiej w pythonie (b\u0119dziemy u\u017cywa\u0107 gdscript-u, kt\u00f3ry ma w\u0142a\u015bnie sk\u0142adni\u0119 podobn\u0105 do pythona). Uczestnicy powinni mie\u0107 ze sob\u0105 pendrive, aby po zaj\u0119ciach rozbudowa\u0107 projekt w domu. Zaj\u0119cia dedykowane uczniom z lice\u00f3w, klasy 2-gie i starsze. Materia\u0142y na zaj\u0119cia: https:\/\/alpha.uwb.edu.pl\/~gawryl\/dniotwarte\/<\/p>\n<p><strong>Forma:<\/strong> warsztaty przy komputerze<\/p>\n<p><strong>Miejsce:<\/strong> sala 2006<\/p>\n<p><strong>Liczba uczestnik\u00f3w:<\/strong>&nbsp; 12<\/p>\n<p><strong>Czas Trwania:<\/strong> 130 min<\/p>\n<p><strong>Terminy:&nbsp; <\/strong>13-03-2025 (czwartek), godzina 10:00, <strong>(Miejsc Brak)<\/strong><\/p>\n<p><strong><em>Zapisy telefoniczne:<\/em><\/strong><em>&nbsp; &nbsp;0 85-738-8198<\/em><\/p>\n<hr>\n<h2><strong>Skutki \u201eszufladkowych\u201d obserwacji R\u00f6ntgena sprzed 130 lat<\/strong><\/h2>\n<p>dr hab. Katarzyno Re\u0107ko<\/p>\n<p><img data-recalc-dims=\"1\" decoding=\"async\" data-attachment-id=\"3993\" data-permalink=\"http:\/\/dniotwarte.uwb.edu.pl\/?attachment_id=3993\" data-orig-file=\"https:\/\/i0.wp.com\/dniotwarte.uwb.edu.pl\/wp-content\/uploads\/2025\/03\/Pierwsze-zdjecie-rentgenowskie-dloni-zony-Wilhel.jpg?fit=432%2C295\" data-orig-size=\"432,295\" data-comments-opened=\"0\" data-image-meta=\"{&quot;aperture&quot;:&quot;0&quot;,&quot;credit&quot;:&quot;&quot;,&quot;camera&quot;:&quot;&quot;,&quot;caption&quot;:&quot;&quot;,&quot;created_timestamp&quot;:&quot;0&quot;,&quot;copyright&quot;:&quot;&quot;,&quot;focal_length&quot;:&quot;0&quot;,&quot;iso&quot;:&quot;0&quot;,&quot;shutter_speed&quot;:&quot;0&quot;,&quot;title&quot;:&quot;&quot;,&quot;orientation&quot;:&quot;0&quot;}\" data-image-title=\"Pierwsze-zdjecie-rentgenowskie&amp;#8212;dloni-zony-Wilhel\" data-image-description=\"\" data-image-caption=\"\" data-medium-file=\"https:\/\/i0.wp.com\/dniotwarte.uwb.edu.pl\/wp-content\/uploads\/2025\/03\/Pierwsze-zdjecie-rentgenowskie-dloni-zony-Wilhel.jpg?fit=300%2C205\" data-large-file=\"https:\/\/i0.wp.com\/dniotwarte.uwb.edu.pl\/wp-content\/uploads\/2025\/03\/Pierwsze-zdjecie-rentgenowskie-dloni-zony-Wilhel.jpg?fit=432%2C295\" class=\"alignnone size-medium wp-image-3993\" src=\"https:\/\/i0.wp.com\/dniotwarte.uwb.edu.pl\/wp-content\/uploads\/2025\/03\/Pierwsze-zdjecie-rentgenowskie-dloni-zony-Wilhel.jpg?resize=300%2C205\" alt=\"\" width=\"300\" height=\"205\" srcset=\"https:\/\/i0.wp.com\/dniotwarte.uwb.edu.pl\/wp-content\/uploads\/2025\/03\/Pierwsze-zdjecie-rentgenowskie-dloni-zony-Wilhel.jpg?resize=300%2C205 300w, https:\/\/i0.wp.com\/dniotwarte.uwb.edu.pl\/wp-content\/uploads\/2025\/03\/Pierwsze-zdjecie-rentgenowskie-dloni-zony-Wilhel.jpg?resize=128%2C87 128w, https:\/\/i0.wp.com\/dniotwarte.uwb.edu.pl\/wp-content\/uploads\/2025\/03\/Pierwsze-zdjecie-rentgenowskie-dloni-zony-Wilhel.jpg?resize=32%2C22 32w, https:\/\/i0.wp.com\/dniotwarte.uwb.edu.pl\/wp-content\/uploads\/2025\/03\/Pierwsze-zdjecie-rentgenowskie-dloni-zony-Wilhel.jpg?w=432 432w\" sizes=\"(max-width: 300px) 100vw, 300px\" \/><\/p>\n<p><span id=\"p3R_mc11\" class=\"markedContent\"><span dir=\"ltr\" role=\"presentation\">Podczas po<\/span><span dir=\"ltr\" role=\"presentation\">kaz\u00f3w<\/span> <span dir=\"ltr\" role=\"presentation\">b\u0119dziemy analizowa\u0107<\/span> <span dir=\"ltr\" role=\"presentation\">historyczne odkrycie, pochodzenie i natur\u0119 <\/span><span dir=\"ltr\" role=\"presentation\">promieni X.<\/span> <span dir=\"ltr\" role=\"presentation\">Poznamy proste i \u0142atwo dost\u0119pne mechanizmy wzbudzania promieni <\/span><span dir=\"ltr\" role=\"presentation\">rentgenowskich oraz ich \u201edobrotliwy\u201d wp\u0142yw na \u017cycie organizm\u00f3w biologicznych. <\/span><\/span><span id=\"p3R_mc12\" class=\"markedContent\"><span dir=\"ltr\" role=\"presentation\">Zastanowi<\/span><span dir=\"ltr\" role=\"presentation\">my si\u0119 nad obecnym i przysz\u0142ym wykorzystaniem<\/span> <span dir=\"ltr\" role=\"presentation\">tego promieniowania. <\/span><span dir=\"ltr\" role=\"presentation\">Wykonuj\u0105c<\/span> <span dir=\"ltr\" role=\"presentation\">proste testy w<\/span> <span dir=\"ltr\" role=\"presentation\">pracowni rentgenowskiej<\/span> <span dir=\"ltr\" role=\"presentation\">s<\/span><span dir=\"ltr\" role=\"presentation\">pr\u00f3bujemy odpowiedzie\u0107 na <\/span><span dir=\"ltr\" role=\"presentation\">pytanie co \u0142\u0105czy fi<\/span><span dir=\"ltr\" role=\"presentation\">z<\/span><span dir=\"ltr\" role=\"presentation\">yk\u0119 z medycyn\u0105?<\/span><\/span><\/p>\n<p><strong>Forma:<\/strong> warsztaty<\/p>\n<p><strong>Miejsce:<\/strong> sala 1060 \u2013 Laboratorium Bada\u0144 Strukturalnych<\/p>\n<p><strong>Liczba uczestnik\u00f3w:<\/strong>&nbsp; 10<\/p>\n<p><strong>Czas Trwania:<\/strong> 30 min<\/p>\n<p><strong>Terminy: <\/strong>13-03-2025 (czwartek), godzina 10:00, 11:00<\/p>\n<p><strong><em>Zapisy telefoniczne:<\/em><\/strong><em>&nbsp; &nbsp;0 85-738-81 98<\/em><\/p>\n<p><em>&nbsp;<\/em><\/p>\n<hr>\n<h1><strong>PI\u0104TEK&nbsp; &nbsp; 14.03.2025 r.<\/strong><\/h1>\n<p><em>&nbsp;<\/em><\/p>\n<hr>\n<h2><strong>Eksperyment fizyczny wspomagany komputerowo<\/strong><\/h2>\n<p>mgr Wojciech Dobrogowski<\/p>\n<p><img data-recalc-dims=\"1\" decoding=\"async\" data-attachment-id=\"2819\" data-permalink=\"http:\/\/dniotwarte.uwb.edu.pl\/?attachment_id=2819\" data-orig-file=\"https:\/\/i0.wp.com\/dniotwarte.uwb.edu.pl\/wp-content\/uploads\/2022\/04\/DSC_0174.jpg?fit=1800%2C1013\" data-orig-size=\"1800,1013\" data-comments-opened=\"0\" data-image-meta=\"{&quot;aperture&quot;:&quot;2&quot;,&quot;credit&quot;:&quot;&quot;,&quot;camera&quot;:&quot;D6503&quot;,&quot;caption&quot;:&quot;&quot;,&quot;created_timestamp&quot;:&quot;1453121253&quot;,&quot;copyright&quot;:&quot;&quot;,&quot;focal_length&quot;:&quot;4.9&quot;,&quot;iso&quot;:&quot;64&quot;,&quot;shutter_speed&quot;:&quot;0.015625&quot;,&quot;title&quot;:&quot;&quot;,&quot;orientation&quot;:&quot;1&quot;}\" data-image-title=\"_DSC_0174\" data-image-description=\"\" data-image-caption=\"\" data-medium-file=\"https:\/\/i0.wp.com\/dniotwarte.uwb.edu.pl\/wp-content\/uploads\/2022\/04\/DSC_0174.jpg?fit=300%2C169\" data-large-file=\"https:\/\/i0.wp.com\/dniotwarte.uwb.edu.pl\/wp-content\/uploads\/2022\/04\/DSC_0174.jpg?fit=525%2C295\" class=\"alignnone size-large wp-image-2819\" src=\"https:\/\/i0.wp.com\/dniotwarte.uwb.edu.pl\/wp-content\/uploads\/2022\/04\/DSC_0174.jpg?resize=525%2C295\" alt=\"\" width=\"525\" height=\"295\" srcset=\"https:\/\/i0.wp.com\/dniotwarte.uwb.edu.pl\/wp-content\/uploads\/2022\/04\/DSC_0174.jpg?resize=1024%2C576 1024w, https:\/\/i0.wp.com\/dniotwarte.uwb.edu.pl\/wp-content\/uploads\/2022\/04\/DSC_0174.jpg?resize=300%2C169 300w, https:\/\/i0.wp.com\/dniotwarte.uwb.edu.pl\/wp-content\/uploads\/2022\/04\/DSC_0174.jpg?resize=768%2C432 768w, https:\/\/i0.wp.com\/dniotwarte.uwb.edu.pl\/wp-content\/uploads\/2022\/04\/DSC_0174.jpg?resize=1536%2C864 1536w, https:\/\/i0.wp.com\/dniotwarte.uwb.edu.pl\/wp-content\/uploads\/2022\/04\/DSC_0174.jpg?resize=128%2C72 128w, https:\/\/i0.wp.com\/dniotwarte.uwb.edu.pl\/wp-content\/uploads\/2022\/04\/DSC_0174.jpg?resize=32%2C18 32w, https:\/\/i0.wp.com\/dniotwarte.uwb.edu.pl\/wp-content\/uploads\/2022\/04\/DSC_0174.jpg?w=1800 1800w\" sizes=\"(max-width: 525px) 100vw, 525px\" \/><\/p>\n<p>Teraz i Ty mo\u017cesz wykona\u0107 eksperymenty z fizyki w komputerowym stylu. Poka\u017cemy mo\u017cliwo\u015bci szkolnych zestaw\u00f3w do\u015bwiadczalnika opartych o komputerowy interfejs pomiarowy. Przewidziane uczestnictwo zwiedzaj\u0105cych. Zapraszamy. Zaj\u0119cia dedykowane uczniom klas ponadpodstawowych.<\/p>\n<p><strong>Forma:<\/strong> warsztaty<\/p>\n<p><strong>Miejsce:<\/strong> sala 2021\u2013 Regionalne Laboratorium do Nauczania Przedmiot\u00f3w Przyrodniczych<\/p>\n<p><strong>Liczba uczestnik\u00f3w:<\/strong>&nbsp; 25<\/p>\n<p><strong>Czas Trwania:<\/strong> 45 min<\/p>\n<p><strong>Terminy: <\/strong>14-03-2025 (pi\u0105tek), godzina <strong>10:00 (brak miejsc)<\/strong>, 11:00 (<strong>brak miejsc)<\/strong><\/p>\n<p><strong><em>Zapisy telefoniczne:<\/em><\/strong><em>&nbsp; &nbsp;0 85-738-81 88<\/em><\/p>\n<hr>\n<h2><strong>Skutki \u201eszufladkowych\u201d obserwacji R\u00f6ntgena sprzed 130 lat<\/strong><\/h2>\n<p>dr hab. Katarzyno Re\u0107ko<\/p>\n<p><img data-recalc-dims=\"1\" decoding=\"async\" data-attachment-id=\"3993\" data-permalink=\"http:\/\/dniotwarte.uwb.edu.pl\/?attachment_id=3993\" data-orig-file=\"https:\/\/i0.wp.com\/dniotwarte.uwb.edu.pl\/wp-content\/uploads\/2025\/03\/Pierwsze-zdjecie-rentgenowskie-dloni-zony-Wilhel.jpg?fit=432%2C295\" data-orig-size=\"432,295\" data-comments-opened=\"0\" data-image-meta=\"{&quot;aperture&quot;:&quot;0&quot;,&quot;credit&quot;:&quot;&quot;,&quot;camera&quot;:&quot;&quot;,&quot;caption&quot;:&quot;&quot;,&quot;created_timestamp&quot;:&quot;0&quot;,&quot;copyright&quot;:&quot;&quot;,&quot;focal_length&quot;:&quot;0&quot;,&quot;iso&quot;:&quot;0&quot;,&quot;shutter_speed&quot;:&quot;0&quot;,&quot;title&quot;:&quot;&quot;,&quot;orientation&quot;:&quot;0&quot;}\" data-image-title=\"Pierwsze-zdjecie-rentgenowskie&amp;#8212;dloni-zony-Wilhel\" data-image-description=\"\" data-image-caption=\"\" data-medium-file=\"https:\/\/i0.wp.com\/dniotwarte.uwb.edu.pl\/wp-content\/uploads\/2025\/03\/Pierwsze-zdjecie-rentgenowskie-dloni-zony-Wilhel.jpg?fit=300%2C205\" data-large-file=\"https:\/\/i0.wp.com\/dniotwarte.uwb.edu.pl\/wp-content\/uploads\/2025\/03\/Pierwsze-zdjecie-rentgenowskie-dloni-zony-Wilhel.jpg?fit=432%2C295\" class=\"alignnone size-medium wp-image-3993\" src=\"https:\/\/i0.wp.com\/dniotwarte.uwb.edu.pl\/wp-content\/uploads\/2025\/03\/Pierwsze-zdjecie-rentgenowskie-dloni-zony-Wilhel.jpg?resize=300%2C205\" alt=\"\" width=\"300\" height=\"205\" srcset=\"https:\/\/i0.wp.com\/dniotwarte.uwb.edu.pl\/wp-content\/uploads\/2025\/03\/Pierwsze-zdjecie-rentgenowskie-dloni-zony-Wilhel.jpg?resize=300%2C205 300w, https:\/\/i0.wp.com\/dniotwarte.uwb.edu.pl\/wp-content\/uploads\/2025\/03\/Pierwsze-zdjecie-rentgenowskie-dloni-zony-Wilhel.jpg?resize=128%2C87 128w, https:\/\/i0.wp.com\/dniotwarte.uwb.edu.pl\/wp-content\/uploads\/2025\/03\/Pierwsze-zdjecie-rentgenowskie-dloni-zony-Wilhel.jpg?resize=32%2C22 32w, https:\/\/i0.wp.com\/dniotwarte.uwb.edu.pl\/wp-content\/uploads\/2025\/03\/Pierwsze-zdjecie-rentgenowskie-dloni-zony-Wilhel.jpg?w=432 432w\" sizes=\"(max-width: 300px) 100vw, 300px\" \/><\/p>\n<p><span id=\"p3R_mc11\" class=\"markedContent\"><span dir=\"ltr\" role=\"presentation\">Podczas po<\/span><span dir=\"ltr\" role=\"presentation\">kaz\u00f3w<\/span> <span dir=\"ltr\" role=\"presentation\">b\u0119dziemy analizowa\u0107<\/span> <span dir=\"ltr\" role=\"presentation\">historyczne odkrycie, pochodzenie i natur\u0119 <\/span><span dir=\"ltr\" role=\"presentation\">promieni X.<\/span> <span dir=\"ltr\" role=\"presentation\">Poznamy proste i \u0142atwo dost\u0119pne mechanizmy wzbudzania promieni <\/span><span dir=\"ltr\" role=\"presentation\">rentgenowskich oraz ich \u201edobrotliwy\u201d wp\u0142yw na \u017cycie organizm\u00f3w biologicznych. <\/span><\/span><span id=\"p3R_mc12\" class=\"markedContent\"><span dir=\"ltr\" role=\"presentation\">Zastanowi<\/span><span dir=\"ltr\" role=\"presentation\">my si\u0119 nad obecnym i przysz\u0142ym wykorzystaniem<\/span> <span dir=\"ltr\" role=\"presentation\">tego promieniowania. <\/span><span dir=\"ltr\" role=\"presentation\">Wykonuj\u0105c<\/span> <span dir=\"ltr\" role=\"presentation\">proste testy w<\/span> <span dir=\"ltr\" role=\"presentation\">pracowni rentgenowskiej<\/span> <span dir=\"ltr\" role=\"presentation\">s<\/span><span dir=\"ltr\" role=\"presentation\">pr\u00f3bujemy odpowiedzie\u0107 na <\/span><span dir=\"ltr\" role=\"presentation\">pytanie co \u0142\u0105czy fi<\/span><span dir=\"ltr\" role=\"presentation\">z<\/span><span dir=\"ltr\" role=\"presentation\">yk\u0119 z medycyn\u0105?<\/span><\/span><\/p>\n<p><strong>Forma:<\/strong> warsztaty<\/p>\n<p><strong>Miejsce:<\/strong> sala 1060 \u2013 Laboratorium Bada\u0144 Strukturalnych<\/p>\n<p><strong>Liczba uczestnik\u00f3w:<\/strong>&nbsp; 10<\/p>\n<p><strong>Czas Trwania:<\/strong> 30 min<\/p>\n<p><strong>Terminy: <\/strong>14-03-2025 (pi\u0105tek), godzina <strong>10:00 (brak miejsc)<\/strong>,&nbsp;<strong> 11:00 (brak miejsc)<\/strong><\/p>\n<p><strong><em>Zapisy telefoniczne:<\/em><\/strong><em>&nbsp; &nbsp;0 85-738-81 98<\/em><\/p>\n<hr>\n<p><strong>Wydzia\u0142owy koordynator imprezy<br \/>\n<\/strong><strong>dr Krzysztof Gawryluk<\/strong><br \/>\ntel. 85 738 81 98<br \/>\nCio\u0142kowskiego 1L, pok. 2045<br \/>\ne-mail: <a href=\"mailto:promocja.fizyka@uwb.edu.pl\">promocja.fizyka@uwb.edu.pl<\/a><\/p>\n","protected":false},"excerpt":{"rendered":"<p>Warsztaty planowane na Wydziale Fizyki &nbsp; CZWARTEK&nbsp; &nbsp; 13.03.2025 r. &nbsp; Piszemy gr\u0119 2D &#8222;Kosmiczna przygoda&#8221;! dr Krzysztof Gawryluk Czy wystarczy 130 minut by stworzy\u0107 prototyp gry 2D? TAK! ale trzeba u\u017cy\u0107 odpowiedniego narz\u0119dzia. Na warsztatach postaram si\u0119 przedstawi\u0107 silnik gier GODOT i wykorzysta\u0107 go do zaprogramowania prototypu gry 2D &#8211; b\u0119dzie to &#8222;Kosmiczna przygoda&#8221;. &hellip; <\/p>\n<p class=\"link-more\"><a href=\"http:\/\/dniotwarte.uwb.edu.pl\/?page_id=311\" class=\"more-link\">Czytaj dalej<span class=\"screen-reader-text\"> \u201eWydzia\u0142 Fizyki &#8211; warsztaty\u201d<\/span><\/a><\/p>\n","protected":false},"author":1,"featured_media":1195,"parent":64,"menu_order":0,"comment_status":"closed","ping_status":"closed","template":"","meta":{"ngg_post_thumbnail":0,"jetpack_post_was_ever_published":false,"footnotes":""},"categories":[17,8],"tags":[],"class_list":["post-311","page","type-page","status-publish","has-post-thumbnail","hentry","category-grupowanie","category-strony-fizyka"],"jetpack_sharing_enabled":true,"jetpack_shortlink":"https:\/\/wp.me\/P9I97i-51","jetpack_likes_enabled":true,"jetpack-related-posts":[],"_links":{"self":[{"href":"http:\/\/dniotwarte.uwb.edu.pl\/index.php?rest_route=\/wp\/v2\/pages\/311","targetHints":{"allow":["GET"]}}],"collection":[{"href":"http:\/\/dniotwarte.uwb.edu.pl\/index.php?rest_route=\/wp\/v2\/pages"}],"about":[{"href":"http:\/\/dniotwarte.uwb.edu.pl\/index.php?rest_route=\/wp\/v2\/types\/page"}],"author":[{"embeddable":true,"href":"http:\/\/dniotwarte.uwb.edu.pl\/index.php?rest_route=\/wp\/v2\/users\/1"}],"replies":[{"embeddable":true,"href":"http:\/\/dniotwarte.uwb.edu.pl\/index.php?rest_route=%2Fwp%2Fv2%2Fcomments&post=311"}],"version-history":[{"count":38,"href":"http:\/\/dniotwarte.uwb.edu.pl\/index.php?rest_route=\/wp\/v2\/pages\/311\/revisions"}],"predecessor-version":[{"id":4043,"href":"http:\/\/dniotwarte.uwb.edu.pl\/index.php?rest_route=\/wp\/v2\/pages\/311\/revisions\/4043"}],"up":[{"embeddable":true,"href":"http:\/\/dniotwarte.uwb.edu.pl\/index.php?rest_route=\/wp\/v2\/pages\/64"}],"wp:featuredmedia":[{"embeddable":true,"href":"http:\/\/dniotwarte.uwb.edu.pl\/index.php?rest_route=\/wp\/v2\/media\/1195"}],"wp:attachment":[{"href":"http:\/\/dniotwarte.uwb.edu.pl\/index.php?rest_route=%2Fwp%2Fv2%2Fmedia&parent=311"}],"wp:term":[{"taxonomy":"category","embeddable":true,"href":"http:\/\/dniotwarte.uwb.edu.pl\/index.php?rest_route=%2Fwp%2Fv2%2Fcategories&post=311"},{"taxonomy":"post_tag","embeddable":true,"href":"http:\/\/dniotwarte.uwb.edu.pl\/index.php?rest_route=%2Fwp%2Fv2%2Ftags&post=311"}],"curies":[{"name":"wp","href":"https:\/\/api.w.org\/{rel}","templated":true}]}}