{"id":3277,"date":"2023-03-17T13:19:59","date_gmt":"2023-03-17T12:19:59","guid":{"rendered":"http:\/\/dniotwarte.uwb.edu.pl\/?page_id=3277"},"modified":"2023-03-17T13:19:59","modified_gmt":"2023-03-17T12:19:59","slug":"uniwersyteckie-centrum-obliczeniowe-zwiedzanie","status":"publish","type":"page","link":"http:\/\/dniotwarte.uwb.edu.pl\/?page_id=3277","title":{"rendered":"Uniwersyteckie Centrum Obliczeniowe &#8211; zwiedzanie"},"content":{"rendered":"<p>Zapraszamy do zwiedzania Uniwersyteckiego Centrum Obliczeniowego mieszcz\u0105cego si\u0119 w budynku<br \/>\nWydzia\u0142u Matematyki i Instytutu Informatyki 25 marca w godz. 10:00-12:00.<\/p>\n<p><strong>Kontakt: <\/strong>Mgr in\u017c. Miros\u0142aw Najbuk (<a href=\"mailto:m.najbuk@uwb.edu.pl\">m.najbuk@uwb.edu.pl<\/a>)<\/p>\n","protected":false},"excerpt":{"rendered":"<p>Zapraszamy do zwiedzania Uniwersyteckiego Centrum Obliczeniowego mieszcz\u0105cego si\u0119 w budynku Wydzia\u0142u Matematyki i Instytutu Informatyki 25 marca w godz. 10:00-12:00. Kontakt: Mgr in\u017c. Miros\u0142aw Najbuk (m.najbuk@uwb.edu.pl)<\/p>\n","protected":false},"author":7,"featured_media":0,"parent":0,"menu_order":0,"comment_status":"closed","ping_status":"closed","template":"","meta":{"ngg_post_thumbnail":0,"jetpack_post_was_ever_published":false,"footnotes":""},"categories":[],"tags":[],"class_list":["post-3277","page","type-page","status-publish","hentry"],"jetpack_sharing_enabled":true,"jetpack_shortlink":"https:\/\/wp.me\/P9I97i-QR","jetpack_likes_enabled":true,"jetpack-related-posts":[],"_links":{"self":[{"href":"http:\/\/dniotwarte.uwb.edu.pl\/index.php?rest_route=\/wp\/v2\/pages\/3277","targetHints":{"allow":["GET"]}}],"collection":[{"href":"http:\/\/dniotwarte.uwb.edu.pl\/index.php?rest_route=\/wp\/v2\/pages"}],"about":[{"href":"http:\/\/dniotwarte.uwb.edu.pl\/index.php?rest_route=\/wp\/v2\/types\/page"}],"author":[{"embeddable":true,"href":"http:\/\/dniotwarte.uwb.edu.pl\/index.php?rest_route=\/wp\/v2\/users\/7"}],"replies":[{"embeddable":true,"href":"http:\/\/dniotwarte.uwb.edu.pl\/index.php?rest_route=%2Fwp%2Fv2%2Fcomments&post=3277"}],"version-history":[{"count":1,"href":"http:\/\/dniotwarte.uwb.edu.pl\/index.php?rest_route=\/wp\/v2\/pages\/3277\/revisions"}],"predecessor-version":[{"id":3279,"href":"http:\/\/dniotwarte.uwb.edu.pl\/index.php?rest_route=\/wp\/v2\/pages\/3277\/revisions\/3279"}],"wp:attachment":[{"href":"http:\/\/dniotwarte.uwb.edu.pl\/index.php?rest_route=%2Fwp%2Fv2%2Fmedia&parent=3277"}],"wp:term":[{"taxonomy":"category","embeddable":true,"href":"http:\/\/dniotwarte.uwb.edu.pl\/index.php?rest_route=%2Fwp%2Fv2%2Fcategories&post=3277"},{"taxonomy":"post_tag","embeddable":true,"href":"http:\/\/dniotwarte.uwb.edu.pl\/index.php?rest_route=%2Fwp%2Fv2%2Ftags&post=3277"}],"curies":[{"name":"wp","href":"https:\/\/api.w.org\/{rel}","templated":true}]}}