{"id":3282,"date":"2023-03-17T17:24:19","date_gmt":"2023-03-17T16:24:19","guid":{"rendered":"http:\/\/dniotwarte.uwb.edu.pl\/?page_id=3282"},"modified":"2025-02-19T15:49:52","modified_gmt":"2025-02-19T14:49:52","slug":"uniwersyteckie-centrum-przyrodnicze","status":"publish","type":"page","link":"http:\/\/dniotwarte.uwb.edu.pl\/?page_id=3282","title":{"rendered":"Uniwersyteckie Centrum Przyrodnicze"},"content":{"rendered":"<p style=\"text-align: center;\"><strong><span style=\"color: #ff0000;\">Bilety dost\u0119pne na stronie: <a href=\"https:\/\/bilety.uwb.edu.pl\/\">https:\/\/bilety.uwb.edu.pl\/<\/a><br \/>\n<\/span><span style=\"color: #ff0000;\">Sprzeda\u017c ruszy od 3 marca 2025<\/span><\/strong><\/p>\n<p><a href=\"https:\/\/uwb.edu.pl\/uniwersytet\/ucp\"><img data-recalc-dims=\"1\" fetchpriority=\"high\" decoding=\"async\" data-attachment-id=\"3635\" data-permalink=\"http:\/\/dniotwarte.uwb.edu.pl\/?attachment_id=3635\" data-orig-file=\"https:\/\/i0.wp.com\/dniotwarte.uwb.edu.pl\/wp-content\/uploads\/2024\/03\/UCP-logo-1024x1024-1.jpg?fit=1024%2C1024\" data-orig-size=\"1024,1024\" data-comments-opened=\"0\" data-image-meta=\"{&quot;aperture&quot;:&quot;0&quot;,&quot;credit&quot;:&quot;&quot;,&quot;camera&quot;:&quot;&quot;,&quot;caption&quot;:&quot;&quot;,&quot;created_timestamp&quot;:&quot;0&quot;,&quot;copyright&quot;:&quot;&quot;,&quot;focal_length&quot;:&quot;0&quot;,&quot;iso&quot;:&quot;0&quot;,&quot;shutter_speed&quot;:&quot;0&quot;,&quot;title&quot;:&quot;&quot;,&quot;orientation&quot;:&quot;0&quot;}\" data-image-title=\"UCP-logo-1024&amp;#215;1024\" data-image-description=\"\" data-image-caption=\"\" data-medium-file=\"https:\/\/i0.wp.com\/dniotwarte.uwb.edu.pl\/wp-content\/uploads\/2024\/03\/UCP-logo-1024x1024-1.jpg?fit=300%2C300\" data-large-file=\"https:\/\/i0.wp.com\/dniotwarte.uwb.edu.pl\/wp-content\/uploads\/2024\/03\/UCP-logo-1024x1024-1.jpg?fit=525%2C525\" class=\"aligncenter wp-image-3635\" src=\"https:\/\/i0.wp.com\/dniotwarte.uwb.edu.pl\/wp-content\/uploads\/2024\/03\/UCP-logo-1024x1024-1.jpg?resize=311%2C311\" alt=\"\" width=\"311\" height=\"311\" srcset=\"https:\/\/i0.wp.com\/dniotwarte.uwb.edu.pl\/wp-content\/uploads\/2024\/03\/UCP-logo-1024x1024-1.jpg?w=1024 1024w, https:\/\/i0.wp.com\/dniotwarte.uwb.edu.pl\/wp-content\/uploads\/2024\/03\/UCP-logo-1024x1024-1.jpg?resize=300%2C300 300w, https:\/\/i0.wp.com\/dniotwarte.uwb.edu.pl\/wp-content\/uploads\/2024\/03\/UCP-logo-1024x1024-1.jpg?resize=150%2C150 150w, https:\/\/i0.wp.com\/dniotwarte.uwb.edu.pl\/wp-content\/uploads\/2024\/03\/UCP-logo-1024x1024-1.jpg?resize=768%2C768 768w, https:\/\/i0.wp.com\/dniotwarte.uwb.edu.pl\/wp-content\/uploads\/2024\/03\/UCP-logo-1024x1024-1.jpg?resize=128%2C128 128w, https:\/\/i0.wp.com\/dniotwarte.uwb.edu.pl\/wp-content\/uploads\/2024\/03\/UCP-logo-1024x1024-1.jpg?resize=32%2C32 32w, https:\/\/i0.wp.com\/dniotwarte.uwb.edu.pl\/wp-content\/uploads\/2024\/03\/UCP-logo-1024x1024-1.jpg?resize=100%2C100 100w\" sizes=\"(max-width: 311px) 100vw, 311px\" \/><\/a><\/p>\n<p>W ramach Spotka\u0144 z Nauk\u0105 2025 Uniwersyteckie Centrum Przyrodnicze zaprasza na zwiedzanie wystaw Centrum Przyrodniczego.<\/p>\n<p><strong>Rezerwacja na wydarzenia mo\u017cliwa jest przez zakup bezp\u0142atnych bilet\u00f3w, dost\u0119pnych na stronie <\/strong><strong>bilety.uwb.edu.pl <\/strong><strong>(w zak\u0142adce Uniwersyteckie Centrum Przyrodnicze)<\/strong><\/p>\n<p><strong>W dniu wydarzenia prosimy o okazanie zakupionych bilet\u00f3w bezp\u0142atnych.<\/strong><\/p>\n<div class=\"em em-view-container\" id=\"em-view-1896575132\" data-view=\"list\">\r\n\t<div class=\"em pixelbones em-list em-events-list\" id=\"em-events-list-1896575132\" data-view-id=\"1896575132\">\r\n\t<table class=\"events-table\" >\r\n    <thead>\r\n        <tr>\r\n\t\t\t<th class=\"event-date\" scope=\"col\">Data<\/th>\r\n\t\t\t<th class=\"event-time\" scope=\"col\">Godzina<\/th>\r\n\t\t\t<th class=\"event-description\" scope=\"col\">Wydarzenie<\/th>\r\n\t\t<\/tr>\r\n   \t<\/thead>\r\n    <tbody><tr>\r\n\t\t\t<td width=\"9%\">\r\n                czwartek 13-03-2025  \r\n\t\t\t<\/td><td width=\"15%\"style=\"background-color:lightgrey;\">\r\n                09:00 - 10:00\r\n            <\/td>\r\n            <td>\r\n                <a href=\"http:\/\/dniotwarte.uwb.edu.pl\/?event=przyrodnicza-podroz-po-wystawach-uniwersyteckiego-centrum-przyrodniczego-8\">Przyrodnicza podr\u00f3\u017c po wystawach Uniwersyteckiego Centrum Przyrodniczego<\/a>\r\n                <br\/><i>Uniwersyteckie Centrum Przyrodnicze, Bialystok <\/i>\r\n<span style=\"color: #ff0000;\"><strong>BRAK MIEJSC<\/strong><\/span> \r\n            <\/td>\r\n        <\/tr>\r\n<tr style =\"font-size: 4px;\">\r\n<td bgcolor=\"#559F77\" >\u00a0<\/td><td bgcolor=\"#559F77\">\u00a0<\/td><td bgcolor=\"#559F77\">\u00a0<\/td>\r\n<\/tr><tr>\r\n\t\t\t<td width=\"9%\">\r\n                czwartek 13-03-2025  \r\n\t\t\t<\/td><td width=\"15%\"style=\"background-color:lightgrey;\">\r\n                10:00 - 11:00\r\n            <\/td>\r\n            <td>\r\n                <a href=\"http:\/\/dniotwarte.uwb.edu.pl\/?event=przyrodnicza-podroz-po-wystawach-uniwersyteckiego-centrum-przyrodniczego-6\">Przyrodnicza podr\u00f3\u017c po wystawach Uniwersyteckiego Centrum Przyrodniczego<\/a>\r\n                <br\/><i>Uniwersyteckie Centrum Przyrodnicze, Bialystok <\/i>\r\n<span style=\"color: #ff0000;\"><strong>BRAK MIEJSC<\/strong><\/span> \r\n            <\/td>\r\n        <\/tr>\r\n<tr style =\"font-size: 4px;\">\r\n<td bgcolor=\"#559F77\" >\u00a0<\/td><td bgcolor=\"#559F77\">\u00a0<\/td><td bgcolor=\"#559F77\">\u00a0<\/td>\r\n<\/tr><tr>\r\n\t\t\t<td width=\"9%\">\r\n                czwartek 13-03-2025  \r\n\t\t\t<\/td><td width=\"15%\"style=\"background-color:lightgrey;\">\r\n                11:00 - 12:00\r\n            <\/td>\r\n            <td>\r\n                <a href=\"http:\/\/dniotwarte.uwb.edu.pl\/?event=przyrodnicza-podroz-po-wystawach-uniwersyteckiego-centrum-przyrodniczego-7\">Przyrodnicza podr\u00f3\u017c po wystawach Uniwersyteckiego Centrum Przyrodniczego<\/a>\r\n                <br\/><i>Uniwersyteckie Centrum Przyrodnicze, Bialystok <\/i>\r\n<span style=\"color: #ff0000;\"><strong>BRAK MIEJSC<\/strong><\/span> \r\n            <\/td>\r\n        <\/tr>\r\n<tr style =\"font-size: 4px;\">\r\n<td bgcolor=\"#559F77\" >\u00a0<\/td><td bgcolor=\"#559F77\">\u00a0<\/td><td bgcolor=\"#559F77\">\u00a0<\/td>\r\n<\/tr><tr>\r\n\t\t\t<td width=\"9%\">\r\n                pi\u0105tek 14-03-2025  \r\n\t\t\t<\/td><td width=\"15%\"style=\"background-color:lightgrey;\">\r\n                09:00 - 10:00\r\n            <\/td>\r\n            <td>\r\n                <a href=\"http:\/\/dniotwarte.uwb.edu.pl\/?event=przyrodnicza-podroz-po-wystawach-uniwersyteckiego-centrum-przyrodniczego\">Przyrodnicza podr\u00f3\u017c po wystawach Uniwersyteckiego Centrum Przyrodniczego<\/a>\r\n                <br\/><i>Uniwersyteckie Centrum Przyrodnicze, Bialystok <\/i>\r\n<span style=\"color: #ff0000;\"><strong>BRAK MIEJSC<\/strong><\/span> \r\n            <\/td>\r\n        <\/tr>\r\n<tr style =\"font-size: 4px;\">\r\n<td bgcolor=\"#559F77\" >\u00a0<\/td><td bgcolor=\"#559F77\">\u00a0<\/td><td bgcolor=\"#559F77\">\u00a0<\/td>\r\n<\/tr><tr>\r\n\t\t\t<td width=\"9%\">\r\n                pi\u0105tek 14-03-2025  \r\n\t\t\t<\/td><td width=\"15%\"style=\"background-color:lightgrey;\">\r\n                10:00 - 11:00\r\n            <\/td>\r\n            <td>\r\n                <a href=\"http:\/\/dniotwarte.uwb.edu.pl\/?event=przyrodnicza-podroz-po-wystawach-uniwersyteckiego-centrum-przyrodniczego-5\">Przyrodnicza podr\u00f3\u017c po wystawach Uniwersyteckiego Centrum Przyrodniczego<\/a>\r\n                <br\/><i>Uniwersyteckie Centrum Przyrodnicze, Bialystok <\/i>\r\n<span style=\"color: #ff0000;\"><strong>BRAK MIEJSC<\/strong><\/span>\r\n            <\/td>\r\n        <\/tr>\r\n<tr style =\"font-size: 4px;\">\r\n<td bgcolor=\"#559F77\" >\u00a0<\/td><td bgcolor=\"#559F77\">\u00a0<\/td><td bgcolor=\"#559F77\">\u00a0<\/td>\r\n<\/tr><tr>\r\n\t\t\t<td width=\"9%\">\r\n                sobota 15-03-2025  \r\n\t\t\t<\/td><td width=\"15%\"style=\"background-color:lightgrey;\">\r\n                11:00 - 12:00\r\n            <\/td>\r\n            <td>\r\n                <a href=\"http:\/\/dniotwarte.uwb.edu.pl\/?event=przyrodnicza-podroz-po-wystawach-uniwersyteckiego-centrum-przyrodniczego-9\">Przyrodnicza podr\u00f3\u017c po wystawach Uniwersyteckiego Centrum Przyrodniczego<\/a>\r\n                <br\/><i>Uniwersyteckie Centrum Przyrodnicze, Bialystok <\/i>\r\n<span style=\"color: #ff0000;\"><strong>BRAK MIEJSC<\/strong><\/span> \r\n            <\/td>\r\n        <\/tr>\r\n<tr style =\"font-size: 4px;\">\r\n<td bgcolor=\"#559F77\" >\u00a0<\/td><td bgcolor=\"#559F77\">\u00a0<\/td><td bgcolor=\"#559F77\">\u00a0<\/td>\r\n<\/tr><tr>\r\n\t\t\t<td width=\"9%\">\r\n                sobota 15-03-2025  \r\n\t\t\t<\/td><td width=\"15%\"style=\"background-color:lightgrey;\">\r\n                12:00 - 13:00\r\n            <\/td>\r\n            <td>\r\n                <a href=\"http:\/\/dniotwarte.uwb.edu.pl\/?event=przyrodnicza-podroz-po-wystawach-uniwersyteckiego-centrum-przyrodniczego-10\">Przyrodnicza podr\u00f3\u017c po wystawach Uniwersyteckiego Centrum Przyrodniczego<\/a>\r\n                <br\/><i>Uniwersyteckie Centrum Przyrodnicze, Bialystok <\/i>\r\n<span style=\"color: #ff0000;\"><strong>BRAK MIEJSC<\/strong><\/span> \r\n            <\/td>\r\n        <\/tr>\r\n<tr style =\"font-size: 4px;\">\r\n<td bgcolor=\"#559F77\" >\u00a0<\/td><td bgcolor=\"#559F77\">\u00a0<\/td><td bgcolor=\"#559F77\">\u00a0<\/td>\r\n<\/tr><\/tbody><\/table>\t<\/div>\r\n<\/div>\n","protected":false},"excerpt":{"rendered":"<p>Bilety dost\u0119pne na stronie: https:\/\/bilety.uwb.edu.pl\/ Sprzeda\u017c ruszy od 3 marca 2025 W ramach Spotka\u0144 z Nauk\u0105 2025 Uniwersyteckie Centrum Przyrodnicze zaprasza na zwiedzanie wystaw Centrum Przyrodniczego. Rezerwacja na wydarzenia mo\u017cliwa jest przez zakup bezp\u0142atnych bilet\u00f3w, dost\u0119pnych na stronie bilety.uwb.edu.pl (w zak\u0142adce Uniwersyteckie Centrum Przyrodnicze) W dniu wydarzenia prosimy o okazanie zakupionych bilet\u00f3w bezp\u0142atnych.<\/p>\n","protected":false},"author":3,"featured_media":0,"parent":0,"menu_order":0,"comment_status":"closed","ping_status":"closed","template":"","meta":{"ngg_post_thumbnail":0,"jetpack_post_was_ever_published":false,"footnotes":""},"categories":[],"tags":[],"class_list":["post-3282","page","type-page","status-publish","hentry"],"jetpack_sharing_enabled":true,"jetpack_shortlink":"https:\/\/wp.me\/P9I97i-QW","jetpack_likes_enabled":true,"jetpack-related-posts":[],"_links":{"self":[{"href":"http:\/\/dniotwarte.uwb.edu.pl\/index.php?rest_route=\/wp\/v2\/pages\/3282","targetHints":{"allow":["GET"]}}],"collection":[{"href":"http:\/\/dniotwarte.uwb.edu.pl\/index.php?rest_route=\/wp\/v2\/pages"}],"about":[{"href":"http:\/\/dniotwarte.uwb.edu.pl\/index.php?rest_route=\/wp\/v2\/types\/page"}],"author":[{"embeddable":true,"href":"http:\/\/dniotwarte.uwb.edu.pl\/index.php?rest_route=\/wp\/v2\/users\/3"}],"replies":[{"embeddable":true,"href":"http:\/\/dniotwarte.uwb.edu.pl\/index.php?rest_route=%2Fwp%2Fv2%2Fcomments&post=3282"}],"version-history":[{"count":14,"href":"http:\/\/dniotwarte.uwb.edu.pl\/index.php?rest_route=\/wp\/v2\/pages\/3282\/revisions"}],"predecessor-version":[{"id":3761,"href":"http:\/\/dniotwarte.uwb.edu.pl\/index.php?rest_route=\/wp\/v2\/pages\/3282\/revisions\/3761"}],"wp:attachment":[{"href":"http:\/\/dniotwarte.uwb.edu.pl\/index.php?rest_route=%2Fwp%2Fv2%2Fmedia&parent=3282"}],"wp:term":[{"taxonomy":"category","embeddable":true,"href":"http:\/\/dniotwarte.uwb.edu.pl\/index.php?rest_route=%2Fwp%2Fv2%2Fcategories&post=3282"},{"taxonomy":"post_tag","embeddable":true,"href":"http:\/\/dniotwarte.uwb.edu.pl\/index.php?rest_route=%2Fwp%2Fv2%2Ftags&post=3282"}],"curies":[{"name":"wp","href":"https:\/\/api.w.org\/{rel}","templated":true}]}}