{"id":3764,"date":"2025-02-24T14:24:26","date_gmt":"2025-02-24T13:24:26","guid":{"rendered":"https:\/\/dniotwarte.uwb.edu.pl\/?page_id=3764"},"modified":"2025-02-24T14:32:06","modified_gmt":"2025-02-24T13:32:06","slug":"wydawnictwo-uwb","status":"publish","type":"page","link":"http:\/\/dniotwarte.uwb.edu.pl\/?page_id=3764","title":{"rendered":"Wydawnictwo UwB"},"content":{"rendered":"<p><a href=\"https:\/\/wydawnictwo.uwb.edu.pl\/\"><img data-recalc-dims=\"1\" fetchpriority=\"high\" decoding=\"async\" data-attachment-id=\"3772\" data-permalink=\"http:\/\/dniotwarte.uwb.edu.pl\/?attachment_id=3772\" data-orig-file=\"https:\/\/i0.wp.com\/dniotwarte.uwb.edu.pl\/wp-content\/uploads\/2025\/02\/wydawnictwo_360.png?fit=400%2C104\" data-orig-size=\"400,104\" data-comments-opened=\"0\" data-image-meta=\"{&quot;aperture&quot;:&quot;0&quot;,&quot;credit&quot;:&quot;&quot;,&quot;camera&quot;:&quot;&quot;,&quot;caption&quot;:&quot;&quot;,&quot;created_timestamp&quot;:&quot;0&quot;,&quot;copyright&quot;:&quot;&quot;,&quot;focal_length&quot;:&quot;0&quot;,&quot;iso&quot;:&quot;0&quot;,&quot;shutter_speed&quot;:&quot;0&quot;,&quot;title&quot;:&quot;&quot;,&quot;orientation&quot;:&quot;0&quot;}\" data-image-title=\"wydawnictwo_360\" data-image-description=\"\" data-image-caption=\"\" data-medium-file=\"https:\/\/i0.wp.com\/dniotwarte.uwb.edu.pl\/wp-content\/uploads\/2025\/02\/wydawnictwo_360.png?fit=300%2C78\" data-large-file=\"https:\/\/i0.wp.com\/dniotwarte.uwb.edu.pl\/wp-content\/uploads\/2025\/02\/wydawnictwo_360.png?fit=400%2C104\" class=\"aligncenter wp-image-3772\" src=\"https:\/\/i0.wp.com\/dniotwarte.uwb.edu.pl\/wp-content\/uploads\/2025\/02\/wydawnictwo_360.png?resize=525%2C136\" alt=\"\" width=\"525\" height=\"136\" srcset=\"https:\/\/i0.wp.com\/dniotwarte.uwb.edu.pl\/wp-content\/uploads\/2025\/02\/wydawnictwo_360.png?w=400 400w, https:\/\/i0.wp.com\/dniotwarte.uwb.edu.pl\/wp-content\/uploads\/2025\/02\/wydawnictwo_360.png?resize=300%2C78 300w, https:\/\/i0.wp.com\/dniotwarte.uwb.edu.pl\/wp-content\/uploads\/2025\/02\/wydawnictwo_360.png?resize=128%2C33 128w, https:\/\/i0.wp.com\/dniotwarte.uwb.edu.pl\/wp-content\/uploads\/2025\/02\/wydawnictwo_360.png?resize=32%2C8 32w\" sizes=\"(max-width: 525px) 100vw, 525px\" \/><\/a><\/p>\n<h2>O wydawnictwie<\/h2>\n<p>Wydawnictwo Uniwersytetu w Bia\u0142ymstoku znajduje si\u0119 w wykazie wydawnictw publikuj\u0105cych recenzowane monografie naukowe og\u0142oszonym w komunikacie MNiSW z dn. 18.01.2019 r.<\/p>\n<p>Wydawnictwo dok\u0142ada wszelkich stara\u0144, aby wydawane przez nas ksi\u0105\u017cki prezentowa\u0142y wysoki poziom merytoryczny i edytorski. Do\u015bwiadczony i sprawdzony zesp\u00f3\u0142 redakcyjny gwarantuje kompleksow\u0105, profesjonaln\u0105 opiek\u0119 edytorsk\u0105, staranne opracowanie j\u0119zykowo-stylistyczne i edytorsko-techniczne, indywidualny projekt graficzny wn\u0119trza i ok\u0142adki. Utrzymujemy osobisty, przyjazny kontakt z Autorami podczas pracy nad tekstem i szat\u0105 graficzn\u0105 publikacji.<\/p>\n","protected":false},"excerpt":{"rendered":"<p>O wydawnictwie Wydawnictwo Uniwersytetu w Bia\u0142ymstoku znajduje si\u0119 w wykazie wydawnictw publikuj\u0105cych recenzowane monografie naukowe og\u0142oszonym w komunikacie MNiSW z dn. 18.01.2019 r. Wydawnictwo dok\u0142ada wszelkich stara\u0144, aby wydawane przez nas ksi\u0105\u017cki prezentowa\u0142y wysoki poziom merytoryczny i edytorski. Do\u015bwiadczony i sprawdzony zesp\u00f3\u0142 redakcyjny gwarantuje kompleksow\u0105, profesjonaln\u0105 opiek\u0119 edytorsk\u0105, staranne opracowanie j\u0119zykowo-stylistyczne i edytorsko-techniczne, indywidualny projekt &hellip; <\/p>\n<p class=\"link-more\"><a href=\"http:\/\/dniotwarte.uwb.edu.pl\/?page_id=3764\" class=\"more-link\">Czytaj dalej<span class=\"screen-reader-text\"> \u201eWydawnictwo UwB\u201d<\/span><\/a><\/p>\n","protected":false},"author":3,"featured_media":0,"parent":0,"menu_order":0,"comment_status":"closed","ping_status":"closed","template":"","meta":{"ngg_post_thumbnail":0,"jetpack_post_was_ever_published":false,"footnotes":""},"categories":[],"tags":[],"class_list":["post-3764","page","type-page","status-publish","hentry"],"jetpack_sharing_enabled":true,"jetpack_shortlink":"https:\/\/wp.me\/P9I97i-YI","jetpack_likes_enabled":true,"jetpack-related-posts":[],"_links":{"self":[{"href":"http:\/\/dniotwarte.uwb.edu.pl\/index.php?rest_route=\/wp\/v2\/pages\/3764","targetHints":{"allow":["GET"]}}],"collection":[{"href":"http:\/\/dniotwarte.uwb.edu.pl\/index.php?rest_route=\/wp\/v2\/pages"}],"about":[{"href":"http:\/\/dniotwarte.uwb.edu.pl\/index.php?rest_route=\/wp\/v2\/types\/page"}],"author":[{"embeddable":true,"href":"http:\/\/dniotwarte.uwb.edu.pl\/index.php?rest_route=\/wp\/v2\/users\/3"}],"replies":[{"embeddable":true,"href":"http:\/\/dniotwarte.uwb.edu.pl\/index.php?rest_route=%2Fwp%2Fv2%2Fcomments&post=3764"}],"version-history":[{"count":5,"href":"http:\/\/dniotwarte.uwb.edu.pl\/index.php?rest_route=\/wp\/v2\/pages\/3764\/revisions"}],"predecessor-version":[{"id":3775,"href":"http:\/\/dniotwarte.uwb.edu.pl\/index.php?rest_route=\/wp\/v2\/pages\/3764\/revisions\/3775"}],"wp:attachment":[{"href":"http:\/\/dniotwarte.uwb.edu.pl\/index.php?rest_route=%2Fwp%2Fv2%2Fmedia&parent=3764"}],"wp:term":[{"taxonomy":"category","embeddable":true,"href":"http:\/\/dniotwarte.uwb.edu.pl\/index.php?rest_route=%2Fwp%2Fv2%2Fcategories&post=3764"},{"taxonomy":"post_tag","embeddable":true,"href":"http:\/\/dniotwarte.uwb.edu.pl\/index.php?rest_route=%2Fwp%2Fv2%2Ftags&post=3764"}],"curies":[{"name":"wp","href":"https:\/\/api.w.org\/{rel}","templated":true}]}}