{"id":3970,"date":"2025-03-05T10:59:30","date_gmt":"2025-03-05T09:59:30","guid":{"rendered":"https:\/\/dniotwarte.uwb.edu.pl\/?page_id=3970"},"modified":"2025-03-06T15:45:01","modified_gmt":"2025-03-06T14:45:01","slug":"wydzial-informatyki","status":"publish","type":"page","link":"http:\/\/dniotwarte.uwb.edu.pl\/?page_id=3970","title":{"rendered":"Wydzia\u0142 Informatyki"},"content":{"rendered":"<p style=\"text-align: center;\"><strong>Wyk\u0142ad<\/strong><\/p>\n<p><strong>Temat: <\/strong>Wykorzystanie chmury obliczeniowej Google Colaboratory w akceleracji oblicze\u0144 komputerowych<br \/>\n<strong>Prowadz\u0105cy: <\/strong>dr in\u017c. Krzysztof Szersze\u0144<br \/>\n<strong>Terminy:<\/strong> czwartek, 13 marca 2025<br \/>\n<strong>Godziny:<\/strong> 11:30-12:15<br \/>\n<strong>Miejsce:<\/strong> sala 2001 &#8211; Wydzia\u0142 Informatyki UwB<br \/>\n<strong>Czas trwania:<\/strong> 45 min<br \/>\n<strong>Liczba uczestnik\u00f3w:<\/strong> 100<\/p>\n<p>Wykorzystanie kart graficznych do oblicze\u0144 komputerowych zyska\u0142o w<br \/>\nostatnich latach niezwyk\u0142\u0105 popularno\u015b\u0107. Wyrazem tego jest 25-krotny<br \/>\nwzrost warto\u015bci akcji firmy NVIDIA w ci\u0105gu ostatnich pi\u0119ciu lat, co<br \/>\njest \u015bci\u015ble zwi\u0105zane z dynamicznym rozwojem sztucznej inteligencji.<br \/>\nNajbardziej wydajne karty graficzne firmy NVIDIA potrafi\u0105 kosztowa\u0107<br \/>\nnawet kilkana\u015bcie tysi\u0119cy z\u0142otych. Okazuje si\u0119 jednak, \u017ce<br \/>\nobliczenia na kartach GPU mo\u017cemy przeprowadza\u0107 posiadaj\u0105c jedynie<br \/>\nzwyk\u0142e konto e-mailowe Gmail. Umo\u017cliwia to us\u0142uga Google<br \/>\nColaboratory, kt\u00f3rej funkcjonalno\u015bci zaprezentujemy podczas wyk\u0142adu.<br \/>\nSerdecznie zapraszamy!<\/p>\n<p><strong>Zapisy telefoniczne:<\/strong> 085 738 8321<\/p>\n<p>&nbsp;<\/p>\n","protected":false},"excerpt":{"rendered":"<p>Wyk\u0142ad Temat: Wykorzystanie chmury obliczeniowej Google Colaboratory w akceleracji oblicze\u0144 komputerowych Prowadz\u0105cy: dr in\u017c. Krzysztof Szersze\u0144 Terminy: czwartek, 13 marca 2025 Godziny: 11:30-12:15 Miejsce: sala 2001 &#8211; Wydzia\u0142 Informatyki UwB Czas trwania: 45 min Liczba uczestnik\u00f3w: 100 Wykorzystanie kart graficznych do oblicze\u0144 komputerowych zyska\u0142o w ostatnich latach niezwyk\u0142\u0105 popularno\u015b\u0107. Wyrazem tego jest 25-krotny wzrost warto\u015bci &hellip; <\/p>\n<p class=\"link-more\"><a href=\"http:\/\/dniotwarte.uwb.edu.pl\/?page_id=3970\" class=\"more-link\">Czytaj dalej<span class=\"screen-reader-text\"> \u201eWydzia\u0142 Informatyki\u201d<\/span><\/a><\/p>\n","protected":false},"author":8,"featured_media":0,"parent":0,"menu_order":0,"comment_status":"closed","ping_status":"closed","template":"","meta":{"ngg_post_thumbnail":0,"jetpack_post_was_ever_published":false,"footnotes":""},"categories":[17],"tags":[],"class_list":["post-3970","page","type-page","status-publish","hentry","category-grupowanie"],"jetpack_sharing_enabled":true,"jetpack_shortlink":"https:\/\/wp.me\/P9I97i-122","jetpack_likes_enabled":true,"jetpack-related-posts":[],"_links":{"self":[{"href":"http:\/\/dniotwarte.uwb.edu.pl\/index.php?rest_route=\/wp\/v2\/pages\/3970","targetHints":{"allow":["GET"]}}],"collection":[{"href":"http:\/\/dniotwarte.uwb.edu.pl\/index.php?rest_route=\/wp\/v2\/pages"}],"about":[{"href":"http:\/\/dniotwarte.uwb.edu.pl\/index.php?rest_route=\/wp\/v2\/types\/page"}],"author":[{"embeddable":true,"href":"http:\/\/dniotwarte.uwb.edu.pl\/index.php?rest_route=\/wp\/v2\/users\/8"}],"replies":[{"embeddable":true,"href":"http:\/\/dniotwarte.uwb.edu.pl\/index.php?rest_route=%2Fwp%2Fv2%2Fcomments&post=3970"}],"version-history":[{"count":7,"href":"http:\/\/dniotwarte.uwb.edu.pl\/index.php?rest_route=\/wp\/v2\/pages\/3970\/revisions"}],"predecessor-version":[{"id":3991,"href":"http:\/\/dniotwarte.uwb.edu.pl\/index.php?rest_route=\/wp\/v2\/pages\/3970\/revisions\/3991"}],"wp:attachment":[{"href":"http:\/\/dniotwarte.uwb.edu.pl\/index.php?rest_route=%2Fwp%2Fv2%2Fmedia&parent=3970"}],"wp:term":[{"taxonomy":"category","embeddable":true,"href":"http:\/\/dniotwarte.uwb.edu.pl\/index.php?rest_route=%2Fwp%2Fv2%2Fcategories&post=3970"},{"taxonomy":"post_tag","embeddable":true,"href":"http:\/\/dniotwarte.uwb.edu.pl\/index.php?rest_route=%2Fwp%2Fv2%2Ftags&post=3970"}],"curies":[{"name":"wp","href":"https:\/\/api.w.org\/{rel}","templated":true}]}}