{"id":469,"date":"2018-03-02T14:51:53","date_gmt":"2018-03-02T13:51:53","guid":{"rendered":"http:\/\/dniotwarte.uwb.edu.pl\/?page_id=469"},"modified":"2024-02-29T20:10:39","modified_gmt":"2024-02-29T19:10:39","slug":"dla-sponsorow","status":"publish","type":"page","link":"http:\/\/dniotwarte.uwb.edu.pl\/?page_id=469","title":{"rendered":"Dla sponsor\u00f3w"},"content":{"rendered":"<h1><strong>Chcesz zosta\u0107 sponsorem Marcowych Spotka\u0144 z Nauk\u0105 ?<\/strong><\/h1>\n<h1><strong>Chcesz wystawi\u0107 stoisko firmowe ?<\/strong><\/h1>\n<p><strong>zadzwo\u0144 do Koordynatora Marcowych Spotka\u0144 z Nauk\u0105<\/strong><\/p>\n<p><span style=\"font-size: 14pt;\"><strong>Kontakt<\/strong>: \u2013 <\/span><\/p>\n<p><em style=\"font-size: 14pt;\">Prof, dr hab. Agnieszka Z. Wilczewska \u2013 tel.<strong> 85 738 80 37<\/strong><\/em><br \/>\nE-mail: <a href=\"mailto:agawilczuwb@gmail.com\">agawilczuwb@gmail.com<\/a><\/p>\n<p><img data-recalc-dims=\"1\" fetchpriority=\"high\" decoding=\"async\" data-attachment-id=\"1542\" data-permalink=\"http:\/\/dniotwarte.uwb.edu.pl\/?attachment_id=1542\" data-orig-file=\"https:\/\/i0.wp.com\/dniotwarte.uwb.edu.pl\/wp-content\/uploads\/2019\/03\/wizytowka-aw.gif?fit=176%2C176\" data-orig-size=\"176,176\" data-comments-opened=\"0\" data-image-meta=\"{&quot;aperture&quot;:&quot;0&quot;,&quot;credit&quot;:&quot;&quot;,&quot;camera&quot;:&quot;&quot;,&quot;caption&quot;:&quot;&quot;,&quot;created_timestamp&quot;:&quot;0&quot;,&quot;copyright&quot;:&quot;&quot;,&quot;focal_length&quot;:&quot;0&quot;,&quot;iso&quot;:&quot;0&quot;,&quot;shutter_speed&quot;:&quot;0&quot;,&quot;title&quot;:&quot;&quot;,&quot;orientation&quot;:&quot;0&quot;}\" data-image-title=\"wizytowka-aw\" data-image-description=\"\" data-image-caption=\"\" data-medium-file=\"https:\/\/i0.wp.com\/dniotwarte.uwb.edu.pl\/wp-content\/uploads\/2019\/03\/wizytowka-aw.gif?fit=176%2C176\" data-large-file=\"https:\/\/i0.wp.com\/dniotwarte.uwb.edu.pl\/wp-content\/uploads\/2019\/03\/wizytowka-aw.gif?fit=176%2C176\" class=\"alignnone wp-image-1542\" src=\"https:\/\/i0.wp.com\/dniotwarte.uwb.edu.pl\/wp-content\/uploads\/2019\/03\/wizytowka-aw.gif?resize=240%2C240\" alt=\"\" width=\"240\" height=\"240\"><\/p>\n","protected":false},"excerpt":{"rendered":"<p>Chcesz zosta\u0107 sponsorem Marcowych Spotka\u0144 z Nauk\u0105 ? Chcesz wystawi\u0107 stoisko firmowe ? zadzwo\u0144 do Koordynatora Marcowych Spotka\u0144 z Nauk\u0105 Kontakt: \u2013 Prof, dr hab. Agnieszka Z. Wilczewska \u2013 tel. 85 738 80 37 E-mail: agawilczuwb@gmail.com<\/p>\n","protected":false},"author":1,"featured_media":0,"parent":0,"menu_order":0,"comment_status":"closed","ping_status":"closed","template":"","meta":{"ngg_post_thumbnail":0,"jetpack_post_was_ever_published":false,"footnotes":""},"categories":[25],"tags":[],"class_list":["post-469","page","type-page","status-publish","hentry","category-rozne"],"jetpack_sharing_enabled":true,"jetpack_shortlink":"https:\/\/wp.me\/P9I97i-7z","jetpack_likes_enabled":true,"jetpack-related-posts":[],"_links":{"self":[{"href":"http:\/\/dniotwarte.uwb.edu.pl\/index.php?rest_route=\/wp\/v2\/pages\/469","targetHints":{"allow":["GET"]}}],"collection":[{"href":"http:\/\/dniotwarte.uwb.edu.pl\/index.php?rest_route=\/wp\/v2\/pages"}],"about":[{"href":"http:\/\/dniotwarte.uwb.edu.pl\/index.php?rest_route=\/wp\/v2\/types\/page"}],"author":[{"embeddable":true,"href":"http:\/\/dniotwarte.uwb.edu.pl\/index.php?rest_route=\/wp\/v2\/users\/1"}],"replies":[{"embeddable":true,"href":"http:\/\/dniotwarte.uwb.edu.pl\/index.php?rest_route=%2Fwp%2Fv2%2Fcomments&post=469"}],"version-history":[{"count":12,"href":"http:\/\/dniotwarte.uwb.edu.pl\/index.php?rest_route=\/wp\/v2\/pages\/469\/revisions"}],"predecessor-version":[{"id":3446,"href":"http:\/\/dniotwarte.uwb.edu.pl\/index.php?rest_route=\/wp\/v2\/pages\/469\/revisions\/3446"}],"wp:attachment":[{"href":"http:\/\/dniotwarte.uwb.edu.pl\/index.php?rest_route=%2Fwp%2Fv2%2Fmedia&parent=469"}],"wp:term":[{"taxonomy":"category","embeddable":true,"href":"http:\/\/dniotwarte.uwb.edu.pl\/index.php?rest_route=%2Fwp%2Fv2%2Fcategories&post=469"},{"taxonomy":"post_tag","embeddable":true,"href":"http:\/\/dniotwarte.uwb.edu.pl\/index.php?rest_route=%2Fwp%2Fv2%2Ftags&post=469"}],"curies":[{"name":"wp","href":"https:\/\/api.w.org\/{rel}","templated":true}]}}