{"id":1716,"date":"2020-03-03T12:57:47","date_gmt":"2020-03-03T11:57:47","guid":{"rendered":"http:\/\/dniotwarte.uwb.edu.pl\/?page_id=1716"},"modified":"2025-06-06T23:50:55","modified_gmt":"2025-06-06T21:50:55","slug":"marcowe-spotkania-z-nauka-2-3-2","status":"publish","type":"page","link":"https:\/\/dniotwarte.uwb.edu.pl\/","title":{"rendered":"Spotkania z nauk\u0105 2025"},"content":{"rendered":"<p>&nbsp;<\/p>\n<p><span style=\"font-size: 14pt; color: #ff00ff;\"><a style=\"color: #ff00ff;\" href=\"http:\/\/dniotwarte.uwb.edu.pl\/wp-content\/uploads\/2025\/06\/raport-Spotkania-z-Nauka-2025.pdf\">PODSUMOWANIE<\/a><\/span><\/p>\n<p><a href=\"http:\/\/dniotwarte.uwb.edu.pl\/wp-content\/uploads\/2025\/03\/Regulamin-Spotkan-z-Nauka-2025.pdf\">Regulamin Spotka\u0144 z Nauk\u0105 2025<\/a><\/p>\n<p>Ju\u017c po raz dziewi\u0105ty w Kampusie Uniwersytetu w Bia\u0142ymstoku rozpoczynaj\u0105 si\u0119 Spotkania z Nauk\u0105. Celem naszych corocznych Spotka\u0144 jest upowszechnianie wiedzy z dziedziny nauk \u015bcis\u0142ych i przyrodniczych, propagowanie has\u0142a \u201enauka dla spo\u0142ecze\u0144stwa\u201d. Zaj\u0119cia przeznaczone s\u0105 dla mieszka\u0144c\u00f3w wojew\u00f3dztwa podlaskiego i Polski w wieku od 5 do 99 lat.<\/p>\n<p>Zapraszamy w dniach 13-15 marca 2025.<\/p>\n<p>Wydarzenie odb\u0119dzie si\u0119 w Kampusie Uniwersytetu w Bia\u0142ymstoku przy ul. Cio\u0142kowskiego 1 (Wydzia\u0142 Chemii, Wydzia\u0142 Stosunk\u00f3w Mi\u0119dzynarodowych, Wydzia\u0142 Biologii, Wydzia\u0142 Fizyki, Wydzia\u0142 Matematyki, Wydzia\u0142 Informatyki, Planetarium wraz z Obserwatorium Astronomicznym UwB, Biblioteka Uniwersytecka im. Jerzego Giedroycia, Wydawnictwo UwB, Uniwersyteckie Centrum Przyrodnicze im. Profesora Andrzeja Myrchy, Uniwersyteckie Centrum Kultury i Nauki).<\/p>\n<p>Podczas marcowych Spotka\u0144 z Nauk\u0105 w ramach Dni Otwartych w Kampusie Uniwersytetu w Bia\u0142ymstoku przygotowane zostanie szereg atrakcji zar\u00f3wno dla grup zorganizowanych (uczni\u00f3w szk\u00f3\u0142 podstawowych i \u015brednich) jak i dla mi\u0142o\u015bnik\u00f3w i entuzjast\u00f3w nauki oraz os\u00f3b pasjonuj\u0105cych si\u0119 poznawaniem praw rz\u0105dz\u0105cych \u015bwiatem. Zadaniem imprezy jest promowanie nauki oraz zdrowej i ekologicznej \u017cywno\u015bci. W trakcie imprezy prezentowa\u0107 si\u0119 b\u0119d\u0105 firmy z Wojew\u00f3dztwa Podlaskiego.&nbsp;<\/p>\n<p><strong>Zapraszamy na:<\/strong><\/p>\n<ul>\n<li style=\"list-style-type: none;\">\n<ul>\n<li>Warsztaty (zaj\u0119cia laboratoryjne), w trakcie kt\u00f3rych uczestnicy b\u0119d\u0105 mogli zobaczy\u0107 oraz wykona\u0107 samodzielnie do\u015bwiadczenia pod czujnym okiem pracownik\u00f3w i student\u00f3w UwB (30-45 min.). Ponad 20 r\u00f3\u017cnych zaj\u0119\u0107 dla r\u00f3\u017cnych grup wiekowych.<\/li>\n<li>Wyk\u0142ady popularnonaukowe i prezentacje na naukowe tematy<\/li>\n<li>Wycieczki po Kampusie UwB.<\/li>\n<li>Niesamowite zwierz\u0119ta i minera\u0142y \u2013 gdzie je znale\u017a\u0107? &#8211; poznawanie eksponat\u00f3w i wystaw Uniwersyteckiego Centrum Przyrodniczego.<\/li>\n<li>Pokazy w Planetarium.<\/li>\n<li>Konkursy.<\/li>\n<\/ul>\n<\/li>\n<\/ul>\n<p><strong>A w sobot\u0119 dodatkowo:<\/strong><\/p>\n<ul>\n<li style=\"list-style-type: none;\">\n<ul>\n<li>Niesamowite pokazy dla odwa\u017cnych;<\/li>\n<li>Chemiczne lody i dymi\u0105ce chrupki;<\/li>\n<li>Warsztaty book-foldingu;<\/li>\n<li>Prezentacje stolikowe, gdzie b\u0119dzie mo\u017cna zobaczy\u0107 i wykona\u0107 do\u015bwiadczenia;<\/li>\n<li>Chemiczne warsztaty plastyczne dla dzieci;<\/li>\n<li>Zabawa w atomy i balony;<\/li>\n<li>Zabawy z nagrodami dla dzieci i doros\u0142ych;<\/li>\n<li>Stoiska z regionalnymi produktami i stoiska kosmetyczne;<\/li>\n<li>Liczne atrakcje przygotowane przez sponsor\u00f3w i wystawc\u00f3w.<\/li>\n<\/ul>\n<\/li>\n<\/ul>\n<p>Informacje o wydarzeniu i planowanych atrakcjach dost\u0119pne b\u0119d\u0105 na stronie internetowej http:\/\/dniotwarte.uwb.edu.pl\/, stronach Wydzia\u0142\u00f3w i Instytutu, Facebooku oraz mediach.<\/p>\n<p>Szacunkowa liczba uczestnik\u00f3w &#8211; ok. 2000 os\u00f3b (3 dni).<\/p>\n<p>Do udzia\u0142u zapraszamy grupy zorganizowane oraz indywidualnych odbiorc\u00f3w.<\/p>\n<p><b><i>Projekt dofinansowany ze \u015brodk\u00f3w Polskiej Akademii Nauk<\/i><\/b><\/p>\n","protected":false},"excerpt":{"rendered":"<p>&nbsp; PODSUMOWANIE Regulamin Spotka\u0144 z Nauk\u0105 2025 Ju\u017c po raz dziewi\u0105ty w Kampusie Uniwersytetu w Bia\u0142ymstoku rozpoczynaj\u0105 si\u0119 Spotkania z Nauk\u0105. Celem naszych corocznych Spotka\u0144 jest upowszechnianie wiedzy z dziedziny nauk \u015bcis\u0142ych i przyrodniczych, propagowanie has\u0142a \u201enauka dla spo\u0142ecze\u0144stwa\u201d. Zaj\u0119cia przeznaczone s\u0105 dla mieszka\u0144c\u00f3w wojew\u00f3dztwa podlaskiego i Polski w wieku od 5 do 99 lat. &hellip; <\/p>\n<p class=\"link-more\"><a href=\"https:\/\/dniotwarte.uwb.edu.pl\/\" class=\"more-link\">Czytaj dalej<span class=\"screen-reader-text\"> \u201eSpotkania z nauk\u0105 2025\u201d<\/span><\/a><\/p>\n","protected":false},"author":1,"featured_media":0,"parent":0,"menu_order":0,"comment_status":"closed","ping_status":"closed","template":"","meta":{"ngg_post_thumbnail":0,"jetpack_post_was_ever_published":false,"footnotes":""},"categories":[],"tags":[],"class_list":["post-1716","page","type-page","status-publish","hentry"],"jetpack_sharing_enabled":true,"jetpack_shortlink":"https:\/\/wp.me\/P9I97i-rG","jetpack_likes_enabled":true,"jetpack-related-posts":[],"_links":{"self":[{"href":"https:\/\/dniotwarte.uwb.edu.pl\/index.php?rest_route=\/wp\/v2\/pages\/1716","targetHints":{"allow":["GET"]}}],"collection":[{"href":"https:\/\/dniotwarte.uwb.edu.pl\/index.php?rest_route=\/wp\/v2\/pages"}],"about":[{"href":"https:\/\/dniotwarte.uwb.edu.pl\/index.php?rest_route=\/wp\/v2\/types\/page"}],"author":[{"embeddable":true,"href":"https:\/\/dniotwarte.uwb.edu.pl\/index.php?rest_route=\/wp\/v2\/users\/1"}],"replies":[{"embeddable":true,"href":"https:\/\/dniotwarte.uwb.edu.pl\/index.php?rest_route=%2Fwp%2Fv2%2Fcomments&post=1716"}],"version-history":[{"count":83,"href":"https:\/\/dniotwarte.uwb.edu.pl\/index.php?rest_route=\/wp\/v2\/pages\/1716\/revisions"}],"predecessor-version":[{"id":4084,"href":"https:\/\/dniotwarte.uwb.edu.pl\/index.php?rest_route=\/wp\/v2\/pages\/1716\/revisions\/4084"}],"wp:attachment":[{"href":"https:\/\/dniotwarte.uwb.edu.pl\/index.php?rest_route=%2Fwp%2Fv2%2Fmedia&parent=1716"}],"wp:term":[{"taxonomy":"category","embeddable":true,"href":"https:\/\/dniotwarte.uwb.edu.pl\/index.php?rest_route=%2Fwp%2Fv2%2Fcategories&post=1716"},{"taxonomy":"post_tag","embeddable":true,"href":"https:\/\/dniotwarte.uwb.edu.pl\/index.php?rest_route=%2Fwp%2Fv2%2Ftags&post=1716"}],"curies":[{"name":"wp","href":"https:\/\/api.w.org\/{rel}","templated":true}]}}