{"id":2396,"date":"2021-05-07T14:30:33","date_gmt":"2021-05-07T12:30:33","guid":{"rendered":"https:\/\/dniotwarte.uwb.edu.pl\/?page_id=2396"},"modified":"2023-03-14T08:56:48","modified_gmt":"2023-03-14T07:56:48","slug":"impreza-magnetyczna","status":"publish","type":"page","link":"https:\/\/dniotwarte.uwb.edu.pl\/?page_id=2396","title":{"rendered":"Impreza magnetyczna"},"content":{"rendered":"<p>Wyk\u0142ad z pokazami.<br \/>\nObserwacja na \u017cywo: 1) domen magnetycznych w cienkiej warstwie granatu itrowo-\u017celazowegoj, 2) wp\u0142ywu pola magnetycznego na domeny magnetyczne, 3) domen magnetycznych zapisanych w pasku magnetycznym karty bankomatowej.<\/p>\n<div style=\"width: 525px;\" class=\"wp-video\"><video class=\"wp-video-shortcode\" id=\"video-2396-1\" width=\"525\" height=\"295\" preload=\"metadata\" controls=\"controls\"><source type=\"video\/mp4\" src=\"https:\/\/physics.uwb.edu.pl\/data_\/impreza-magnetyczna.mp4?_=1\" \/><a href=\"https:\/\/physics.uwb.edu.pl\/data_\/impreza-magnetyczna.mp4\">https:\/\/physics.uwb.edu.pl\/data_\/impreza-magnetyczna.mp4<\/a><\/video><\/div>\n","protected":false},"excerpt":{"rendered":"<p>Wyk\u0142ad z pokazami. Obserwacja na \u017cywo: 1) domen magnetycznych w cienkiej warstwie granatu itrowo-\u017celazowegoj, 2) wp\u0142ywu pola magnetycznego na domeny magnetyczne, 3) domen magnetycznych zapisanych w pasku magnetycznym karty bankomatowej.<\/p>\n","protected":false},"author":1,"featured_media":2401,"parent":3174,"menu_order":0,"comment_status":"closed","ping_status":"closed","template":"","meta":{"ngg_post_thumbnail":0,"jetpack_post_was_ever_published":false,"footnotes":""},"categories":[65,8],"tags":[],"class_list":["post-2396","page","type-page","status-publish","has-post-thumbnail","hentry","category-fizyka-nagrania-video","category-strony-fizyka"],"jetpack_sharing_enabled":true,"jetpack_shortlink":"https:\/\/wp.me\/P9I97i-CE","jetpack_likes_enabled":true,"jetpack-related-posts":[],"_links":{"self":[{"href":"https:\/\/dniotwarte.uwb.edu.pl\/index.php?rest_route=\/wp\/v2\/pages\/2396","targetHints":{"allow":["GET"]}}],"collection":[{"href":"https:\/\/dniotwarte.uwb.edu.pl\/index.php?rest_route=\/wp\/v2\/pages"}],"about":[{"href":"https:\/\/dniotwarte.uwb.edu.pl\/index.php?rest_route=\/wp\/v2\/types\/page"}],"author":[{"embeddable":true,"href":"https:\/\/dniotwarte.uwb.edu.pl\/index.php?rest_route=\/wp\/v2\/users\/1"}],"replies":[{"embeddable":true,"href":"https:\/\/dniotwarte.uwb.edu.pl\/index.php?rest_route=%2Fwp%2Fv2%2Fcomments&post=2396"}],"version-history":[{"count":1,"href":"https:\/\/dniotwarte.uwb.edu.pl\/index.php?rest_route=\/wp\/v2\/pages\/2396\/revisions"}],"predecessor-version":[{"id":2398,"href":"https:\/\/dniotwarte.uwb.edu.pl\/index.php?rest_route=\/wp\/v2\/pages\/2396\/revisions\/2398"}],"up":[{"embeddable":true,"href":"https:\/\/dniotwarte.uwb.edu.pl\/index.php?rest_route=\/wp\/v2\/pages\/3174"}],"wp:featuredmedia":[{"embeddable":true,"href":"https:\/\/dniotwarte.uwb.edu.pl\/index.php?rest_route=\/wp\/v2\/media\/2401"}],"wp:attachment":[{"href":"https:\/\/dniotwarte.uwb.edu.pl\/index.php?rest_route=%2Fwp%2Fv2%2Fmedia&parent=2396"}],"wp:term":[{"taxonomy":"category","embeddable":true,"href":"https:\/\/dniotwarte.uwb.edu.pl\/index.php?rest_route=%2Fwp%2Fv2%2Fcategories&post=2396"},{"taxonomy":"post_tag","embeddable":true,"href":"https:\/\/dniotwarte.uwb.edu.pl\/index.php?rest_route=%2Fwp%2Fv2%2Ftags&post=2396"}],"curies":[{"name":"wp","href":"https:\/\/api.w.org\/{rel}","templated":true}]}}