{"id":2403,"date":"2021-05-07T15:47:02","date_gmt":"2021-05-07T13:47:02","guid":{"rendered":"https:\/\/dniotwarte.uwb.edu.pl\/?page_id=2403"},"modified":"2023-03-14T09:20:17","modified_gmt":"2023-03-14T08:20:17","slug":"jak-grac-aby-wygrac","status":"publish","type":"page","link":"https:\/\/dniotwarte.uwb.edu.pl\/?page_id=2403","title":{"rendered":"Jak gra\u0107, aby wygra\u0107"},"content":{"rendered":"<p><strong>Jak gra\u0107, aby wygra\u0107<\/strong> , <em>dr Marcin Makowski<\/em><\/p>\n<p>Gry to matematyczne modele konfliktu lub kooperacji. Na trzech prostych przyk\u0142adach wyja\u015bnimy (bez zb\u0119dnych formalizm\u00f3w) jak w grach mo\u017ce dochodzi\u0107 do rozwi\u0105zania optymalnego, zwi\u0119kszenia szans na wygran\u0105 lub wr\u0119cz znalezienia strategii wygrywaj\u0105cej. Przy okazji poznamy jedno z podstawowych poj\u0119\u0107 teorii gier jak\u0105 jest r\u00f3wnowaga Nasha. Film przeznaczony r\u00f3wnie\u017c dla m\u0142odszych odbiorc\u00f3w 10+.<\/p>\n<div style=\"width: 525px;\" class=\"wp-video\"><video class=\"wp-video-shortcode\" id=\"video-2403-1\" width=\"525\" height=\"295\" preload=\"metadata\" controls=\"controls\"><source type=\"video\/mp4\" src=\"https:\/\/physics.uwb.edu.pl\/data_\/jak-grac-aby-wygrac.mp4?_=1\" \/><a href=\"https:\/\/physics.uwb.edu.pl\/data_\/jak-grac-aby-wygrac.mp4\">https:\/\/physics.uwb.edu.pl\/data_\/jak-grac-aby-wygrac.mp4<\/a><\/video><\/div>\n","protected":false},"excerpt":{"rendered":"<p>Jak gra\u0107, aby wygra\u0107 , dr Marcin Makowski Gry to matematyczne modele konfliktu lub kooperacji. Na trzech prostych przyk\u0142adach wyja\u015bnimy (bez zb\u0119dnych formalizm\u00f3w) jak w grach mo\u017ce dochodzi\u0107 do rozwi\u0105zania optymalnego, zwi\u0119kszenia szans na wygran\u0105 lub wr\u0119cz znalezienia strategii wygrywaj\u0105cej. Przy okazji poznamy jedno z podstawowych poj\u0119\u0107 teorii gier jak\u0105 jest r\u00f3wnowaga Nasha. Film przeznaczony &hellip; <\/p>\n<p class=\"link-more\"><a href=\"https:\/\/dniotwarte.uwb.edu.pl\/?page_id=2403\" class=\"more-link\">Czytaj dalej<span class=\"screen-reader-text\"> \u201eJak gra\u0107, aby wygra\u0107\u201d<\/span><\/a><\/p>\n","protected":false},"author":1,"featured_media":2407,"parent":3174,"menu_order":0,"comment_status":"closed","ping_status":"closed","template":"","meta":{"ngg_post_thumbnail":0,"jetpack_post_was_ever_published":false,"footnotes":""},"categories":[65,8],"tags":[],"class_list":["post-2403","page","type-page","status-publish","has-post-thumbnail","hentry","category-fizyka-nagrania-video","category-strony-fizyka"],"jetpack_sharing_enabled":true,"jetpack_shortlink":"https:\/\/wp.me\/P9I97i-CL","jetpack_likes_enabled":true,"jetpack-related-posts":[],"_links":{"self":[{"href":"https:\/\/dniotwarte.uwb.edu.pl\/index.php?rest_route=\/wp\/v2\/pages\/2403","targetHints":{"allow":["GET"]}}],"collection":[{"href":"https:\/\/dniotwarte.uwb.edu.pl\/index.php?rest_route=\/wp\/v2\/pages"}],"about":[{"href":"https:\/\/dniotwarte.uwb.edu.pl\/index.php?rest_route=\/wp\/v2\/types\/page"}],"author":[{"embeddable":true,"href":"https:\/\/dniotwarte.uwb.edu.pl\/index.php?rest_route=\/wp\/v2\/users\/1"}],"replies":[{"embeddable":true,"href":"https:\/\/dniotwarte.uwb.edu.pl\/index.php?rest_route=%2Fwp%2Fv2%2Fcomments&post=2403"}],"version-history":[{"count":2,"href":"https:\/\/dniotwarte.uwb.edu.pl\/index.php?rest_route=\/wp\/v2\/pages\/2403\/revisions"}],"predecessor-version":[{"id":2412,"href":"https:\/\/dniotwarte.uwb.edu.pl\/index.php?rest_route=\/wp\/v2\/pages\/2403\/revisions\/2412"}],"up":[{"embeddable":true,"href":"https:\/\/dniotwarte.uwb.edu.pl\/index.php?rest_route=\/wp\/v2\/pages\/3174"}],"wp:featuredmedia":[{"embeddable":true,"href":"https:\/\/dniotwarte.uwb.edu.pl\/index.php?rest_route=\/wp\/v2\/media\/2407"}],"wp:attachment":[{"href":"https:\/\/dniotwarte.uwb.edu.pl\/index.php?rest_route=%2Fwp%2Fv2%2Fmedia&parent=2403"}],"wp:term":[{"taxonomy":"category","embeddable":true,"href":"https:\/\/dniotwarte.uwb.edu.pl\/index.php?rest_route=%2Fwp%2Fv2%2Fcategories&post=2403"},{"taxonomy":"post_tag","embeddable":true,"href":"https:\/\/dniotwarte.uwb.edu.pl\/index.php?rest_route=%2Fwp%2Fv2%2Ftags&post=2403"}],"curies":[{"name":"wp","href":"https:\/\/api.w.org\/{rel}","templated":true}]}}