{"id":2507,"date":"2021-05-31T13:27:23","date_gmt":"2021-05-31T11:27:23","guid":{"rendered":"https:\/\/dniotwarte.uwb.edu.pl\/?page_id=2507"},"modified":"2023-03-14T08:57:06","modified_gmt":"2023-03-14T07:57:06","slug":"impreza-magnetyczna-2-2","status":"publish","type":"page","link":"https:\/\/dniotwarte.uwb.edu.pl\/?page_id=2507","title":{"rendered":"Nauczanie STEAM z BBC micro:bit i ESP32"},"content":{"rendered":"<p><strong>\u201eNauczanie STEAM z BBC micro:bit i ESP32\u201d.<\/strong>, dr Cezary Walczyk<\/p>\n<div style=\"width: 525px;\" class=\"wp-video\"><video class=\"wp-video-shortcode\" id=\"video-2507-1\" width=\"525\" height=\"295\" preload=\"metadata\" controls=\"controls\"><source type=\"video\/mp4\" src=\"https:\/\/physics.uwb.edu.pl\/data_\/nauczanie-STEAM.mp4?_=1\" \/><a href=\"https:\/\/physics.uwb.edu.pl\/data_\/nauczanie-STEAM.mp4\">https:\/\/physics.uwb.edu.pl\/data_\/nauczanie-STEAM.mp4<\/a><\/video><\/div>\n<p><a href=\"https:\/\/www.wikiwand.com\/pl\/Nauka,_technologia,_in%C5%BCynieria_i_matematyka\">STEAM<\/a> to nowoczesne, interdyscyplinarne podej\u015bcie edukacyjne, kt\u00f3re wykorzystuj\u0105c nauk\u0119, technologi\u0119, in\u017cynieri\u0119, sztuk\u0119 i matematyk\u0119, wspomaga rozwijanie u uczni\u00f3w wyobra\u017ani i krytycznego my\u015blenia. Osi\u0105gni\u0119cie tego celu wymaga zastosowania specjalnych narz\u0119dzi. Mog\u0105 nimi by\u0107 na przyk\u0142ad r\u00f3\u017cnego typu uk\u0142ady mikrokontrolerowe. Podczas wyk\u0142adu przedstawione zostan\u0105 BBC micro:bit i ESP32 oraz om\u00f3wione metody ich programowania. Pokaz uzupe\u0142ni prezentacja projekt\u00f3w wykorzystuj\u0105cych wymienione uk\u0142ady.<\/p>\n","protected":false},"excerpt":{"rendered":"<p>\u201eNauczanie STEAM z BBC micro:bit i ESP32\u201d., dr Cezary Walczyk STEAM to nowoczesne, interdyscyplinarne podej\u015bcie edukacyjne, kt\u00f3re wykorzystuj\u0105c nauk\u0119, technologi\u0119, in\u017cynieri\u0119, sztuk\u0119 i matematyk\u0119, wspomaga rozwijanie u uczni\u00f3w wyobra\u017ani i krytycznego my\u015blenia. Osi\u0105gni\u0119cie tego celu wymaga zastosowania specjalnych narz\u0119dzi. Mog\u0105 nimi by\u0107 na przyk\u0142ad r\u00f3\u017cnego typu uk\u0142ady mikrokontrolerowe. Podczas wyk\u0142adu przedstawione zostan\u0105 BBC micro:bit i &hellip; <\/p>\n<p class=\"link-more\"><a href=\"https:\/\/dniotwarte.uwb.edu.pl\/?page_id=2507\" class=\"more-link\">Czytaj dalej<span class=\"screen-reader-text\"> \u201eNauczanie STEAM z BBC micro:bit i ESP32\u201d<\/span><\/a><\/p>\n","protected":false},"author":1,"featured_media":2493,"parent":3174,"menu_order":0,"comment_status":"closed","ping_status":"closed","template":"","meta":{"ngg_post_thumbnail":0,"jetpack_post_was_ever_published":false,"footnotes":""},"categories":[65,8],"tags":[],"class_list":["post-2507","page","type-page","status-publish","has-post-thumbnail","hentry","category-fizyka-nagrania-video","category-strony-fizyka"],"jetpack_sharing_enabled":true,"jetpack_shortlink":"https:\/\/wp.me\/P9I97i-Er","jetpack_likes_enabled":true,"jetpack-related-posts":[],"_links":{"self":[{"href":"https:\/\/dniotwarte.uwb.edu.pl\/index.php?rest_route=\/wp\/v2\/pages\/2507","targetHints":{"allow":["GET"]}}],"collection":[{"href":"https:\/\/dniotwarte.uwb.edu.pl\/index.php?rest_route=\/wp\/v2\/pages"}],"about":[{"href":"https:\/\/dniotwarte.uwb.edu.pl\/index.php?rest_route=\/wp\/v2\/types\/page"}],"author":[{"embeddable":true,"href":"https:\/\/dniotwarte.uwb.edu.pl\/index.php?rest_route=\/wp\/v2\/users\/1"}],"replies":[{"embeddable":true,"href":"https:\/\/dniotwarte.uwb.edu.pl\/index.php?rest_route=%2Fwp%2Fv2%2Fcomments&post=2507"}],"version-history":[{"count":2,"href":"https:\/\/dniotwarte.uwb.edu.pl\/index.php?rest_route=\/wp\/v2\/pages\/2507\/revisions"}],"predecessor-version":[{"id":3170,"href":"https:\/\/dniotwarte.uwb.edu.pl\/index.php?rest_route=\/wp\/v2\/pages\/2507\/revisions\/3170"}],"up":[{"embeddable":true,"href":"https:\/\/dniotwarte.uwb.edu.pl\/index.php?rest_route=\/wp\/v2\/pages\/3174"}],"wp:featuredmedia":[{"embeddable":true,"href":"https:\/\/dniotwarte.uwb.edu.pl\/index.php?rest_route=\/wp\/v2\/media\/2493"}],"wp:attachment":[{"href":"https:\/\/dniotwarte.uwb.edu.pl\/index.php?rest_route=%2Fwp%2Fv2%2Fmedia&parent=2507"}],"wp:term":[{"taxonomy":"category","embeddable":true,"href":"https:\/\/dniotwarte.uwb.edu.pl\/index.php?rest_route=%2Fwp%2Fv2%2Fcategories&post=2507"},{"taxonomy":"post_tag","embeddable":true,"href":"https:\/\/dniotwarte.uwb.edu.pl\/index.php?rest_route=%2Fwp%2Fv2%2Ftags&post=2507"}],"curies":[{"name":"wp","href":"https:\/\/api.w.org\/{rel}","templated":true}]}}