{"id":2701,"date":"2022-03-14T09:47:50","date_gmt":"2022-03-14T08:47:50","guid":{"rendered":"http:\/\/dniotwarte.uwb.edu.pl\/?page_id=2701"},"modified":"2024-03-01T14:07:35","modified_gmt":"2024-03-01T13:07:35","slug":"zwiedzanie-2","status":"publish","type":"page","link":"https:\/\/dniotwarte.uwb.edu.pl\/?page_id=2701","title":{"rendered":"Zwiedzanie"},"content":{"rendered":"<p style=\"text-align: center;\"><strong>Zapraszamy do rejestracji na zwiedzanie Kampusu UwB!<\/strong><\/p>\n<p style=\"text-align: center;\"><strong><span style=\"color: #ff0000; font-size: 18pt;\">Rejestracja: tel. 85 738-80-96<\/span><\/strong><\/p>\n<div class=\"em em-view-container\" id=\"em-view-477355096\" data-view=\"list\">\r\n\t<div class=\"em pixelbones em-list em-events-list\" id=\"em-events-list-477355096\" data-view-id=\"477355096\">\r\n\t<table class=\"events-table\" >\r\n    <thead>\r\n        <tr>\r\n\t\t\t<th class=\"event-date\" scope=\"col\">Data<\/th>\r\n\t\t\t<th class=\"event-time\" scope=\"col\">Godzina<\/th>\r\n\t\t\t<th class=\"event-description\" scope=\"col\">Wydarzenie<\/th>\r\n\t\t<\/tr>\r\n   \t<\/thead>\r\n    <tbody><tr>\r\n\t\t\t<td width=\"9%\">\r\n                pi\u0105tek 15-03-2024  \r\n\t\t\t<\/td><td width=\"15%\"style=\"background-color:lightgrey;\">\r\n                10:00 - 10:45\r\n            <\/td>\r\n            <td>\r\n                <a href=\"https:\/\/dniotwarte.uwb.edu.pl\/?event=tajemnice-kampusu-17\">Tajemnice kampusu<\/a>\r\n                <br\/><i>Wydzia\u0142 Chemii, Uniwersytet w Bia\u0142ymstoku, Bia\u0142ystok <\/i>\r\n\r\n            <\/td>\r\n        <\/tr>\r\n<tr style =\"font-size: 4px;\">\r\n<td bgcolor=\"#559F77\" >\u00a0<\/td><td bgcolor=\"#559F77\">\u00a0<\/td><td bgcolor=\"#559F77\">\u00a0<\/td>\r\n<\/tr><tr>\r\n\t\t\t<td width=\"9%\">\r\n                pi\u0105tek 15-03-2024  \r\n\t\t\t<\/td><td width=\"15%\"style=\"background-color:lightgrey;\">\r\n                10:00 - 10:45\r\n            <\/td>\r\n            <td>\r\n                <a href=\"https:\/\/dniotwarte.uwb.edu.pl\/?event=tajemnice-kampusu-31\">Tajemnice kampusu<\/a>\r\n                <br\/><i>Wydzia\u0142 Chemii, Uniwersytet w Bia\u0142ymstoku, Bia\u0142ystok <\/i>\r\n\r\n            <\/td>\r\n        <\/tr>\r\n<tr style =\"font-size: 4px;\">\r\n<td bgcolor=\"#559F77\" >\u00a0<\/td><td bgcolor=\"#559F77\">\u00a0<\/td><td bgcolor=\"#559F77\">\u00a0<\/td>\r\n<\/tr><tr>\r\n\t\t\t<td width=\"9%\">\r\n                pi\u0105tek 15-03-2024  \r\n\t\t\t<\/td><td width=\"15%\"style=\"background-color:lightgrey;\">\r\n                10:00 - 10:45\r\n            <\/td>\r\n            <td>\r\n                <a href=\"https:\/\/dniotwarte.uwb.edu.pl\/?event=tajemnice-kampusu-32\">Tajemnice kampusu<\/a>\r\n                <br\/><i>Wydzia\u0142 Chemii, Uniwersytet w Bia\u0142ymstoku, Bia\u0142ystok <\/i>\r\n\r\n            <\/td>\r\n        <\/tr>\r\n<tr style =\"font-size: 4px;\">\r\n<td bgcolor=\"#559F77\" >\u00a0<\/td><td bgcolor=\"#559F77\">\u00a0<\/td><td bgcolor=\"#559F77\">\u00a0<\/td>\r\n<\/tr><tr>\r\n\t\t\t<td width=\"9%\">\r\n                pi\u0105tek 15-03-2024  \r\n\t\t\t<\/td><td width=\"15%\"style=\"background-color:lightgrey;\">\r\n                10:00 - 10:45\r\n            <\/td>\r\n            <td>\r\n                <a href=\"https:\/\/dniotwarte.uwb.edu.pl\/?event=tajemnice-kampusu-33\">Tajemnice kampusu<\/a>\r\n                <br\/><i>Wydzia\u0142 Chemii, Uniwersytet w Bia\u0142ymstoku, Bia\u0142ystok <\/i>\r\n\r\n            <\/td>\r\n        <\/tr>\r\n<tr style =\"font-size: 4px;\">\r\n<td bgcolor=\"#559F77\" >\u00a0<\/td><td bgcolor=\"#559F77\">\u00a0<\/td><td bgcolor=\"#559F77\">\u00a0<\/td>\r\n<\/tr><tr>\r\n\t\t\t<td width=\"9%\">\r\n                pi\u0105tek 15-03-2024  \r\n\t\t\t<\/td><td width=\"15%\"style=\"background-color:lightgrey;\">\r\n                11:00 - 11:45\r\n            <\/td>\r\n            <td>\r\n                <a href=\"https:\/\/dniotwarte.uwb.edu.pl\/?event=tajemnice-kampusu-34\">Tajemnice kampusu<\/a>\r\n                <br\/><i>Wydzia\u0142 Chemii, Uniwersytet w Bia\u0142ymstoku, Bia\u0142ystok <\/i>\r\n<span style=\"color: #ff0000;\"><strong>BRAK MIEJSC<\/strong><\/span> \r\n            <\/td>\r\n        <\/tr>\r\n<tr style =\"font-size: 4px;\">\r\n<td bgcolor=\"#559F77\" >\u00a0<\/td><td bgcolor=\"#559F77\">\u00a0<\/td><td bgcolor=\"#559F77\">\u00a0<\/td>\r\n<\/tr><tr>\r\n\t\t\t<td width=\"9%\">\r\n                pi\u0105tek 15-03-2024  \r\n\t\t\t<\/td><td width=\"15%\"style=\"background-color:lightgrey;\">\r\n                11:00 - 11:45\r\n            <\/td>\r\n            <td>\r\n                <a href=\"https:\/\/dniotwarte.uwb.edu.pl\/?event=tajemnice-kampusu-35\">Tajemnice kampusu<\/a>\r\n                <br\/><i>Wydzia\u0142 Chemii, Uniwersytet w Bia\u0142ymstoku, Bia\u0142ystok <\/i>\r\n<span style=\"color: #ff0000;\"><strong>BRAK MIEJSC<\/strong><\/span> \r\n            <\/td>\r\n        <\/tr>\r\n<tr style =\"font-size: 4px;\">\r\n<td bgcolor=\"#559F77\" >\u00a0<\/td><td bgcolor=\"#559F77\">\u00a0<\/td><td bgcolor=\"#559F77\">\u00a0<\/td>\r\n<\/tr><tr>\r\n\t\t\t<td width=\"9%\">\r\n                pi\u0105tek 15-03-2024  \r\n\t\t\t<\/td><td width=\"15%\"style=\"background-color:lightgrey;\">\r\n                11:00 - 11:45\r\n            <\/td>\r\n            <td>\r\n                <a href=\"https:\/\/dniotwarte.uwb.edu.pl\/?event=tajemnice-kampusu-36\">Tajemnice kampusu<\/a>\r\n                <br\/><i>Wydzia\u0142 Chemii, Uniwersytet w Bia\u0142ymstoku, Bia\u0142ystok <\/i>\r\n\r\n            <\/td>\r\n        <\/tr>\r\n<tr style =\"font-size: 4px;\">\r\n<td bgcolor=\"#559F77\" >\u00a0<\/td><td bgcolor=\"#559F77\">\u00a0<\/td><td bgcolor=\"#559F77\">\u00a0<\/td>\r\n<\/tr><tr>\r\n\t\t\t<td width=\"9%\">\r\n                pi\u0105tek 15-03-2024  \r\n\t\t\t<\/td><td width=\"15%\"style=\"background-color:lightgrey;\">\r\n                11:00 - 11:45\r\n            <\/td>\r\n            <td>\r\n                <a href=\"https:\/\/dniotwarte.uwb.edu.pl\/?event=tajemnice-kampusu-37\">Tajemnice kampusu<\/a>\r\n                <br\/><i>Wydzia\u0142 Chemii, Uniwersytet w Bia\u0142ymstoku, Bia\u0142ystok <\/i>\r\n\r\n            <\/td>\r\n        <\/tr>\r\n<tr style =\"font-size: 4px;\">\r\n<td bgcolor=\"#559F77\" >\u00a0<\/td><td bgcolor=\"#559F77\">\u00a0<\/td><td bgcolor=\"#559F77\">\u00a0<\/td>\r\n<\/tr><tr>\r\n\t\t\t<td width=\"9%\">\r\n                pi\u0105tek 15-03-2024  \r\n\t\t\t<\/td><td width=\"15%\"style=\"background-color:lightgrey;\">\r\n                12:00 - 12:45\r\n            <\/td>\r\n            <td>\r\n                <a href=\"https:\/\/dniotwarte.uwb.edu.pl\/?event=tajemnice-kampusu-38\">Tajemnice kampusu<\/a>\r\n                <br\/><i>Wydzia\u0142 Chemii, Uniwersytet w Bia\u0142ymstoku, Bia\u0142ystok <\/i>\r\n\r\n            <\/td>\r\n        <\/tr>\r\n<tr style =\"font-size: 4px;\">\r\n<td bgcolor=\"#559F77\" >\u00a0<\/td><td bgcolor=\"#559F77\">\u00a0<\/td><td bgcolor=\"#559F77\">\u00a0<\/td>\r\n<\/tr><tr>\r\n\t\t\t<td width=\"9%\">\r\n                pi\u0105tek 15-03-2024  \r\n\t\t\t<\/td><td width=\"15%\"style=\"background-color:lightgrey;\">\r\n                12:00 - 12:45\r\n            <\/td>\r\n            <td>\r\n                <a href=\"https:\/\/dniotwarte.uwb.edu.pl\/?event=tajemnice-kampusu-39\">Tajemnice kampusu<\/a>\r\n                <br\/><i>Wydzia\u0142 Chemii, Uniwersytet w Bia\u0142ymstoku, Bia\u0142ystok <\/i>\r\n<span style=\"color: #ff0000;\"><strong>BRAK MIEJSC<\/strong><\/span> \r\n            <\/td>\r\n        <\/tr>\r\n<tr style =\"font-size: 4px;\">\r\n<td bgcolor=\"#559F77\" >\u00a0<\/td><td bgcolor=\"#559F77\">\u00a0<\/td><td bgcolor=\"#559F77\">\u00a0<\/td>\r\n<\/tr><tr>\r\n\t\t\t<td width=\"9%\">\r\n                pi\u0105tek 15-03-2024  \r\n\t\t\t<\/td><td width=\"15%\"style=\"background-color:lightgrey;\">\r\n                12:00 - 12:45\r\n            <\/td>\r\n            <td>\r\n                <a href=\"https:\/\/dniotwarte.uwb.edu.pl\/?event=tajemnice-kampusu-40\">Tajemnice kampusu<\/a>\r\n                <br\/><i>Wydzia\u0142 Chemii, Uniwersytet w Bia\u0142ymstoku, Bia\u0142ystok <\/i>\r\n<span style=\"color: #ff0000;\"><strong>BRAK MIEJSC<\/strong><\/span> \r\n            <\/td>\r\n        <\/tr>\r\n<tr style =\"font-size: 4px;\">\r\n<td bgcolor=\"#559F77\" >\u00a0<\/td><td bgcolor=\"#559F77\">\u00a0<\/td><td bgcolor=\"#559F77\">\u00a0<\/td>\r\n<\/tr><tr>\r\n\t\t\t<td width=\"9%\">\r\n                pi\u0105tek 15-03-2024  \r\n\t\t\t<\/td><td width=\"15%\"style=\"background-color:lightgrey;\">\r\n                12:00 - 12:45\r\n            <\/td>\r\n            <td>\r\n                <a href=\"https:\/\/dniotwarte.uwb.edu.pl\/?event=tajemnice-kampusu-41\">Tajemnice kampusu<\/a>\r\n                <br\/><i>Wydzia\u0142 Chemii, Uniwersytet w Bia\u0142ymstoku, Bia\u0142ystok <\/i>\r\n<span style=\"color: #ff0000;\"><strong>BRAK MIEJSC<\/strong><\/span> \r\n            <\/td>\r\n        <\/tr>\r\n<tr style =\"font-size: 4px;\">\r\n<td bgcolor=\"#559F77\" >\u00a0<\/td><td bgcolor=\"#559F77\">\u00a0<\/td><td bgcolor=\"#559F77\">\u00a0<\/td>\r\n<\/tr><tr>\r\n\t\t\t<td width=\"9%\">\r\n                pi\u0105tek 15-03-2024  \r\n\t\t\t<\/td><td width=\"15%\"style=\"background-color:lightgrey;\">\r\n                13:00 - 13:45\r\n            <\/td>\r\n            <td>\r\n                <a href=\"https:\/\/dniotwarte.uwb.edu.pl\/?event=tajemnice-kampusu-42\">Tajemnice kampusu<\/a>\r\n                <br\/><i>Wydzia\u0142 Chemii, Uniwersytet w Bia\u0142ymstoku, Bia\u0142ystok <\/i>\r\n\r\n            <\/td>\r\n        <\/tr>\r\n<tr style =\"font-size: 4px;\">\r\n<td bgcolor=\"#559F77\" >\u00a0<\/td><td bgcolor=\"#559F77\">\u00a0<\/td><td bgcolor=\"#559F77\">\u00a0<\/td>\r\n<\/tr><tr>\r\n\t\t\t<td width=\"9%\">\r\n                pi\u0105tek 15-03-2024  \r\n\t\t\t<\/td><td width=\"15%\"style=\"background-color:lightgrey;\">\r\n                13:00 - 13:45\r\n            <\/td>\r\n            <td>\r\n                <a href=\"https:\/\/dniotwarte.uwb.edu.pl\/?event=tajemnice-kampusu-43\">Tajemnice kampusu<\/a>\r\n                <br\/><i>Wydzia\u0142 Chemii, Uniwersytet w Bia\u0142ymstoku, Bia\u0142ystok <\/i>\r\n<span style=\"color: #ff0000;\"><strong>BRAK MIEJSC<\/strong><\/span> \r\n            <\/td>\r\n        <\/tr>\r\n<tr style =\"font-size: 4px;\">\r\n<td bgcolor=\"#559F77\" >\u00a0<\/td><td bgcolor=\"#559F77\">\u00a0<\/td><td bgcolor=\"#559F77\">\u00a0<\/td>\r\n<\/tr><tr>\r\n\t\t\t<td width=\"9%\">\r\n                pi\u0105tek 15-03-2024  \r\n\t\t\t<\/td><td width=\"15%\"style=\"background-color:lightgrey;\">\r\n                13:00 - 13:45\r\n            <\/td>\r\n            <td>\r\n                <a href=\"https:\/\/dniotwarte.uwb.edu.pl\/?event=tajemnice-kampusu-44\">Tajemnice kampusu<\/a>\r\n                <br\/><i>Wydzia\u0142 Chemii, Uniwersytet w Bia\u0142ymstoku, Bia\u0142ystok <\/i>\r\n\r\n            <\/td>\r\n        <\/tr>\r\n<tr style =\"font-size: 4px;\">\r\n<td bgcolor=\"#559F77\" >\u00a0<\/td><td bgcolor=\"#559F77\">\u00a0<\/td><td bgcolor=\"#559F77\">\u00a0<\/td>\r\n<\/tr><tr>\r\n\t\t\t<td width=\"9%\">\r\n                pi\u0105tek 15-03-2024  \r\n\t\t\t<\/td><td width=\"15%\"style=\"background-color:lightgrey;\">\r\n                13:00 - 13:45\r\n            <\/td>\r\n            <td>\r\n                <a href=\"https:\/\/dniotwarte.uwb.edu.pl\/?event=tajemnice-kampusu-45\">Tajemnice kampusu<\/a>\r\n                <br\/><i>Wydzia\u0142 Chemii, Uniwersytet w Bia\u0142ymstoku, Bia\u0142ystok <\/i>\r\n\r\n            <\/td>\r\n        <\/tr>\r\n<tr style =\"font-size: 4px;\">\r\n<td bgcolor=\"#559F77\" >\u00a0<\/td><td bgcolor=\"#559F77\">\u00a0<\/td><td bgcolor=\"#559F77\">\u00a0<\/td>\r\n<\/tr><tr>\r\n\t\t\t<td width=\"9%\">\r\n                sobota 16-03-2024  \r\n\t\t\t<\/td><td width=\"15%\"style=\"background-color:lightgrey;\">\r\n                10:00 - 10:45\r\n            <\/td>\r\n            <td>\r\n                <a href=\"https:\/\/dniotwarte.uwb.edu.pl\/?event=tajemnice-kampusu-54\">Tajemnice kampusu<\/a>\r\n                <br\/><i>Wydzia\u0142 Chemii, Uniwersytet w Bia\u0142ymstoku, Bia\u0142ystok <\/i>\r\n\r\n            <\/td>\r\n        <\/tr>\r\n<tr style =\"font-size: 4px;\">\r\n<td bgcolor=\"#559F77\" >\u00a0<\/td><td bgcolor=\"#559F77\">\u00a0<\/td><td bgcolor=\"#559F77\">\u00a0<\/td>\r\n<\/tr><tr>\r\n\t\t\t<td width=\"9%\">\r\n                sobota 16-03-2024  \r\n\t\t\t<\/td><td width=\"15%\"style=\"background-color:lightgrey;\">\r\n                10:00 - 10:45\r\n            <\/td>\r\n            <td>\r\n                <a href=\"https:\/\/dniotwarte.uwb.edu.pl\/?event=tajemnice-kampusu-55\">Tajemnice kampusu<\/a>\r\n                <br\/><i>Wydzia\u0142 Chemii, Uniwersytet w Bia\u0142ymstoku, Bia\u0142ystok <\/i>\r\n\r\n            <\/td>\r\n        <\/tr>\r\n<tr style =\"font-size: 4px;\">\r\n<td bgcolor=\"#559F77\" >\u00a0<\/td><td bgcolor=\"#559F77\">\u00a0<\/td><td bgcolor=\"#559F77\">\u00a0<\/td>\r\n<\/tr><tr>\r\n\t\t\t<td width=\"9%\">\r\n                sobota 16-03-2024  \r\n\t\t\t<\/td><td width=\"15%\"style=\"background-color:lightgrey;\">\r\n                10:00 - 10:45\r\n            <\/td>\r\n            <td>\r\n                <a href=\"https:\/\/dniotwarte.uwb.edu.pl\/?event=tajemnice-kampusu-56\">Tajemnice kampusu<\/a>\r\n                <br\/><i>Wydzia\u0142 Chemii, Uniwersytet w Bia\u0142ymstoku, Bia\u0142ystok <\/i>\r\n\r\n            <\/td>\r\n        <\/tr>\r\n<tr style =\"font-size: 4px;\">\r\n<td bgcolor=\"#559F77\" >\u00a0<\/td><td bgcolor=\"#559F77\">\u00a0<\/td><td bgcolor=\"#559F77\">\u00a0<\/td>\r\n<\/tr><tr>\r\n\t\t\t<td width=\"9%\">\r\n                sobota 16-03-2024  \r\n\t\t\t<\/td><td width=\"15%\"style=\"background-color:lightgrey;\">\r\n                10:00 - 10:45\r\n            <\/td>\r\n            <td>\r\n                <a href=\"https:\/\/dniotwarte.uwb.edu.pl\/?event=tajemnice-kampusu-57\">Tajemnice kampusu<\/a>\r\n                <br\/><i>Wydzia\u0142 Chemii, Uniwersytet w Bia\u0142ymstoku, Bia\u0142ystok <\/i>\r\n\r\n            <\/td>\r\n        <\/tr>\r\n<tr style =\"font-size: 4px;\">\r\n<td bgcolor=\"#559F77\" >\u00a0<\/td><td bgcolor=\"#559F77\">\u00a0<\/td><td bgcolor=\"#559F77\">\u00a0<\/td>\r\n<\/tr><tr>\r\n\t\t\t<td width=\"9%\">\r\n                sobota 16-03-2024  \r\n\t\t\t<\/td><td width=\"15%\"style=\"background-color:lightgrey;\">\r\n                11:00 - 11:45\r\n            <\/td>\r\n            <td>\r\n                <a href=\"https:\/\/dniotwarte.uwb.edu.pl\/?event=tajemnice-kampusu-58\">Tajemnice kampusu<\/a>\r\n                <br\/><i>Wydzia\u0142 Chemii, Uniwersytet w Bia\u0142ymstoku, Bia\u0142ystok <\/i>\r\n\r\n            <\/td>\r\n        <\/tr>\r\n<tr style =\"font-size: 4px;\">\r\n<td bgcolor=\"#559F77\" >\u00a0<\/td><td bgcolor=\"#559F77\">\u00a0<\/td><td bgcolor=\"#559F77\">\u00a0<\/td>\r\n<\/tr><tr>\r\n\t\t\t<td width=\"9%\">\r\n                sobota 16-03-2024  \r\n\t\t\t<\/td><td width=\"15%\"style=\"background-color:lightgrey;\">\r\n                11:00 - 11:45\r\n            <\/td>\r\n            <td>\r\n                <a href=\"https:\/\/dniotwarte.uwb.edu.pl\/?event=tajemnice-kampusu-59\">Tajemnice kampusu<\/a>\r\n                <br\/><i>Wydzia\u0142 Chemii, Uniwersytet w Bia\u0142ymstoku, Bia\u0142ystok <\/i>\r\n\r\n            <\/td>\r\n        <\/tr>\r\n<tr style =\"font-size: 4px;\">\r\n<td bgcolor=\"#559F77\" >\u00a0<\/td><td bgcolor=\"#559F77\">\u00a0<\/td><td bgcolor=\"#559F77\">\u00a0<\/td>\r\n<\/tr><tr>\r\n\t\t\t<td width=\"9%\">\r\n                sobota 16-03-2024  \r\n\t\t\t<\/td><td width=\"15%\"style=\"background-color:lightgrey;\">\r\n                11:00 - 11:45\r\n            <\/td>\r\n            <td>\r\n                <a href=\"https:\/\/dniotwarte.uwb.edu.pl\/?event=tajemnice-kampusu-60\">Tajemnice kampusu<\/a>\r\n                <br\/><i>Wydzia\u0142 Chemii, Uniwersytet w Bia\u0142ymstoku, Bia\u0142ystok <\/i>\r\n\r\n            <\/td>\r\n        <\/tr>\r\n<tr style =\"font-size: 4px;\">\r\n<td bgcolor=\"#559F77\" >\u00a0<\/td><td bgcolor=\"#559F77\">\u00a0<\/td><td bgcolor=\"#559F77\">\u00a0<\/td>\r\n<\/tr><tr>\r\n\t\t\t<td width=\"9%\">\r\n                sobota 16-03-2024  \r\n\t\t\t<\/td><td width=\"15%\"style=\"background-color:lightgrey;\">\r\n                11:00 - 11:45\r\n            <\/td>\r\n            <td>\r\n                <a href=\"https:\/\/dniotwarte.uwb.edu.pl\/?event=tajemnice-kampusu-61\">Tajemnice kampusu<\/a>\r\n                <br\/><i>Wydzia\u0142 Chemii, Uniwersytet w Bia\u0142ymstoku, Bia\u0142ystok <\/i>\r\n\r\n            <\/td>\r\n        <\/tr>\r\n<tr style =\"font-size: 4px;\">\r\n<td bgcolor=\"#559F77\" >\u00a0<\/td><td bgcolor=\"#559F77\">\u00a0<\/td><td bgcolor=\"#559F77\">\u00a0<\/td>\r\n<\/tr><tr>\r\n\t\t\t<td width=\"9%\">\r\n                sobota 16-03-2024  \r\n\t\t\t<\/td><td width=\"15%\"style=\"background-color:lightgrey;\">\r\n                12:00 - 12:45\r\n            <\/td>\r\n            <td>\r\n                <a href=\"https:\/\/dniotwarte.uwb.edu.pl\/?event=tajemnice-kampusu-50\">Tajemnice kampusu<\/a>\r\n                <br\/><i>Wydzia\u0142 Chemii, Uniwersytet w Bia\u0142ymstoku, Bia\u0142ystok <\/i>\r\n<span style=\"color: #ff0000;\"><strong>BRAK MIEJSC<\/strong><\/span> \r\n            <\/td>\r\n        <\/tr>\r\n<tr style =\"font-size: 4px;\">\r\n<td bgcolor=\"#559F77\" >\u00a0<\/td><td bgcolor=\"#559F77\">\u00a0<\/td><td bgcolor=\"#559F77\">\u00a0<\/td>\r\n<\/tr><tr>\r\n\t\t\t<td width=\"9%\">\r\n                sobota 16-03-2024  \r\n\t\t\t<\/td><td width=\"15%\"style=\"background-color:lightgrey;\">\r\n                12:00 - 12:45\r\n            <\/td>\r\n            <td>\r\n                <a href=\"https:\/\/dniotwarte.uwb.edu.pl\/?event=tajemnice-kampusu-51\">Tajemnice kampusu<\/a>\r\n                <br\/><i>Wydzia\u0142 Chemii, Uniwersytet w Bia\u0142ymstoku, Bia\u0142ystok <\/i>\r\n<span style=\"color: #ff0000;\"><strong>BRAK MIEJSC<\/strong><\/span> \r\n            <\/td>\r\n        <\/tr>\r\n<tr style =\"font-size: 4px;\">\r\n<td bgcolor=\"#559F77\" >\u00a0<\/td><td bgcolor=\"#559F77\">\u00a0<\/td><td bgcolor=\"#559F77\">\u00a0<\/td>\r\n<\/tr><tr>\r\n\t\t\t<td width=\"9%\">\r\n                sobota 16-03-2024  \r\n\t\t\t<\/td><td width=\"15%\"style=\"background-color:lightgrey;\">\r\n                12:00 - 12:45\r\n            <\/td>\r\n            <td>\r\n                <a href=\"https:\/\/dniotwarte.uwb.edu.pl\/?event=tajemnice-kampusu-52\">Tajemnice kampusu<\/a>\r\n                <br\/><i>Wydzia\u0142 Chemii, Uniwersytet w Bia\u0142ymstoku, Bia\u0142ystok <\/i>\r\n\r\n            <\/td>\r\n        <\/tr>\r\n<tr style =\"font-size: 4px;\">\r\n<td bgcolor=\"#559F77\" >\u00a0<\/td><td bgcolor=\"#559F77\">\u00a0<\/td><td bgcolor=\"#559F77\">\u00a0<\/td>\r\n<\/tr><tr>\r\n\t\t\t<td width=\"9%\">\r\n                sobota 16-03-2024  \r\n\t\t\t<\/td><td width=\"15%\"style=\"background-color:lightgrey;\">\r\n                12:00 - 12:45\r\n            <\/td>\r\n            <td>\r\n                <a href=\"https:\/\/dniotwarte.uwb.edu.pl\/?event=tajemnice-kampusu-53\">Tajemnice kampusu<\/a>\r\n                <br\/><i>Wydzia\u0142 Chemii, Uniwersytet w Bia\u0142ymstoku, Bia\u0142ystok <\/i>\r\n\r\n            <\/td>\r\n        <\/tr>\r\n<tr style =\"font-size: 4px;\">\r\n<td bgcolor=\"#559F77\" >\u00a0<\/td><td bgcolor=\"#559F77\">\u00a0<\/td><td bgcolor=\"#559F77\">\u00a0<\/td>\r\n<\/tr><tr>\r\n\t\t\t<td width=\"9%\">\r\n                sobota 16-03-2024  \r\n\t\t\t<\/td><td width=\"15%\"style=\"background-color:lightgrey;\">\r\n                13:00 - 13:45\r\n            <\/td>\r\n            <td>\r\n                <a href=\"https:\/\/dniotwarte.uwb.edu.pl\/?event=tajemnice-kampusu-46\">Tajemnice kampusu<\/a>\r\n                <br\/><i>Wydzia\u0142 Chemii, Uniwersytet w Bia\u0142ymstoku, Bia\u0142ystok <\/i>\r\n\r\n            <\/td>\r\n        <\/tr>\r\n<tr style =\"font-size: 4px;\">\r\n<td bgcolor=\"#559F77\" >\u00a0<\/td><td bgcolor=\"#559F77\">\u00a0<\/td><td bgcolor=\"#559F77\">\u00a0<\/td>\r\n<\/tr><tr>\r\n\t\t\t<td width=\"9%\">\r\n                sobota 16-03-2024  \r\n\t\t\t<\/td><td width=\"15%\"style=\"background-color:lightgrey;\">\r\n                13:00 - 13:45\r\n            <\/td>\r\n            <td>\r\n                <a href=\"https:\/\/dniotwarte.uwb.edu.pl\/?event=tajemnice-kampusu-47\">Tajemnice kampusu<\/a>\r\n                <br\/><i>Wydzia\u0142 Chemii, Uniwersytet w Bia\u0142ymstoku, Bia\u0142ystok <\/i>\r\n\r\n            <\/td>\r\n        <\/tr>\r\n<tr style =\"font-size: 4px;\">\r\n<td bgcolor=\"#559F77\" >\u00a0<\/td><td bgcolor=\"#559F77\">\u00a0<\/td><td bgcolor=\"#559F77\">\u00a0<\/td>\r\n<\/tr><tr>\r\n\t\t\t<td width=\"9%\">\r\n                sobota 16-03-2024  \r\n\t\t\t<\/td><td width=\"15%\"style=\"background-color:lightgrey;\">\r\n                13:00 - 13:45\r\n            <\/td>\r\n            <td>\r\n                <a href=\"https:\/\/dniotwarte.uwb.edu.pl\/?event=tajemnice-kampusu-48\">Tajemnice kampusu<\/a>\r\n                <br\/><i>Wydzia\u0142 Chemii, Uniwersytet w Bia\u0142ymstoku, Bia\u0142ystok <\/i>\r\n\r\n            <\/td>\r\n        <\/tr>\r\n<tr style =\"font-size: 4px;\">\r\n<td bgcolor=\"#559F77\" >\u00a0<\/td><td bgcolor=\"#559F77\">\u00a0<\/td><td bgcolor=\"#559F77\">\u00a0<\/td>\r\n<\/tr><tr>\r\n\t\t\t<td width=\"9%\">\r\n                sobota 16-03-2024  \r\n\t\t\t<\/td><td width=\"15%\"style=\"background-color:lightgrey;\">\r\n                13:00 - 13:45\r\n            <\/td>\r\n            <td>\r\n                <a href=\"https:\/\/dniotwarte.uwb.edu.pl\/?event=tajemnice-kampusu-49\">Tajemnice kampusu<\/a>\r\n                <br\/><i>Wydzia\u0142 Chemii, Uniwersytet w Bia\u0142ymstoku, Bia\u0142ystok <\/i>\r\n\r\n            <\/td>\r\n        <\/tr>\r\n<tr style =\"font-size: 4px;\">\r\n<td bgcolor=\"#559F77\" >\u00a0<\/td><td bgcolor=\"#559F77\">\u00a0<\/td><td bgcolor=\"#559F77\">\u00a0<\/td>\r\n<\/tr><\/tbody><\/table>\t<\/div>\r\n<\/div>\n","protected":false},"excerpt":{"rendered":"<p>Zapraszamy do rejestracji na zwiedzanie Kampusu UwB! Rejestracja: tel. 85 738-80-96<\/p>\n","protected":false},"author":3,"featured_media":0,"parent":0,"menu_order":0,"comment_status":"closed","ping_status":"closed","template":"","meta":{"ngg_post_thumbnail":0,"jetpack_post_was_ever_published":false,"footnotes":""},"categories":[],"tags":[],"class_list":["post-2701","page","type-page","status-publish","hentry"],"jetpack_sharing_enabled":true,"jetpack_shortlink":"https:\/\/wp.me\/P9I97i-Hz","jetpack_likes_enabled":true,"jetpack-related-posts":[],"_links":{"self":[{"href":"https:\/\/dniotwarte.uwb.edu.pl\/index.php?rest_route=\/wp\/v2\/pages\/2701","targetHints":{"allow":["GET"]}}],"collection":[{"href":"https:\/\/dniotwarte.uwb.edu.pl\/index.php?rest_route=\/wp\/v2\/pages"}],"about":[{"href":"https:\/\/dniotwarte.uwb.edu.pl\/index.php?rest_route=\/wp\/v2\/types\/page"}],"author":[{"embeddable":true,"href":"https:\/\/dniotwarte.uwb.edu.pl\/index.php?rest_route=\/wp\/v2\/users\/3"}],"replies":[{"embeddable":true,"href":"https:\/\/dniotwarte.uwb.edu.pl\/index.php?rest_route=%2Fwp%2Fv2%2Fcomments&post=2701"}],"version-history":[{"count":7,"href":"https:\/\/dniotwarte.uwb.edu.pl\/index.php?rest_route=\/wp\/v2\/pages\/2701\/revisions"}],"predecessor-version":[{"id":3530,"href":"https:\/\/dniotwarte.uwb.edu.pl\/index.php?rest_route=\/wp\/v2\/pages\/2701\/revisions\/3530"}],"wp:attachment":[{"href":"https:\/\/dniotwarte.uwb.edu.pl\/index.php?rest_route=%2Fwp%2Fv2%2Fmedia&parent=2701"}],"wp:term":[{"taxonomy":"category","embeddable":true,"href":"https:\/\/dniotwarte.uwb.edu.pl\/index.php?rest_route=%2Fwp%2Fv2%2Fcategories&post=2701"},{"taxonomy":"post_tag","embeddable":true,"href":"https:\/\/dniotwarte.uwb.edu.pl\/index.php?rest_route=%2Fwp%2Fv2%2Ftags&post=2701"}],"curies":[{"name":"wp","href":"https:\/\/api.w.org\/{rel}","templated":true}]}}