{"id":298,"date":"2018-02-28T23:04:59","date_gmt":"2018-02-28T22:04:59","guid":{"rendered":"http:\/\/dniotwarte.uwb.edu.pl\/?page_id=298"},"modified":"2025-03-03T10:44:02","modified_gmt":"2025-03-03T09:44:02","slug":"wydzial-fizyki-wyklady-3","status":"publish","type":"page","link":"https:\/\/dniotwarte.uwb.edu.pl\/?page_id=298","title":{"rendered":"Wydzia\u0142 Fizyki -pokazy"},"content":{"rendered":"<h1>Pokazy planowane na Wydziale Fizyki<\/h1>\n<h2>Podr\u00f3\u017c po Uk\u0142adzie S\u0142onecznym<\/h2>\n<p>Marek Niko\u0142ajuk<\/p>\n<p>Pokaz z komentarzami zawodowego astronoma. Podczas pokazu zabior\u0119 Pa\u0144stwa w podr\u00f3\u017c po Uk\u0142adzie S\u0142onecznym przy u\u017cyciu oprogramowania planetaryjnego Shira Universe.<br \/>\nPoznamy kilka planet Uk\u0142adu S\u0142onecznego a na koniec udamy si\u0119 do gwiazdy Albireo w konstelacji \u0141ab\u0119dzia.<\/p>\n<p><strong>Forma:<\/strong> pokaz<\/p>\n<p><strong>Miejsce:<\/strong> Planetarium, 1 pi\u0119tro, budynek Planetarium i Obserwatorium UwB, Cio\u0142kowskiegoi 1L, Bia\u0142ystok<\/p>\n<p><strong>Liczba uczestnik\u00f3w:<\/strong>&nbsp; 32<\/p>\n<p><strong>Czas Trwania:<\/strong>&nbsp; 60 min<\/p>\n<p><strong>Terminy: <\/strong>15-03-2024 (pi\u0105tek), godzina 18:00<\/p>\n<p><strong><em>Zapisy telefoniczne:<\/em><\/strong><em>&nbsp; &nbsp;0 85-738-8176<\/em><\/p>\n<hr>\n<h2>Hobbystyczne maszyny CNC<\/h2>\n<p>Cezary Walczyk<\/p>\n<p>Pokaz hobbystycznych maszyn sterowanych komputerowo (plotery, frezarki oraz drukarki 3D) oraz program\u00f3w do tworzenia projekt\u00f3w graficznych, kt\u00f3re mo\u017cna przy ich u\u017cyciu wykona\u0107 . Om\u00f3wione zostanie r\u00f3wnie\u017c oprogramowanie do sterowania maszynami CNC.<\/p>\n<p><strong>Forma:<\/strong> pokaz<\/p>\n<p><strong>Miejsce:<\/strong> s.2006<\/p>\n<p><strong>Liczba uczestnik\u00f3w:<\/strong>&nbsp; 30<\/p>\n<p><strong>Czas Trwania:<\/strong>&nbsp; 45 min<\/p>\n<p><strong>Terminy: <\/strong>15-03-2024 (pi\u0105tek), godzina 11:00<\/p>\n<p><strong><em>Zapisy telefoniczne:<\/em><\/strong><em>&nbsp; &nbsp;0 85-738-8176<\/em><\/p>\n<hr>\n<p>Kontakt:<\/p>\n<p><strong>Wydzia\u0142 Fizyki<\/strong><br \/>\n<strong>prof. dr hab. Marek Kisielewski <\/strong><br \/>\ntel. 85 738 81 76<br \/>\nCio\u0142kowskiego 1L, pok. 1024<br \/>\ne-mail: <a href=\"mailto:kisiel@uwb.edu.pl\">kisiel@uwb.edu.pl<\/a><\/p>\n","protected":false},"excerpt":{"rendered":"<p>Pokazy planowane na Wydziale Fizyki Podr\u00f3\u017c po Uk\u0142adzie S\u0142onecznym Marek Niko\u0142ajuk Pokaz z komentarzami zawodowego astronoma. Podczas pokazu zabior\u0119 Pa\u0144stwa w podr\u00f3\u017c po Uk\u0142adzie S\u0142onecznym przy u\u017cyciu oprogramowania planetaryjnego Shira Universe. Poznamy kilka planet Uk\u0142adu S\u0142onecznego a na koniec udamy si\u0119 do gwiazdy Albireo w konstelacji \u0141ab\u0119dzia. Forma: pokaz Miejsce: Planetarium, 1 pi\u0119tro, budynek Planetarium &hellip; <\/p>\n<p class=\"link-more\"><a href=\"https:\/\/dniotwarte.uwb.edu.pl\/?page_id=298\" class=\"more-link\">Czytaj dalej<span class=\"screen-reader-text\"> \u201eWydzia\u0142 Fizyki -pokazy\u201d<\/span><\/a><\/p>\n","protected":false},"author":1,"featured_media":3241,"parent":64,"menu_order":0,"comment_status":"closed","ping_status":"closed","template":"","meta":{"ngg_post_thumbnail":0,"footnotes":""},"categories":[17,8],"tags":[],"class_list":["post-298","page","type-page","status-publish","has-post-thumbnail","hentry","category-grupowanie","category-strony-fizyka"],"jetpack_sharing_enabled":true,"jetpack_shortlink":"https:\/\/wp.me\/P9I97i-4O","jetpack_likes_enabled":true,"jetpack-related-posts":[],"_links":{"self":[{"href":"https:\/\/dniotwarte.uwb.edu.pl\/index.php?rest_route=\/wp\/v2\/pages\/298","targetHints":{"allow":["GET"]}}],"collection":[{"href":"https:\/\/dniotwarte.uwb.edu.pl\/index.php?rest_route=\/wp\/v2\/pages"}],"about":[{"href":"https:\/\/dniotwarte.uwb.edu.pl\/index.php?rest_route=\/wp\/v2\/types\/page"}],"author":[{"embeddable":true,"href":"https:\/\/dniotwarte.uwb.edu.pl\/index.php?rest_route=\/wp\/v2\/users\/1"}],"replies":[{"embeddable":true,"href":"https:\/\/dniotwarte.uwb.edu.pl\/index.php?rest_route=%2Fwp%2Fv2%2Fcomments&post=298"}],"version-history":[{"count":15,"href":"https:\/\/dniotwarte.uwb.edu.pl\/index.php?rest_route=\/wp\/v2\/pages\/298\/revisions"}],"predecessor-version":[{"id":3591,"href":"https:\/\/dniotwarte.uwb.edu.pl\/index.php?rest_route=\/wp\/v2\/pages\/298\/revisions\/3591"}],"up":[{"embeddable":true,"href":"https:\/\/dniotwarte.uwb.edu.pl\/index.php?rest_route=\/wp\/v2\/pages\/64"}],"wp:featuredmedia":[{"embeddable":true,"href":"https:\/\/dniotwarte.uwb.edu.pl\/index.php?rest_route=\/wp\/v2\/media\/3241"}],"wp:attachment":[{"href":"https:\/\/dniotwarte.uwb.edu.pl\/index.php?rest_route=%2Fwp%2Fv2%2Fmedia&parent=298"}],"wp:term":[{"taxonomy":"category","embeddable":true,"href":"https:\/\/dniotwarte.uwb.edu.pl\/index.php?rest_route=%2Fwp%2Fv2%2Fcategories&post=298"},{"taxonomy":"post_tag","embeddable":true,"href":"https:\/\/dniotwarte.uwb.edu.pl\/index.php?rest_route=%2Fwp%2Fv2%2Ftags&post=298"}],"curies":[{"name":"wp","href":"https:\/\/api.w.org\/{rel}","templated":true}]}}