{"id":3174,"date":"2023-03-14T08:54:57","date_gmt":"2023-03-14T07:54:57","guid":{"rendered":"https:\/\/dniotwarte.uwb.edu.pl\/?page_id=3174"},"modified":"2023-03-14T10:46:46","modified_gmt":"2023-03-14T09:46:46","slug":"wydzial-fizyki-nagrania-wideo","status":"publish","type":"page","link":"https:\/\/dniotwarte.uwb.edu.pl\/?page_id=3174","title":{"rendered":"Wydzia\u0142 Fizyki &#8211; nagrania wideo"},"content":{"rendered":"<p>Nagrania wideo kt\u00f3re powsta\u0142y w ramach Spotka\u0144 z Nauka w latach gdy izolacja kr\u00f3lowa\u0142a nad kontaktem osobistym<\/p>\n\n<!-- Page-list plugin v.5.9 wordpress.org\/plugins\/page-list\/ -->\n<div class=\"page-list page-list-ext \">\n<div class=\"page-list-ext-item\"><div class=\"page-list-ext-image\"><a href=\"https:\/\/dniotwarte.uwb.edu.pl\/?page_id=2506\" title=\"Astronomia fal grawitacyjnych: nowe okno na Wszech\u015bwiat\"><img decoding=\"async\" src=\"https:\/\/i0.wp.com\/dniotwarte.uwb.edu.pl\/wp-content\/uploads\/2021\/05\/bbh_.jpg?resize=150%2C150&#038;ssl=1\" width=\"150\" alt=\"Astronomia fal grawitacyjnych: nowe okno na Wszech\u015bwiat\" \/><\/a><\/div> <h3 class=\"page-list-ext-title\"><a href=\"https:\/\/dniotwarte.uwb.edu.pl\/?page_id=2506\" title=\"Astronomia fal grawitacyjnych: nowe okno na Wszech\u015bwiat\">Astronomia fal grawitacyjnych: nowe okno na Wszech\u015bwiat<\/a><\/h3><div class=\"page-list-ext-item-content\">Astronomia fal grawitacyjnych: nowe okno na Wszech\u015bwiat, &nbsp; prof. dr hab&nbsp; Piotr Jaranowski \r\n\r\n\r\n\r\nW kilku ostatnich latach mia\u0142y miejsce prze\u0142omowe odkrycia w astronomii. W roku 2015 po raz pierwszy w historii nauki bezpo\u015brednio\r\nzarejestrowano fal...<\/div><\/div>\n<div class=\"page-list-ext-item\"><div class=\"page-list-ext-image\"><a href=\"https:\/\/dniotwarte.uwb.edu.pl\/?page_id=2396\" title=\"Impreza magnetyczna\"><img decoding=\"async\" src=\"https:\/\/i0.wp.com\/dniotwarte.uwb.edu.pl\/wp-content\/uploads\/2021\/05\/screenshot.254.jpg?resize=150%2C150&#038;ssl=1\" width=\"150\" alt=\"Impreza magnetyczna\" \/><\/a><\/div> <h3 class=\"page-list-ext-title\"><a href=\"https:\/\/dniotwarte.uwb.edu.pl\/?page_id=2396\" title=\"Impreza magnetyczna\">Impreza magnetyczna<\/a><\/h3><div class=\"page-list-ext-item-content\">Wyk\u0142ad z pokazami.\r\nObserwacja na \u017cywo: 1) domen magnetycznych w cienkiej warstwie granatu itrowo-\u017celazowegoj, 2) wp\u0142ywu pola magnetycznego na domeny magnetyczne, 3) domen magnetycznych zapisanych w pasku magnetycznym karty bankomatowej.\r\n\r\n<\/div><\/div>\n<div class=\"page-list-ext-item\"><div class=\"page-list-ext-image\"><a href=\"https:\/\/dniotwarte.uwb.edu.pl\/?page_id=2403\" title=\"Jak gra\u0107, aby wygra\u0107\"><img decoding=\"async\" src=\"https:\/\/i0.wp.com\/dniotwarte.uwb.edu.pl\/wp-content\/uploads\/2021\/05\/screenshot.256.jpg?resize=150%2C150&#038;ssl=1\" width=\"150\" alt=\"Jak gra\u0107, aby wygra\u0107\" \/><\/a><\/div> <h3 class=\"page-list-ext-title\"><a href=\"https:\/\/dniotwarte.uwb.edu.pl\/?page_id=2403\" title=\"Jak gra\u0107, aby wygra\u0107\">Jak gra\u0107, aby wygra\u0107<\/a><\/h3><div class=\"page-list-ext-item-content\">Jak gra\u0107, aby wygra\u0107  , dr Marcin Makowski \r\n\r\nGry to matematyczne modele konfliktu lub kooperacji. Na trzech prostych przyk\u0142adach wyja\u015bnimy (bez zb\u0119dnych formalizm\u00f3w) jak w grach mo\u017ce dochodzi\u0107 do rozwi\u0105zania optymalnego, zwi\u0119kszenia szans na wygran...<\/div><\/div>\n<div class=\"page-list-ext-item\"><div class=\"page-list-ext-image\"><a href=\"https:\/\/dniotwarte.uwb.edu.pl\/?page_id=3169\" title=\"Jest idealnie-czyli o rzeczach zbyt dobrych by by\u0142y  prawdziwe.\"><img decoding=\"async\" src=\"https:\/\/i0.wp.com\/dniotwarte.uwb.edu.pl\/wp-content\/uploads\/2022\/05\/E2B60BF0-CDCF-4FCD-BEC0-9527F554F9C3.jpeg?resize=150%2C150&#038;ssl=1\" width=\"150\" alt=\"Jest idealnie-czyli o rzeczach zbyt dobrych by by\u0142y  prawdziwe.\" \/><\/a><\/div> <h3 class=\"page-list-ext-title\"><a href=\"https:\/\/dniotwarte.uwb.edu.pl\/?page_id=3169\" title=\"Jest idealnie-czyli o rzeczach zbyt dobrych by by\u0142y  prawdziwe.\">Jest idealnie-czyli o rzeczach zbyt dobrych by by\u0142y  prawdziwe.<\/a><\/h3><div class=\"page-list-ext-item-content\">Jest idealnie-czyli o rzeczach zbyt dobrych by by\u0142y prawdziwe.  \r\n\r\ndr. Marcin Makowski\r\n \r\n\r\n\r\n\r\nMini wyk\u0142ad po\u015bwi\u0119cony b\u0119dzie temu co nazywane jest \u201eparadoksem jednomy\u015blno\u015bci\u201d \u2014 sytuacjom, w kt\u00f3rych jednomy\u015blno\u015b\u0107 w\u015br\u00f3d obserwator\u00f3w lub decydent\u00f3w wska...<\/div><\/div>\n<div class=\"page-list-ext-item\"><div class=\"page-list-ext-image\"><a href=\"https:\/\/dniotwarte.uwb.edu.pl\/?page_id=2507\" title=\"Nauczanie STEAM z BBC micro:bit i ESP32\"><img decoding=\"async\" src=\"https:\/\/i0.wp.com\/dniotwarte.uwb.edu.pl\/wp-content\/uploads\/2021\/05\/marcowe-rotated.jpg?resize=150%2C150&#038;ssl=1\" width=\"150\" alt=\"Nauczanie STEAM z BBC micro:bit i ESP32\" \/><\/a><\/div> <h3 class=\"page-list-ext-title\"><a href=\"https:\/\/dniotwarte.uwb.edu.pl\/?page_id=2507\" title=\"Nauczanie STEAM z BBC micro:bit i ESP32\">Nauczanie STEAM z BBC micro:bit i ESP32<\/a><\/h3><div class=\"page-list-ext-item-content\">\u201eNauczanie STEAM z BBC micro:bit i ESP32\u201d. , dr Cezary Walczyk\r\n\r\n\r\n\r\nSTEAM  to nowoczesne, interdyscyplinarne podej\u015bcie edukacyjne, kt\u00f3re wykorzystuj\u0105c nauk\u0119, technologi\u0119, in\u017cynieri\u0119, sztuk\u0119 i matematyk\u0119, wspomaga rozwijanie u uczni\u00f3w wyobra\u017ani i krytycznego ...<\/div><\/div>\n\n<\/div>\n","protected":false},"excerpt":{"rendered":"<p>Nagrania wideo kt\u00f3re powsta\u0142y w ramach Spotka\u0144 z Nauka w latach gdy izolacja kr\u00f3lowa\u0142a nad kontaktem osobistym<\/p>\n","protected":false},"author":1,"featured_media":2401,"parent":64,"menu_order":0,"comment_status":"closed","ping_status":"closed","template":"","meta":{"ngg_post_thumbnail":0,"jetpack_post_was_ever_published":false,"footnotes":""},"categories":[8],"tags":[],"class_list":["post-3174","page","type-page","status-publish","has-post-thumbnail","hentry","category-strony-fizyka"],"jetpack_sharing_enabled":true,"jetpack_shortlink":"https:\/\/wp.me\/P9I97i-Pc","jetpack_likes_enabled":true,"jetpack-related-posts":[],"_links":{"self":[{"href":"https:\/\/dniotwarte.uwb.edu.pl\/index.php?rest_route=\/wp\/v2\/pages\/3174","targetHints":{"allow":["GET"]}}],"collection":[{"href":"https:\/\/dniotwarte.uwb.edu.pl\/index.php?rest_route=\/wp\/v2\/pages"}],"about":[{"href":"https:\/\/dniotwarte.uwb.edu.pl\/index.php?rest_route=\/wp\/v2\/types\/page"}],"author":[{"embeddable":true,"href":"https:\/\/dniotwarte.uwb.edu.pl\/index.php?rest_route=\/wp\/v2\/users\/1"}],"replies":[{"embeddable":true,"href":"https:\/\/dniotwarte.uwb.edu.pl\/index.php?rest_route=%2Fwp%2Fv2%2Fcomments&post=3174"}],"version-history":[{"count":8,"href":"https:\/\/dniotwarte.uwb.edu.pl\/index.php?rest_route=\/wp\/v2\/pages\/3174\/revisions"}],"predecessor-version":[{"id":3185,"href":"https:\/\/dniotwarte.uwb.edu.pl\/index.php?rest_route=\/wp\/v2\/pages\/3174\/revisions\/3185"}],"up":[{"embeddable":true,"href":"https:\/\/dniotwarte.uwb.edu.pl\/index.php?rest_route=\/wp\/v2\/pages\/64"}],"wp:featuredmedia":[{"embeddable":true,"href":"https:\/\/dniotwarte.uwb.edu.pl\/index.php?rest_route=\/wp\/v2\/media\/2401"}],"wp:attachment":[{"href":"https:\/\/dniotwarte.uwb.edu.pl\/index.php?rest_route=%2Fwp%2Fv2%2Fmedia&parent=3174"}],"wp:term":[{"taxonomy":"category","embeddable":true,"href":"https:\/\/dniotwarte.uwb.edu.pl\/index.php?rest_route=%2Fwp%2Fv2%2Fcategories&post=3174"},{"taxonomy":"post_tag","embeddable":true,"href":"https:\/\/dniotwarte.uwb.edu.pl\/index.php?rest_route=%2Fwp%2Fv2%2Ftags&post=3174"}],"curies":[{"name":"wp","href":"https:\/\/api.w.org\/{rel}","templated":true}]}}