{"id":3532,"date":"2024-03-01T14:11:56","date_gmt":"2024-03-01T13:11:56","guid":{"rendered":"https:\/\/dniotwarte.uwb.edu.pl\/?page_id=3532"},"modified":"2025-02-17T14:14:29","modified_gmt":"2025-02-17T13:14:29","slug":"wydzial-stosunkow-miedzynarodowych","status":"publish","type":"page","link":"https:\/\/dniotwarte.uwb.edu.pl\/?page_id=3532","title":{"rendered":"Wydzia\u0142 Stosunk\u00f3w Mi\u0119dzynarodowych"},"content":{"rendered":"<p><a href=\"https:\/\/sm.uwb.edu.pl\/\"><img data-recalc-dims=\"1\" fetchpriority=\"high\" decoding=\"async\" data-attachment-id=\"3614\" data-permalink=\"https:\/\/dniotwarte.uwb.edu.pl\/?attachment_id=3614\" data-orig-file=\"https:\/\/i0.wp.com\/dniotwarte.uwb.edu.pl\/wp-content\/uploads\/2024\/03\/blackwsm_logo.png?fit=582%2C185&amp;ssl=1\" data-orig-size=\"582,185\" data-comments-opened=\"0\" data-image-meta=\"{&quot;aperture&quot;:&quot;0&quot;,&quot;credit&quot;:&quot;&quot;,&quot;camera&quot;:&quot;&quot;,&quot;caption&quot;:&quot;&quot;,&quot;created_timestamp&quot;:&quot;0&quot;,&quot;copyright&quot;:&quot;&quot;,&quot;focal_length&quot;:&quot;0&quot;,&quot;iso&quot;:&quot;0&quot;,&quot;shutter_speed&quot;:&quot;0&quot;,&quot;title&quot;:&quot;&quot;,&quot;orientation&quot;:&quot;0&quot;}\" data-image-title=\"blackwsm_logo\" data-image-description=\"\" data-image-caption=\"\" data-large-file=\"https:\/\/i0.wp.com\/dniotwarte.uwb.edu.pl\/wp-content\/uploads\/2024\/03\/blackwsm_logo.png?fit=525%2C167&amp;ssl=1\" class=\"aligncenter wp-image-3614 size-full\" src=\"https:\/\/i0.wp.com\/dniotwarte.uwb.edu.pl\/wp-content\/uploads\/2024\/03\/blackwsm_logo.png?resize=525%2C167&#038;ssl=1\" alt=\"\" width=\"525\" height=\"167\" srcset=\"https:\/\/i0.wp.com\/dniotwarte.uwb.edu.pl\/wp-content\/uploads\/2024\/03\/blackwsm_logo.png?w=582&amp;ssl=1 582w, https:\/\/i0.wp.com\/dniotwarte.uwb.edu.pl\/wp-content\/uploads\/2024\/03\/blackwsm_logo.png?resize=300%2C95&amp;ssl=1 300w, https:\/\/i0.wp.com\/dniotwarte.uwb.edu.pl\/wp-content\/uploads\/2024\/03\/blackwsm_logo.png?resize=128%2C41&amp;ssl=1 128w, https:\/\/i0.wp.com\/dniotwarte.uwb.edu.pl\/wp-content\/uploads\/2024\/03\/blackwsm_logo.png?resize=32%2C10&amp;ssl=1 32w\" sizes=\"(max-width: 525px) 100vw, 525px\" \/><\/a><\/p>\n<p style=\"text-align: center;\"><strong><span style=\"font-size: 14pt; color: #0000ff;\"><span style=\"font-size: 14pt; color: #ff0000;\">Rejestracja ruszy wkr\u00f3tce<\/span><\/span><\/strong><\/p>\n<p style=\"text-align: center;\"><span style=\"font-size: 14pt; color: #0000ff;\">Oferta Wydzia\u0142u Stosunk\u00f3w Mi\u0119dzynarodowych Uniwersytetu w Bia\u0142ymstoku w ramach cyklu<br \/>\nSpotkania z Nauk\u0105 2025 w Kampusie UwB<\/span><\/p>\n<div class=\"em em-view-container\" id=\"em-view-2051539652\" data-view=\"list\">\r\n\t<div class=\"em pixelbones em-list em-events-list\" id=\"em-events-list-2051539652\" data-view-id=\"2051539652\">\r\n\t<table class=\"events-table\" >\r\n    <thead>\r\n        <tr>\r\n\t\t\t<th class=\"event-date\" scope=\"col\">Data<\/th>\r\n\t\t\t<th class=\"event-time\" scope=\"col\">Godzina<\/th>\r\n\t\t\t<th class=\"event-description\" scope=\"col\">Wydarzenie<\/th>\r\n\t\t<\/tr>\r\n   \t<\/thead>\r\n    <tbody><tr>\r\n\t\t\t<td width=\"9%\">\r\n                pi\u0105tek 14-03-2025  \r\n\t\t\t<\/td><td width=\"15%\"style=\"background-color:lightgrey;\">\r\n                12:00 - 14:00\r\n            <\/td>\r\n            <td>\r\n                <a href=\"https:\/\/dniotwarte.uwb.edu.pl\/?event=debata-bialorus-zapad-2025-bezpieczenstwo-polski\">DEBATA \u201eBia\u0142oru\u015b-Zapad 2025 \u2013 Bezpiecze\u0144stwo Polski\u201d<\/a>\r\n                <br\/><i>Uniwersyteckim Centrum Kultury na Kampusie Uniwersyteckim UwB, Bia\u0142ystok <\/i>\r\n\r\n            <\/td>\r\n        <\/tr>\r\n<tr style =\"font-size: 4px;\">\r\n<td bgcolor=\"#559F77\" >\u00a0<\/td><td bgcolor=\"#559F77\">\u00a0<\/td><td bgcolor=\"#559F77\">\u00a0<\/td>\r\n<\/tr><\/tbody><\/table>\t<\/div>\r\n<\/div>\n","protected":false},"excerpt":{"rendered":"<p>Rejestracja ruszy wkr\u00f3tce Oferta Wydzia\u0142u Stosunk\u00f3w Mi\u0119dzynarodowych Uniwersytetu w Bia\u0142ymstoku w ramach cyklu Spotkania z Nauk\u0105 2025 w Kampusie UwB<\/p>\n","protected":false},"author":3,"featured_media":0,"parent":0,"menu_order":0,"comment_status":"closed","ping_status":"closed","template":"","meta":{"ngg_post_thumbnail":0,"jetpack_post_was_ever_published":false,"footnotes":""},"categories":[],"tags":[],"class_list":["post-3532","page","type-page","status-publish","hentry"],"jetpack_sharing_enabled":true,"jetpack_shortlink":"https:\/\/wp.me\/P9I97i-UY","jetpack_likes_enabled":true,"jetpack-related-posts":[],"_links":{"self":[{"href":"https:\/\/dniotwarte.uwb.edu.pl\/index.php?rest_route=\/wp\/v2\/pages\/3532","targetHints":{"allow":["GET"]}}],"collection":[{"href":"https:\/\/dniotwarte.uwb.edu.pl\/index.php?rest_route=\/wp\/v2\/pages"}],"about":[{"href":"https:\/\/dniotwarte.uwb.edu.pl\/index.php?rest_route=\/wp\/v2\/types\/page"}],"author":[{"embeddable":true,"href":"https:\/\/dniotwarte.uwb.edu.pl\/index.php?rest_route=\/wp\/v2\/users\/3"}],"replies":[{"embeddable":true,"href":"https:\/\/dniotwarte.uwb.edu.pl\/index.php?rest_route=%2Fwp%2Fv2%2Fcomments&post=3532"}],"version-history":[{"count":14,"href":"https:\/\/dniotwarte.uwb.edu.pl\/index.php?rest_route=\/wp\/v2\/pages\/3532\/revisions"}],"predecessor-version":[{"id":3720,"href":"https:\/\/dniotwarte.uwb.edu.pl\/index.php?rest_route=\/wp\/v2\/pages\/3532\/revisions\/3720"}],"wp:attachment":[{"href":"https:\/\/dniotwarte.uwb.edu.pl\/index.php?rest_route=%2Fwp%2Fv2%2Fmedia&parent=3532"}],"wp:term":[{"taxonomy":"category","embeddable":true,"href":"https:\/\/dniotwarte.uwb.edu.pl\/index.php?rest_route=%2Fwp%2Fv2%2Fcategories&post=3532"},{"taxonomy":"post_tag","embeddable":true,"href":"https:\/\/dniotwarte.uwb.edu.pl\/index.php?rest_route=%2Fwp%2Fv2%2Ftags&post=3532"}],"curies":[{"name":"wp","href":"https:\/\/api.w.org\/{rel}","templated":true}]}}