{"id":3708,"date":"2025-01-15T13:34:50","date_gmt":"2025-01-15T12:34:50","guid":{"rendered":"https:\/\/dniotwarte.uwb.edu.pl\/?page_id=3708"},"modified":"2025-03-13T11:38:02","modified_gmt":"2025-03-13T10:38:02","slug":"dostepnosc","status":"publish","type":"page","link":"https:\/\/dniotwarte.uwb.edu.pl\/?page_id=3708","title":{"rendered":"Dost\u0119pno\u015b\u0107"},"content":{"rendered":"<p style=\"text-align: center;\">&nbsp;<img decoding=\"async\" src=\"https:\/\/www.uwb.edu.pl\/fcp\/uFBsTMCQZEyUgCg4WSHd4ak1VYTZUNlAGDzRMdEFdYWhdG09gJxIYIXZvRQIGbyc\/_global\/public\/weif\/rsg\/godlo_uwb.svg\" alt=\"God\u0142o uczelni\" width=\"25%\" height=\"\">&nbsp;<\/p>\n<h1 class=\"h3 mt-5\" style=\"margin-bottom: 20px;\">Deklaracja Dost\u0119pno\u015bci dla strony internetowej <a href=\"https:\/\/dniotwarte.uwb.edu.pl\/\" target=\"_blank\" rel=\"noopener\">https:\/\/dniotwarte.uwb.edu.pl\/<\/a><\/h1>\n<p id=\"a11y-wstep\"><span id=\"a11y-podmiot\">Uniwersytet w Bia\u0142ymstoku<\/span> zobowi\u0105zuje si\u0119 zapewni\u0107 dost\u0119pno\u015b\u0107 swojej strony internetowej zgodnie z przepisami ustawy z dnia 4 kwietnia 2019 r. o dost\u0119pno\u015bci cyfrowej stron internetowych i aplikacji mobilnych podmiot\u00f3w publicznych. O\u015bwiadczenie w sprawie dost\u0119pno\u015bci ma zastosowanie do <a id=\"a11y-url\" href=\"https:\/\/dniotwarte.uwb.edu.pl\/\" target=\"_blank\" rel=\"noreferrer noopener\">strony Dni Otwarte UwB<\/a>.<\/p>\n<ul>\n<li>Data publikacji strony internetowej: <span id=\"a11y-data-publikacja\">5.03.2018<\/span>.<\/li>\n<li>Data ostatniej istotnej aktualizacji: <span id=\"a11y-data-aktualizacja\">brak danych<\/span>.<\/li>\n<\/ul>\n<h2 class=\"h4\"><strong>Status zgodno\u015bci z ustaw\u0105<\/strong><\/h2>\n<p id=\"a11y-status\"><strong>Strona internetowa jest cz\u0119\u015bciowo zgodna<\/strong> z ustaw\u0105 z dnia 4 kwietnia 2019 r. o dost\u0119pno\u015bci cyfrowej stron internetowych i aplikacji mobilnych podmiot\u00f3w publicznych z powodu niezgodno\u015bci lub wy\u0142\u0105cze\u0144 wymienionych poni\u017cej.<\/p>\n<h3 class=\"h5\">Niespe\u0142nione wymagania<\/h3>\n<ul>\n<li style=\"white-space: pre-wrap;\">Na stronach znajduj\u0105 si\u0119 filmy, do kt\u00f3rych nie dodano napis\u00f3w dla os\u00f3b nies\u0142ysz\u0105cych i niedos\u0142ysz\u0105cych.<\/li>\n<\/ul>\n<h3 class=\"h5\">Powody braku spe\u0142niania wymaga\u0144<\/h3>\n<ul>\n<li style=\"white-space: pre-wrap;\">Napisy s\u0105 dodawane sukcesywnie do starszych film\u00f3w.<\/li>\n<\/ul>\n<h2 class=\"h4\"><strong>Przygotowanie deklaracji dost\u0119pno\u015bci<\/strong><\/h2>\n<p>Informacja o przeprowadzone analizie wskazuj\u0105cej nadmierne obci\u0105\u017cenie jako pow\u00f3d braku dost\u0119pno\u015bci &#8211; <a id=\"a11y-ocena\" title=\"Link otwiera si\u0119 w nowym oknie i prowadzi do pliku z analiz\u0105.\" href=\"https:\/\/www.uwb.edu.pl\/uniwersytet\/dostepnosc-cyfrowa\" target=\"_blank\" rel=\"noreferrer noopener\">https:\/\/www.uwb.edu.pl\/dostepnosc-cyfrowa<\/a><\/p>\n<p>O\u015bwiadczenie sporz\u0105dzono dnia: <span id=\"a11y-data-sporzadzenie\">2025-01-15<\/span>.<\/p>\n<p>Deklaracj\u0119 sporz\u0105dzono na podstawie samooceny przeprowadzonej przez podmiot publiczny.<\/p>\n<p>Data ostatniego przegl\u0105du deklaracji: <span id=\"a11y-data-sporzadzenie\">2025-01-15<\/span>.<\/p>\n<h2 class=\"h4\"><strong>Skr\u00f3ty klawiaturowe<\/strong><\/h2>\n<p>Na stronie internetowej mo\u017cna u\u017cywa\u0107 standardowych skr\u00f3t\u00f3w klawiaturowych przegl\u0105darki.<\/p>\n<h2 id=\"a11y-kontakt\" class=\"h4\"><strong>Informacje zwrotne i dane kontaktowe<\/strong><\/h2>\n<p>W przypadku problem\u00f3w z dost\u0119pno\u015bci\u0105 strony internetowej prosimy o kontakt. Osob\u0105 kontaktow\u0105 jest <span id=\"a11y-osoba\">Maciej Skindzier<\/span>, <a title=\"Adres e-mail do osoby kontaktowej w sprawie dost\u0119pno\u015bci.\" href=\"mailto:m.skindzier@uwb.edu.pl\">m.skindzier@uwb.edu.pl<\/a>. Kontaktowa\u0107 mo\u017cna si\u0119 tak\u017ce dzwoni\u0105c na numer telefonu <a href=\"tel:+487457024\"><span id=\"a11y-telefon\">+48 85 745 70 24<\/span><\/a>. T\u0105 sam\u0105 drog\u0105 mo\u017cna sk\u0142ada\u0107 wnioski o udost\u0119pnienie informacji niedost\u0119pnej oraz sk\u0142ada\u0107 skargi na brak zapewnienia dost\u0119pno\u015bci.<\/p>\n<h3 class=\"h5\">Obs\u0142uga wniosk\u00f3w i skarg zwi\u0105zanych z dost\u0119pno\u015bci\u0105<\/h3>\n<p id=\"a11y-procedura\" style=\"white-space: pre-wrap;\">Ka\u017cdy ma prawo do wyst\u0105pienia z \u017c\u0105daniem zapewnienia dost\u0119pno\u015bci cyfrowej strony internetowej, aplikacji mobilnej lub jakiego\u015b ich elementu. Mo\u017cna tak\u017ce za\u017c\u0105da\u0107 udost\u0119pnienia informacji za pomoc\u0105 alternatywnego sposobu dost\u0119pu, na przyk\u0142ad przez odczytanie niedost\u0119pnego cyfrowo dokumentu, opisanie zawarto\u015bci filmu bez audiodeskrypcji itp. \u017b\u0105danie powinno zawiera\u0107 dane osoby zg\u0142aszaj\u0105cej \u017c\u0105danie, wskazanie, o kt\u00f3r\u0105 stron\u0119 internetow\u0105 lub aplikacj\u0119 mobiln\u0105 chodzi oraz spos\u00f3b kontaktu. Je\u017celi osoba \u017c\u0105daj\u0105ca zg\u0142asza potrzeb\u0119 otrzymania informacji za pomoc\u0105 alternatywnego sposobu dost\u0119pu, powinna tak\u017ce okre\u015bli\u0107 dogodny dla niej spos\u00f3b przedstawienia tej informacji. Podmiot publiczny powinien zrealizowa\u0107 \u017c\u0105danie niezw\u0142ocznie, nie p\u00f3\u017aniej ni\u017c w ci\u0105gu 7 dni od dnia wyst\u0105pienia z \u017c\u0105daniem. Je\u017celi dotrzymanie tego terminu nie jest mo\u017cliwe, podmiot publiczny niezw\u0142ocznie informuje o tym wnosz\u0105cego \u017c\u0105danie, kiedy realizacja \u017c\u0105dania b\u0119dzie mo\u017cliwa, przy czym termin ten nie mo\u017ce by\u0107 d\u0142u\u017cszy ni\u017c 2 miesi\u0105ce od dnia wyst\u0105pienia z \u017c\u0105daniem. Je\u017celi zapewnienie dost\u0119pno\u015bci cyfrowej nie jest mo\u017cliwe, podmiot publiczny mo\u017ce zaproponowa\u0107 alternatywny spos\u00f3b dost\u0119pu do informacji. W przypadku, gdy podmiot publiczny odm\u00f3wi realizacji \u017c\u0105dania zapewnienia dost\u0119pno\u015bci lub alternatywnego sposobu dost\u0119pu do informacji, wnosz\u0105cy \u017c\u0105danie mo\u017cne z\u0142o\u017cy\u0107 skarg\u0119 w sprawie zapewniana dost\u0119pno\u015bci cyfrowej strony internetowej, aplikacji mobilnej lub elementu strony internetowej, lub aplikacji mobilnej. Po wyczerpaniu wskazanej wy\u017cej procedury mo\u017cna tak\u017ce z\u0142o\u017cy\u0107 wniosek do Rzecznika Praw Obywatelskich.<\/p>\n<p><a href=\"https:\/\/www.rpo.gov.pl\/content\/jak-zglosic-sie-do-rzecznika-praw-obywatelskich\" target=\"_blank\" rel=\"noreferrer noopener\">Strona internetowa Rzecznika Praw Obywatelskich<\/a><\/p>\n<h2 id=\"a11y-architektura\" class=\"h4\"><strong>Dost\u0119pno\u015b\u0107 architektoniczna<\/strong><\/h2>\n<p><span style=\"font-size: 14pt;\"><strong><em>Wydzia\u0142 Biologii Uniwersytet w Bia\u0142ymstoku, ul. Cio\u0142kowskiego 1J 15-245 Bia\u0142ystok.<\/em><\/strong><\/span><\/p>\n<p>W przestrzeni przed budynkiem brak r\u00f3\u017cnicy poziom\u00f3w. G\u0142\u00f3wne wej\u015bcie do budynku jest wej\u015bciem dla os\u00f3b z niepe\u0142nosprawno\u015bciami.&nbsp;Drzwi wej\u015bciowe otwieraj\u0105 si\u0119 automatycznie i maj\u0105 szeroko\u015b\u0107 powy\u017cej 150 cm. W dalszej cz\u0119\u015bci znajduje si\u0119 wiatro\u0142ap, w kt\u00f3rym jest zmienna, antypo\u015blizgowa faktura oraz powierzchnia manewrowa. W przedsionku s\u0105 kolejne drzwi, wykonane z drewna i szk\u0142a.&nbsp;Otwieraj\u0105 si\u0119 r\u0119cznie.&nbsp;<\/p>\n<p>W budynku, zaraz przy wej\u015bciu, znajduje si\u0119 szatnia, kt\u00f3ra jest r\u00f3wnie\u017c punktem informacyjnym (informacja od pracownika).&nbsp;Szatnia posiada obni\u017con\u0105 lad\u0119. Osob\u0119 w szatni wida\u0107 zar\u00f3wno w pozycji siedz\u0105cej jak i stoj\u0105cej.&nbsp;<\/p>\n<p>W holu g\u0142\u00f3wnym, znajduje si\u0119 r\u00f3wnie\u017c podwieszana tablica informacyjna, na kt\u00f3rej umieszczone s\u0105 informacje o lokalizacji poszczeg\u00f3lnych pomieszcze\u0144 i sal.&nbsp;<\/p>\n<p>W budynku znajduj\u0105 si\u0119 trzy kondygnacje. Brak prog\u00f3w na poszczeg\u00f3lnych poziomach. Ci\u0105gi komunikacyjne, maj\u0105 odpowiedni\u0105 szeroko\u015b\u0107, umo\u017cliwiaj\u0105c\u0105 dwukierunkowy ruch. Wyposa\u017cenie korytarzy nie utrudnia poruszania si\u0119.&nbsp;Na korytarzach znajduj\u0105 si\u0119 miejsca odpoczynku. O\u015bwietlenie korytarzy jest prawid\u0142owe. Drzwi wykonane s\u0105 z drewna i szk\u0142a. Obecne s\u0105&nbsp;oznaczenia&nbsp;w alfabecie Braille\u2019a poszczeg\u00f3lnych numer\u00f3w pomieszcze\u0144 oraz toalet.&nbsp;<\/p>\n<p>W budynku znajduj\u0105 si\u0119 schody g\u0142\u00f3wne i boczne oraz winda.&nbsp;W budynku znajduj\u0105 si\u0119 \u0142\u0105cznie trzy windy (jedna w holu g\u0142\u00f3wnym, dwie towarowe), kt\u00f3re prowadz\u0105 na poszczeg\u00f3lne kondygnacje.<br \/>\nWinda g\u0142\u00f3wna w holu jest przeszklona. Drzwi do windy otwieraj\u0105 si\u0119 automatycznie.&nbsp;Wymiary windy s\u0105 odpowiednie. W \u015brodku windy zamontowane s\u0105 por\u0119cze na odpowiedniej wysoko\u015bci. Zewn\u0119trzny panel windy jest pod\u015bwietlany, informuj\u0105cy wizualnie, na kt\u00f3rym pi\u0119trze znajduje si\u0119 winda i w jakim kierunku si\u0119 porusza.&nbsp;Wewn\u0119trzne panele s\u0105 umieszczone na odpowiedniej wysoko\u015bci, przyciski s\u0105 oznaczone w alfabecie Braille\u2019a.&nbsp;<\/p>\n<p>W budynku na ka\u017cdej kondygnacji jest przynajmniej jedna toaleta dostosowana do potrzeb os\u00f3b z niepe\u0142nosprawno\u015bciami. S\u0105 prawid\u0142owe oznaczenia na drzwiach wej\u015bciowych do toalet.<\/p>\n<p>Wszystkie sale w budynku (wyk\u0142adowe, \u0107wiczeniowe, laboratoria, komputerowe) posiadaj\u0105 przestrze\u0144 manewrow\u0105 dla os\u00f3b z niepe\u0142nosprawno\u015bciami.&nbsp;Oznaczenie sal jest dobrze widoczne, zar\u00f3wno z pozycji siedz\u0105cej, jak i stoj\u0105cej. Wewn\u0105trz sal\/pracowni brak jest prog\u00f3w oraz r\u00f3\u017cnicy poziom\u00f3w.<\/p>\n<p><span style=\"font-size: 14pt;\"><strong><em>Wydzia\u0142 Chemii Uniwersytet w Bia\u0142ymstoku, ul. Cio\u0142kowskiego 1K 15-245 Bia\u0142ystok<\/em><\/strong><\/span><\/p>\n<p>W przestrzeni przed budynkiem brak r\u00f3\u017cnicy poziom\u00f3w. G\u0142\u00f3wne wej\u015bcie do budynku jest wej\u015bciem dla os\u00f3b z niepe\u0142nosprawno\u015bciami. Drzwi wej\u015bciowe otwieraj\u0105 si\u0119 automatycznie i maj\u0105 szeroko\u015b\u0107 powy\u017cej 150 cm. W dalszej cz\u0119\u015bci znajduje si\u0119 wiatro\u0142ap, w kt\u00f3rym jest zmienna, antypo\u015blizgowa faktura oraz powierzchnia manewrowa. W przedsionku s\u0105 kolejne drzwi, wykonane z drewna i szk\u0142a. Otwieraj\u0105 si\u0119 r\u0119cznie.<\/p>\n<p>W holu budynku, przy wej\u015bciu znajduje si\u0119 info kiosk, kt\u00f3ry pe\u0142ni funkcj\u0119 informacyjn\u0105 dotycz\u0105c\u0105 planu i przeznaczenia budynku. Jest on interaktywny i dotykowy. Mo\u017cna si\u0119 z niego dowiedzie\u0107, gdzie pracuje poszczeg\u00f3lny\/na wyk\u0142adowca\/wyk\u0142adowczyni. W holu g\u0142\u00f3wnym znajduje si\u0119 r\u00f3wnie\u017c podwieszana tablica informacyjna, na kt\u00f3rej umieszczone s\u0105 informacje o lokalizacji poszczeg\u00f3lnych pomieszcze\u0144 i sal.<\/p>\n<p>W budynku znajduj\u0105 si\u0119 trzy kondygnacje. Brak prog\u00f3w na poszczeg\u00f3lnych poziomach. Ci\u0105gi komunikacyjne, maj\u0105 odpowiedni\u0105 szeroko\u015b\u0107, umo\u017cliwiaj\u0105c\u0105 dwukierunkowy ruch. Wyposa\u017cenie korytarzy nie utrudnia poruszania si\u0119. O\u015bwietlenie korytarzy jest prawid\u0142owe. Drzwi wykonane s\u0105 z&nbsp;drewna i szk\u0142a. Obecne s\u0105&nbsp;oznaczenia&nbsp;w alfabecie Braille\u2019a poszczeg\u00f3lnych numer\u00f3w pomieszcze\u0144 oraz toalet.&nbsp; Przej\u015bcia pomi\u0119dzy budynkami (wydzia\u0142ami i instytutami) s\u0105 odpowiedniej szeroko\u015bci.<\/p>\n<p>W budynku znajduj\u0105 si\u0119 schody g\u0142\u00f3wne i boczne oraz winda. G\u0142\u00f3wne schody s\u0105 podwieszane. Por\u0119cze s\u0105 po obu stronach schod\u00f3w. W budynku, na drugim pi\u0119trze, nast\u0119puje zmiana poziom\u00f3w. Schody prowadz\u0105ce na wy\u017cszy poziom wyposa\u017cone s\u0105 w por\u0119cze. Zmian\u0119 poziom\u00f3w mo\u017cna omin\u0105\u0107 podno\u015bnikiem pionowym zamontowanym obok schod\u00f3w. Podno\u015bnik spe\u0142nia minimalne wymiary oraz ud\u017awig. Zar\u00f3wno zewn\u0119trzy jak i wewn\u0119trzny panel, umieszczony jest na odpowiedniej wysoko\u015bci. Wewn\u0119trzny panel posiada przycisk alarmu oraz stopu.<\/p>\n<p>W budynku znajduj\u0105 si\u0119 \u0142\u0105cznie trzy windy (jedna w holu g\u0142\u00f3wnym, dwie towarowe), kt\u00f3re prowadz\u0105 na poszczeg\u00f3lne kondygnacje. Winda g\u0142\u00f3wna w holu jest przeszklona. Drzwi do windy otwieraj\u0105 si\u0119 automatycznie. Wymiary widy s\u0105 odpowiednie. W \u015brodku windy zamontowane s\u0105 por\u0119cze na&nbsp;odpowiedniej wysoko\u015bci. Zewn\u0119trzny panel windy jest pod\u015bwietlany, informuj\u0105cy wizualnie, na&nbsp;kt\u00f3rym pi\u0119trze znajduje si\u0119 winda i w jakim kierunku si\u0119 porusza. Zewn\u0119trzny panel jest umieszczony na odpowiedniej wysoko\u015bci. Wewn\u0119trzne panele s\u0105 umieszczone na odpowiedniej wysoko\u015bci, przyciski s\u0105 oznaczone alfabetem Braille\u2019a. Winda w \u015brodku dysponuje wizualn\u0105 informacj\u0105, na kt\u00f3rym pi\u0119trze jest winda oraz w jakim kierunku jedzie. W budynku znajduj\u0105 si\u0119 r\u00f3wnie\u017c windy towarowe (jedna z nich jest dwustronna). Szeroko\u015b\u0107 i d\u0142ugo\u015b\u0107 wind jest odpowiednia. Zewn\u0119trzne i wewn\u0119trzne panele wind s\u0105 podobne do windy znajduj\u0105cej si\u0119 w holu g\u0142\u00f3wnym.<\/p>\n<p>W budynku na ka\u017cdej kondygnacji jest przynajmniej jedna toaleta dostosowana do potrzeb os\u00f3b z&nbsp;niepe\u0142nosprawno\u015bciami. Na drzwiach wej\u015bciowych do toalet s\u0105 prawid\u0142owe oznaczenia. W toaletach muszle ust\u0119powe s\u0105 na odpowiedniej wysoko\u015bci. Dost\u0119p do sp\u0142uczek jest \u0142atwy. Po obu stronach ust\u0119pu zamontowane s\u0105 por\u0119cze. Przy umywalkach zamontowane s\u0105 dwie por\u0119cze. Umywalki s\u0105 niskosyfonowe z przed\u0142u\u017conymi bateriami. Lustra posiadaj\u0105 mo\u017cliwo\u015b\u0107 regulacji k\u0105ta nachylenia. Podajniki myde\u0142 umieszczone s\u0105 na odpowiedniej wysoko\u015bci. W \u0142azienkach znajduj\u0105 si\u0119 alarmy. Toalety s\u0105 og\u00f3lnodost\u0119pne, niezamykane na klucz.<\/p>\n<p>Szeroko\u015b\u0107 drzwi prowadz\u0105cych do auli umo\u017cliwia wjazd w\u00f3zka elektrycznego. Z przodu auli wyznaczone s\u0105 miejsca dla os\u00f3b poruszaj\u0105cych si\u0119 na w\u00f3zku. W auli znajduje si\u0119 przeno\u015bna platforma umo\u017cliwiaj\u0105ca osobie z problemami w poruszaniu si\u0119 skorzystanie z podestu. Na pode\u015bcie stoliki maj\u0105 dostosowan\u0105 wysoko\u015b\u0107. Wszystkie sale w budynku (wyk\u0142adowe, \u0107wiczeniowe, laboratoria, komputerowe) posiadaj\u0105 przestrze\u0144 manewrow\u0105 dla os\u00f3b z niepe\u0142nosprawno\u015bciami. Sale s\u0105 umiejscowione na wszystkich kondygnacjach. Oznaczenie sal jest dobrze widoczne zar\u00f3wno z pozycji siedz\u0105cej, jak i stoj\u0105cej. Wewn\u0105trz sal\/pracowni brak jest prog\u00f3w oraz r\u00f3\u017cnicy poziom\u00f3w. W&nbsp;niekt\u00f3rych salach dydaktycznych znajduj\u0105 si\u0119 tablice interaktywne.<\/p>\n<p>W budynku na parterze znajduje si\u0119 dziekanat Wydzia\u0142u Chemii. Drzwi do korytarza z dziekanatem s\u0105 szklane. W dziekanacie jest przestrze\u0144 manewrowa.<\/p>\n<p>Biblioteka Wydzia\u0142u Chemii znajduje si\u0119 na parterze budynku. Prowadz\u0105 do niej szklane drzwi. Wewn\u0105trz biblioteki znajduje si\u0119 du\u017co przestrzeni manewrowej. Stoliki s\u0105 umieszczone na odpowiedniej wysoko\u015bci. Lada w bibliotece jest umieszczona na wysoko\u015bci 110 cm, jednak jest cz\u0119\u015b\u0107 obni\u017cona do 70 cm.<\/p>\n<p style=\"white-space: pre-wrap;\"><span style=\"font-size: 14pt;\"><strong>Wydzia\u0142 Fizyki ul. Cio\u0142kowskiego 1L 15-245 Bia\u0142ystok<\/strong><\/span><\/p>\n<p style=\"white-space: pre-wrap;\">W przestrzeni przed budynkiem brak r\u00f3\u017cnicy poziom\u00f3w. G\u0142\u00f3wne wej\u015bcie do budynku jest wej\u015bciem dla os\u00f3b z niepe\u0142nosprawno\u015bciami. Drzwi wej\u015bciowe otwieraj\u0105 si\u0119 automatycznie i maj\u0105 szeroko\u015b\u0107 powy\u017cej 150 cm. W dalszej cz\u0119\u015bci znajduje si\u0119 wiatro\u0142ap, w kt\u00f3rym jest zmienna, antypo\u015blizgowa faktura oraz powierzchnia manewrowa. W przedsionku s\u0105 kolejne drzwi, wykonane z drewna i szk\u0142a. Otwieraj\u0105 si\u0119 r\u0119cznie. W budynku, zaraz przy wej\u015bciu, znajduje si\u0119 szatnia, kt\u00f3ra jest r\u00f3wnie\u017c punktem informacyjnym (informacja od pracownika). Szatnia posiada obni\u017con\u0105 lad\u0119. Osob\u0119 w szatni wida\u0107 zar\u00f3wno w pozycji siedz\u0105cej jak i stoj\u0105cej.<\/p>\n<p style=\"white-space: pre-wrap;\">W holu g\u0142\u00f3wnym, znajduje si\u0119 r\u00f3wnie\u017c podwieszana tablica informacyjna, na kt\u00f3rej umieszczone s\u0105 informacje o lokalizacji poszczeg\u00f3lnych pomieszcze\u0144 i sal. W budynku znajduj\u0105 si\u0119 trzy kondygnacje. Brak prog\u00f3w na poszczeg\u00f3lnych poziomach. Ci\u0105gi komunikacyjne, maj\u0105 odpowiedni\u0105 szeroko\u015b\u0107, umo\u017cliwiaj\u0105c\u0105 dwukierunkowy ruch. Wyposa\u017cenie korytarzy nie utrudnia poruszania si\u0119. Na korytarzach znajduj\u0105 si\u0119 miejsca odpoczynku. O\u015bwietlenie korytarzy jest prawid\u0142owe. Drzwi wykonane s\u0105 z drewna i szk\u0142a. Obecne s\u0105 oznaczenia w alfabecie Braille\u2019a poszczeg\u00f3lnych numer\u00f3w pomieszcze\u0144 oraz toalet. W budynku znajduj\u0105 si\u0119 schody g\u0142\u00f3wne i boczne oraz winda. W budynku znajduj\u0105 si\u0119 \u0142\u0105cznie trzy windy (jedna w holu g\u0142\u00f3wnym, dwie towarowe), kt\u00f3re prowadz\u0105 na poszczeg\u00f3lne kondygnacje.<\/p>\n<p style=\"white-space: pre-wrap;\">Winda g\u0142\u00f3wna w holu jest przeszklona. Drzwi do windy otwieraj\u0105 si\u0119 automatycznie. Wymiary windy s\u0105 odpowiednie. W \u015brodku windy zamontowane s\u0105 por\u0119cze na odpowiedniej wysoko\u015bci. Zewn\u0119trzny panel windy jest pod\u015bwietlany, informuj\u0105cy wizualnie, na kt\u00f3rym pi\u0119trze znajduje si\u0119 winda i w jakim kierunku si\u0119 porusza. Wewn\u0119trzne panele s\u0105 umieszczone na odpowiedniej wysoko\u015bci, przyciski s\u0105 oznaczone w alfabecie Braille\u2019a. W budynku na ka\u017cdej kondygnacji jest przynajmniej jedna toaleta dostosowana do potrzeb os\u00f3b z niepe\u0142nosprawno\u015bciami. S\u0105 prawid\u0142owe oznaczenia na drzwiach wej\u015bciowych do toalet. Wszystkie sale w budynku (wyk\u0142adowe, \u0107wiczeniowe, laboratoria, komputerowe) posiadaj\u0105 przestrze\u0144 manewrow\u0105 dla os\u00f3b z niepe\u0142nosprawno\u015bciami. Oznaczenie sal jest dobrze widoczne, zar\u00f3wno z pozycji siedz\u0105cej, jak i stoj\u0105cej. Wewn\u0105trz sal\/pracowni brak jest prog\u00f3w oraz r\u00f3\u017cnicy poziom\u00f3w.<\/p>\n<p><span style=\"font-size: 14pt;\"><strong>Wydzia\u0142 Matematyki Uniwersytet w&nbsp;Bia\u0142ymstoku, ul. Cio\u0142kowskiego 1M 15-245 Bia\u0142ystok.<\/strong><\/span><\/p>\n<p>W przestrzeni przed budynkiem brak r\u00f3\u017cnicy poziom\u00f3w. G\u0142\u00f3wne wej\u015bcie do budynku jest wej\u015bciem dla os\u00f3b z&nbsp;niepe\u0142nosprawno\u015bciami. Drzwi wej\u015bciowe otwieraj\u0105 si\u0119 automatycznie i&nbsp;maj\u0105 szeroko\u015b\u0107 powy\u017cej 150 cm. W&nbsp;dalszej cz\u0119\u015bci znajduje si\u0119 wiatro\u0142ap, w&nbsp;kt\u00f3rym jest zmienna, antypo\u015blizgowa faktura oraz powierzchnia manewrowa. W&nbsp;przedsionku s\u0105 kolejne drzwi, wykonane z&nbsp;drewna i&nbsp;szk\u0142a. Otwieraj\u0105 si\u0119 r\u0119cznie.<\/p>\n<p>W budynku, zaraz przy wej\u015bciu, znajduje si\u0119 szatnia, kt\u00f3ra jest r\u00f3wnie\u017c punktem informacyjnym (informacja od pracownika). Szatnia posiada obni\u017con\u0105 lad\u0119. Osob\u0119 w&nbsp;szatni wida\u0107 zar\u00f3wno w&nbsp;pozycji siedz\u0105cej jak i&nbsp;stoj\u0105cej.<\/p>\n<p>W holu g\u0142\u00f3wnym, znajduje si\u0119 r\u00f3wnie\u017c podwieszana tablica informacyjna, na kt\u00f3rej umieszczone s\u0105 informacje o&nbsp;lokalizacji poszczeg\u00f3lnych pomieszcze\u0144 i&nbsp;sal.<\/p>\n<p>W budynku znajduj\u0105 si\u0119 trzy kondygnacje. Brak prog\u00f3w na poszczeg\u00f3lnych poziomach. Ci\u0105gi komunikacyjne, maj\u0105 odpowiedni\u0105 szeroko\u015b\u0107, umo\u017cliwiaj\u0105c\u0105 dwukierunkowy ruch. Wyposa\u017cenie korytarzy nie utrudnia poruszania si\u0119. Na korytarzach znajduj\u0105 si\u0119 miejsca odpoczynku. O\u015bwietlenie korytarzy jest prawid\u0142owe. Drzwi wykonane s\u0105 z&nbsp;drewna i&nbsp;szk\u0142a. Obecne s\u0105 oznaczenia w&nbsp;alfabecie Braille\\&#8217;a poszczeg\u00f3lnych numer\u00f3w pomieszcze\u0144 oraz toalet.<\/p>\n<p>W budynku znajduj\u0105 si\u0119 schody g\u0142\u00f3wne i&nbsp;boczne oraz winda. W&nbsp;budynku znajduj\u0105 si\u0119 \u0142\u0105cznie trzy windy (jedna w&nbsp;holu g\u0142\u00f3wnym, dwie towarowe), kt\u00f3re prowadz\u0105 na poszczeg\u00f3lne kondygnacje. Winda g\u0142\u00f3wna w&nbsp;holu jest przeszklona. Drzwi do windy otwieraj\u0105 si\u0119 automatycznie. Wymiary windy s\u0105 odpowiednie. W&nbsp;\u015brodku windy zamontowane s\u0105 por\u0119cze na odpowiedniej wysoko\u015bci. Zewn\u0119trzny panel windy jest pod\u015bwietlany, informuj\u0105cy wizualnie, na kt\u00f3rym pi\u0119trze znajduje si\u0119 winda i&nbsp;w jakim kierunku si\u0119 porusza. Wewn\u0119trzne panele s\u0105 umieszczone na odpowiedniej wysoko\u015bci, przyciski s\u0105 oznaczone w&nbsp;alfabecie Braille?a.<\/p>\n<p>W budynku na ka\u017cdej kondygnacji jest przynajmniej jedna toaleta dostosowana do potrzeb os\u00f3b z&nbsp;niepe\u0142nosprawno\u015bciami. S\u0105 prawid\u0142owe oznaczenia na drzwiach wej\u015bciowych do toalet.<\/p>\n<p>Wszystkie sale w&nbsp;budynku (wyk\u0142adowe, \u0107wiczeniowe, laboratoria, komputerowe) posiadaj\u0105 przestrze\u0144 manewrow\u0105 dla os\u00f3b z&nbsp;niepe\u0142nosprawno\u015bciami. Oznaczenie sal jest dobrze widoczne, zar\u00f3wno z&nbsp;pozycji siedz\u0105cej, jak i&nbsp;stoj\u0105cej. Wewn\u0105trz sal\/pracowni brak jest prog\u00f3w oraz r\u00f3\u017cnicy poziom\u00f3w.<\/p>\n<h2 class=\"h4\"><strong>Dodatkowe informacje<\/strong><\/h2>\n<ul>\n<li>Aktualny raport z zapewnienia dost\u0119pno\u015bci: <a href=\"https:\/\/bip.uwb.edu.pl\/uwb\/ogloszenia\/15380,Raport-o-stanie-zapewniania-dostepnosci-podmiotu-publicznego-marzec-2021.html\" target=\"_blank\" rel=\"noopener\">https:\/\/bip.uwb.edu.pl\/uwb\/ogloszenia\/15380,Raport-o-stanie-zapewniania-dostepnosci-podmiotu-publicznego-marzec-2021.html<\/a><\/li>\n<li>Jak wnioskowa\u0107 o t\u0142umacza polskiego j\u0119zyka migowego: <a href=\"https:\/\/tlumacz.migam.org\/uniwersytet_bialystok\" target=\"_blank\" rel=\"noopener\">https:\/\/tlumacz.migam.org\/uniwersytet_bialystok<\/a><\/li>\n<\/ul>\n","protected":false},"excerpt":{"rendered":"<p>&nbsp;&nbsp; Deklaracja Dost\u0119pno\u015bci dla strony internetowej https:\/\/dniotwarte.uwb.edu.pl\/ Uniwersytet w Bia\u0142ymstoku zobowi\u0105zuje si\u0119 zapewni\u0107 dost\u0119pno\u015b\u0107 swojej strony internetowej zgodnie z przepisami ustawy z dnia 4 kwietnia 2019 r. o dost\u0119pno\u015bci cyfrowej stron internetowych i aplikacji mobilnych podmiot\u00f3w publicznych. O\u015bwiadczenie w sprawie dost\u0119pno\u015bci ma zastosowanie do strony Dni Otwarte UwB. Data publikacji strony internetowej: 5.03.2018. Data ostatniej &hellip; <\/p>\n<p class=\"link-more\"><a href=\"https:\/\/dniotwarte.uwb.edu.pl\/?page_id=3708\" class=\"more-link\">Czytaj dalej<span class=\"screen-reader-text\"> \u201eDost\u0119pno\u015b\u0107\u201d<\/span><\/a><\/p>\n","protected":false},"author":1,"featured_media":0,"parent":0,"menu_order":0,"comment_status":"closed","ping_status":"closed","template":"","meta":{"ngg_post_thumbnail":0,"jetpack_post_was_ever_published":false,"footnotes":""},"categories":[],"tags":[],"class_list":["post-3708","page","type-page","status-publish","hentry"],"jetpack_sharing_enabled":true,"jetpack_shortlink":"https:\/\/wp.me\/P9I97i-XO","jetpack_likes_enabled":true,"jetpack-related-posts":[],"_links":{"self":[{"href":"https:\/\/dniotwarte.uwb.edu.pl\/index.php?rest_route=\/wp\/v2\/pages\/3708","targetHints":{"allow":["GET"]}}],"collection":[{"href":"https:\/\/dniotwarte.uwb.edu.pl\/index.php?rest_route=\/wp\/v2\/pages"}],"about":[{"href":"https:\/\/dniotwarte.uwb.edu.pl\/index.php?rest_route=\/wp\/v2\/types\/page"}],"author":[{"embeddable":true,"href":"https:\/\/dniotwarte.uwb.edu.pl\/index.php?rest_route=\/wp\/v2\/users\/1"}],"replies":[{"embeddable":true,"href":"https:\/\/dniotwarte.uwb.edu.pl\/index.php?rest_route=%2Fwp%2Fv2%2Fcomments&post=3708"}],"version-history":[{"count":5,"href":"https:\/\/dniotwarte.uwb.edu.pl\/index.php?rest_route=\/wp\/v2\/pages\/3708\/revisions"}],"predecessor-version":[{"id":4036,"href":"https:\/\/dniotwarte.uwb.edu.pl\/index.php?rest_route=\/wp\/v2\/pages\/3708\/revisions\/4036"}],"wp:attachment":[{"href":"https:\/\/dniotwarte.uwb.edu.pl\/index.php?rest_route=%2Fwp%2Fv2%2Fmedia&parent=3708"}],"wp:term":[{"taxonomy":"category","embeddable":true,"href":"https:\/\/dniotwarte.uwb.edu.pl\/index.php?rest_route=%2Fwp%2Fv2%2Fcategories&post=3708"},{"taxonomy":"post_tag","embeddable":true,"href":"https:\/\/dniotwarte.uwb.edu.pl\/index.php?rest_route=%2Fwp%2Fv2%2Ftags&post=3708"}],"curies":[{"name":"wp","href":"https:\/\/api.w.org\/{rel}","templated":true}]}}