{"id":4060,"date":"2025-03-14T14:07:53","date_gmt":"2025-03-14T13:07:53","guid":{"rendered":"https:\/\/dniotwarte.uwb.edu.pl\/?page_id=4060"},"modified":"2025-03-14T14:11:36","modified_gmt":"2025-03-14T13:11:36","slug":"konkurs-plastyczny-2","status":"publish","type":"page","link":"https:\/\/dniotwarte.uwb.edu.pl\/?page_id=4060","title":{"rendered":"Konkurs plastyczny"},"content":{"rendered":"<p><span style=\"font-size: 18pt;\">Konkurs plastyczny <strong>Chemia okiem dziecka<\/strong><\/span><\/p>\n<p><a href=\"https:\/\/dniotwarte.uwb.edu.pl\/wp-content\/uploads\/2019\/03\/Regulamin-konkursu-plastycznego.pdf\">Regulamin konkursu plastycznego<\/a><\/p>\n<p><a href=\"https:\/\/dniotwarte.uwb.edu.pl\/?page_id=3996\">RODO<\/a><\/p>\n<p><strong>Prowadz\u0105cy:<\/strong> dr Jolanta Magnuszewska<\/p>\n<p><strong>Miejsce:<\/strong> Hol I pi\u0119tro<\/p>\n<p><strong>Rejestracja: <\/strong> wst\u0119p wolny<\/p>\n","protected":false},"excerpt":{"rendered":"<p>Konkurs plastyczny Chemia okiem dziecka Regulamin konkursu plastycznego RODO Prowadz\u0105cy: dr Jolanta Magnuszewska Miejsce: Hol I pi\u0119tro Rejestracja: wst\u0119p wolny<\/p>\n","protected":false},"author":3,"featured_media":0,"parent":0,"menu_order":0,"comment_status":"closed","ping_status":"closed","template":"","meta":{"ngg_post_thumbnail":0,"jetpack_post_was_ever_published":false,"footnotes":""},"categories":[17],"tags":[],"class_list":["post-4060","page","type-page","status-publish","hentry","category-grupowanie"],"jetpack_sharing_enabled":true,"jetpack_shortlink":"https:\/\/wp.me\/P9I97i-13u","jetpack_likes_enabled":true,"jetpack-related-posts":[],"_links":{"self":[{"href":"https:\/\/dniotwarte.uwb.edu.pl\/index.php?rest_route=\/wp\/v2\/pages\/4060","targetHints":{"allow":["GET"]}}],"collection":[{"href":"https:\/\/dniotwarte.uwb.edu.pl\/index.php?rest_route=\/wp\/v2\/pages"}],"about":[{"href":"https:\/\/dniotwarte.uwb.edu.pl\/index.php?rest_route=\/wp\/v2\/types\/page"}],"author":[{"embeddable":true,"href":"https:\/\/dniotwarte.uwb.edu.pl\/index.php?rest_route=\/wp\/v2\/users\/3"}],"replies":[{"embeddable":true,"href":"https:\/\/dniotwarte.uwb.edu.pl\/index.php?rest_route=%2Fwp%2Fv2%2Fcomments&post=4060"}],"version-history":[{"count":5,"href":"https:\/\/dniotwarte.uwb.edu.pl\/index.php?rest_route=\/wp\/v2\/pages\/4060\/revisions"}],"predecessor-version":[{"id":4069,"href":"https:\/\/dniotwarte.uwb.edu.pl\/index.php?rest_route=\/wp\/v2\/pages\/4060\/revisions\/4069"}],"wp:attachment":[{"href":"https:\/\/dniotwarte.uwb.edu.pl\/index.php?rest_route=%2Fwp%2Fv2%2Fmedia&parent=4060"}],"wp:term":[{"taxonomy":"category","embeddable":true,"href":"https:\/\/dniotwarte.uwb.edu.pl\/index.php?rest_route=%2Fwp%2Fv2%2Fcategories&post=4060"},{"taxonomy":"post_tag","embeddable":true,"href":"https:\/\/dniotwarte.uwb.edu.pl\/index.php?rest_route=%2Fwp%2Fv2%2Ftags&post=4060"}],"curies":[{"name":"wp","href":"https:\/\/api.w.org\/{rel}","templated":true}]}}