{"id":474,"date":"2018-03-02T15:01:10","date_gmt":"2018-03-02T14:01:10","guid":{"rendered":"http:\/\/dniotwarte.uwb.edu.pl\/?page_id=474"},"modified":"2021-03-17T10:02:06","modified_gmt":"2021-03-17T09:02:06","slug":"wydarzenia-na-wydziale-fizyki-3-2-3","status":"publish","type":"page","link":"https:\/\/dniotwarte.uwb.edu.pl\/?page_id=474","title":{"rendered":"Wydzia\u0142 Biologii &#8211; warsztaty"},"content":{"rendered":"<h2><a style=\"font-size: 1rem;\" href=\"https:\/\/biologia.uwb.edu.pl\/podstrony\/marcowe-spotkania-z-nauka-na-wydziale-biologii\/\"><strong style=\"color: #666666; font-size: 1.25rem;\">Marcowe spotkania z nauk\u0105 na Wydziale Biologii &#8211; 2021<\/strong><\/a><\/h2>\n<div class=\"content-wrapper\">\n<div class=\"container subpage\">\n<div class=\"main_container\">\n<div class=\"row\">\n<div class=\"col-md-8\">\n<div class=\"body\">\n<p>W dniach 18.03 \u2013 19.03.2021&nbsp;r. odb\u0119dzie si\u0119 na Wydziale Biologii Uniwersytetu w Bia\u0142ymstoku kolejna edycja Marcowych spotka\u0144 z nauk\u0105. Z tej okazji przygotowali\u015bmy dla szk\u00f3\u0142 ponadgimnazjalnych bardzo ciekaw\u0105 i bogat\u0105 ofert\u0119 wyk\u0142ad\u00f3w oraz warsztat\u00f3w on-line.<\/p>\n<p>Mamy nadziej\u0119, \u017ce r\u00f3wnie\u017c wszyscy pasjonaci przyrody znajd\u0105 tutaj interesuj\u0105ce wyk\u0142ady i warsztaty!<\/p>\n<p>Ponadto, przygotowali\u015bmy atrakcyjne nagrody dla naszych dociekliwych s\u0142uchaczy.<\/p>\n<p>Serdecznie zapraszamy do zapoznania si\u0119 z harmonogramem imprez. Mamy nadziej\u0119, \u017ce nasza oferta zach\u0119ci Pa\u0144stwa do odwiedzenia mur\u00f3w Wydzia\u0142u Biologii w przysz\u0142o\u015bci.<\/p>\n<p>Zapisy na wyk\u0142ady i warsztaty prowadzi dr Magdalena \u015awis\u0142ocka: <a href=\"mailto:magdaswi@uwb.edu.pl?subject=marcowe%20spotkania%20z%20nauk%C4%85\">magdaswi@uwb.edu.pl<\/a><\/p>\n<p><img data-recalc-dims=\"1\" fetchpriority=\"high\" decoding=\"async\" data-attachment-id=\"2089\" data-permalink=\"https:\/\/dniotwarte.uwb.edu.pl\/?attachment_id=2089\" data-orig-file=\"https:\/\/i0.wp.com\/dniotwarte.uwb.edu.pl\/wp-content\/uploads\/2021\/03\/marcowe-spotkania-z-nauka-last_sZLzDw2.jpg?fit=2000%2C1427&amp;ssl=1\" data-orig-size=\"2000,1427\" data-comments-opened=\"0\" data-image-meta=\"{&quot;aperture&quot;:&quot;0&quot;,&quot;credit&quot;:&quot;&quot;,&quot;camera&quot;:&quot;&quot;,&quot;caption&quot;:&quot;&quot;,&quot;created_timestamp&quot;:&quot;0&quot;,&quot;copyright&quot;:&quot;&quot;,&quot;focal_length&quot;:&quot;0&quot;,&quot;iso&quot;:&quot;0&quot;,&quot;shutter_speed&quot;:&quot;0&quot;,&quot;title&quot;:&quot;&quot;,&quot;orientation&quot;:&quot;0&quot;}\" data-image-title=\"marcowe-spotkania-z-nauka-last_sZLzDw2\" data-image-description=\"\" data-image-caption=\"\" data-large-file=\"https:\/\/i0.wp.com\/dniotwarte.uwb.edu.pl\/wp-content\/uploads\/2021\/03\/marcowe-spotkania-z-nauka-last_sZLzDw2.jpg?fit=525%2C375&amp;ssl=1\" class=\"alignnone size-large wp-image-2089\" src=\"https:\/\/i0.wp.com\/dniotwarte.uwb.edu.pl\/wp-content\/uploads\/2021\/03\/marcowe-spotkania-z-nauka-last_sZLzDw2.jpg?resize=525%2C375&#038;ssl=1\" alt=\"\" width=\"525\" height=\"375\" srcset=\"https:\/\/i0.wp.com\/dniotwarte.uwb.edu.pl\/wp-content\/uploads\/2021\/03\/marcowe-spotkania-z-nauka-last_sZLzDw2.jpg?resize=1024%2C731&amp;ssl=1 1024w, https:\/\/i0.wp.com\/dniotwarte.uwb.edu.pl\/wp-content\/uploads\/2021\/03\/marcowe-spotkania-z-nauka-last_sZLzDw2.jpg?resize=300%2C214&amp;ssl=1 300w, https:\/\/i0.wp.com\/dniotwarte.uwb.edu.pl\/wp-content\/uploads\/2021\/03\/marcowe-spotkania-z-nauka-last_sZLzDw2.jpg?resize=768%2C548&amp;ssl=1 768w, https:\/\/i0.wp.com\/dniotwarte.uwb.edu.pl\/wp-content\/uploads\/2021\/03\/marcowe-spotkania-z-nauka-last_sZLzDw2.jpg?resize=1536%2C1096&amp;ssl=1 1536w, https:\/\/i0.wp.com\/dniotwarte.uwb.edu.pl\/wp-content\/uploads\/2021\/03\/marcowe-spotkania-z-nauka-last_sZLzDw2.jpg?w=2000&amp;ssl=1 2000w\" sizes=\"(max-width: 525px) 100vw, 525px\" \/><\/p>\n<p>&nbsp;<\/p>\n<p><strong><a href=\"https:\/\/biologia.uwb.edu.pl\/media\/uploads\/2021\/03\/13\/mszn_18_03_2021_v1.pdf\">Harmonogram wyk\u0142ad\u00f3w, warsztat\u00f3w i pokaz\u00f3w &#8211; 18&nbsp;marca 2021&nbsp;r. [PDF]<\/a><\/strong><\/p>\n<p><strong><a href=\"https:\/\/biologia.uwb.edu.pl\/media\/uploads\/2021\/03\/13\/mszn_19_03_2021_v1.pdf\">Harmonogram wyk\u0142ad\u00f3w, warsztat\u00f3w i pokaz\u00f3w &#8211; 19&nbsp;marca 2021&nbsp;r. [PDF]<\/a><\/strong><\/p>\n<\/div>\n<\/div>\n<\/div>\n<\/div>\n<\/div>\n<\/div>\n<p><a href=\"https:\/\/www.youtube.com\/channel\/UCtPTwzbX3d6oY29dasjQ9SA\">Wydzia\u0142 Biologii Uniwersytet w Bia\u0142ymstoku na YouTube<\/a><\/p>\n","protected":false},"excerpt":{"rendered":"<p>Marcowe spotkania z nauk\u0105 na Wydziale Biologii &#8211; 2021 W dniach 18.03 \u2013 19.03.2021&nbsp;r. odb\u0119dzie si\u0119 na Wydziale Biologii Uniwersytetu w Bia\u0142ymstoku kolejna edycja Marcowych spotka\u0144 z nauk\u0105. Z tej okazji przygotowali\u015bmy dla szk\u00f3\u0142 ponadgimnazjalnych bardzo ciekaw\u0105 i bogat\u0105 ofert\u0119 wyk\u0142ad\u00f3w oraz warsztat\u00f3w on-line. Mamy nadziej\u0119, \u017ce r\u00f3wnie\u017c wszyscy pasjonaci przyrody znajd\u0105 tutaj interesuj\u0105ce wyk\u0142ady &hellip; <\/p>\n<p class=\"link-more\"><a href=\"https:\/\/dniotwarte.uwb.edu.pl\/?page_id=474\" class=\"more-link\">Czytaj dalej<span class=\"screen-reader-text\"> \u201eWydzia\u0142 Biologii &#8211; warsztaty\u201d<\/span><\/a><\/p>\n","protected":false},"author":1,"featured_media":0,"parent":0,"menu_order":0,"comment_status":"closed","ping_status":"closed","template":"","meta":{"ngg_post_thumbnail":0,"footnotes":""},"categories":[17],"tags":[],"class_list":["post-474","page","type-page","status-publish","hentry","category-grupowanie"],"jetpack_sharing_enabled":true,"jetpack_shortlink":"https:\/\/wp.me\/P9I97i-7E","jetpack_likes_enabled":true,"jetpack-related-posts":[],"_links":{"self":[{"href":"https:\/\/dniotwarte.uwb.edu.pl\/index.php?rest_route=\/wp\/v2\/pages\/474","targetHints":{"allow":["GET"]}}],"collection":[{"href":"https:\/\/dniotwarte.uwb.edu.pl\/index.php?rest_route=\/wp\/v2\/pages"}],"about":[{"href":"https:\/\/dniotwarte.uwb.edu.pl\/index.php?rest_route=\/wp\/v2\/types\/page"}],"author":[{"embeddable":true,"href":"https:\/\/dniotwarte.uwb.edu.pl\/index.php?rest_route=\/wp\/v2\/users\/1"}],"replies":[{"embeddable":true,"href":"https:\/\/dniotwarte.uwb.edu.pl\/index.php?rest_route=%2Fwp%2Fv2%2Fcomments&post=474"}],"version-history":[{"count":4,"href":"https:\/\/dniotwarte.uwb.edu.pl\/index.php?rest_route=\/wp\/v2\/pages\/474\/revisions"}],"predecessor-version":[{"id":2100,"href":"https:\/\/dniotwarte.uwb.edu.pl\/index.php?rest_route=\/wp\/v2\/pages\/474\/revisions\/2100"}],"wp:attachment":[{"href":"https:\/\/dniotwarte.uwb.edu.pl\/index.php?rest_route=%2Fwp%2Fv2%2Fmedia&parent=474"}],"wp:term":[{"taxonomy":"category","embeddable":true,"href":"https:\/\/dniotwarte.uwb.edu.pl\/index.php?rest_route=%2Fwp%2Fv2%2Fcategories&post=474"},{"taxonomy":"post_tag","embeddable":true,"href":"https:\/\/dniotwarte.uwb.edu.pl\/index.php?rest_route=%2Fwp%2Fv2%2Ftags&post=474"}],"curies":[{"name":"wp","href":"https:\/\/api.w.org\/{rel}","templated":true}]}}