{"id":64,"date":"2018-02-23T21:04:14","date_gmt":"2018-02-23T20:04:14","guid":{"rendered":"http:\/\/dniotwarte.uwb.edu.pl\/?page_id=64"},"modified":"2025-03-06T14:45:55","modified_gmt":"2025-03-06T13:45:55","slug":"wydarzenia-na-wydziale-fizyki","status":"publish","type":"page","link":"https:\/\/dniotwarte.uwb.edu.pl\/?page_id=64","title":{"rendered":"Wydzia\u0142 Fizyki"},"content":{"rendered":"<h2><strong>Wydzia\u0142 Fizyki<\/strong><\/h2>\n\n<!-- Page-list plugin v.5.9 wordpress.org\/plugins\/page-list\/ -->\n<div class=\"page-list page-list-ext \">\n<div class=\"page-list-ext-item\"><div class=\"page-list-ext-image\"><a href=\"https:\/\/dniotwarte.uwb.edu.pl\/?page_id=85\" title=\"Wydzia\u0142 Fizyki - wyk\u0142ady\"><img decoding=\"async\" src=\"https:\/\/i0.wp.com\/dniotwarte.uwb.edu.pl\/wp-content\/uploads\/2022\/03\/zdj2-scaled.jpg?resize=150%2C150&#038;ssl=1\" width=\"150\" alt=\"Wydzia\u0142 Fizyki - wyk\u0142ady\" \/><\/a><\/div> <h3 class=\"page-list-ext-title\"><a href=\"https:\/\/dniotwarte.uwb.edu.pl\/?page_id=85\" title=\"Wydzia\u0142 Fizyki - wyk\u0142ady\">Wydzia\u0142 Fizyki - wyk\u0142ady<\/a><\/h3><div class=\"page-list-ext-item-content\">&nbsp; \r\n\r\n\r\n\r\nPI\u0104TEK&nbsp; &nbsp; 14.03.2025 r.  \r\n&nbsp; \r\n\r\n\r\n\r\nNaturalna nawigacja magnetyczna  \r\n\r\n\r\nprof. \u200b dr hab. Marek Kisielewski\r\n\r\n\r\n\r\nWszystkie organizmy \u017cywe nieustannie prowadz\u0105 mniej lub bardziej dramatyczn\u0105 walk\u0119 o przetrwanie. Orient...<\/div><\/div>\n<div class=\"page-list-ext-item\"><div class=\"page-list-ext-image\"><a href=\"https:\/\/dniotwarte.uwb.edu.pl\/?page_id=311\" title=\"Wydzia\u0142 Fizyki - warsztaty\"><img decoding=\"async\" src=\"https:\/\/i0.wp.com\/dniotwarte.uwb.edu.pl\/wp-content\/uploads\/2018\/03\/DSC_8069.jpg?resize=150%2C150&#038;ssl=1\" width=\"150\" alt=\"Wydzia\u0142 Fizyki - warsztaty\" \/><\/a><\/div> <h3 class=\"page-list-ext-title\"><a href=\"https:\/\/dniotwarte.uwb.edu.pl\/?page_id=311\" title=\"Wydzia\u0142 Fizyki - warsztaty\">Wydzia\u0142 Fizyki - warsztaty<\/a><\/h3><div class=\"page-list-ext-item-content\">Warsztaty planowane na Wydziale Fizyki  \r\n&nbsp; \r\n\r\n\r\n\r\nCZWARTEK&nbsp; &nbsp; 13.03.2025 r.  \r\n&nbsp; \r\n\r\n\r\n\r\n\r\nPiszemy gr\u0119 2D \"Kosmiczna przygoda\"!  \r\ndr Krzysztof Gawryluk\r\n\r\n\r\n\r\nCzy wystarczy 130 minut by stworzy\u0107 prototyp gry 2D? TAK! ale trzeba u...<\/div><\/div>\n\n<\/div>\n\n<!-- Page-list plugin v.5.9 wordpress.org\/plugins\/page-list\/ -->\n<div class=\"page-list page-list-ext \">\n<div class=\"page-list-ext-item\"><div class=\"page-list-ext-image\"><a href=\"https:\/\/dniotwarte.uwb.edu.pl\/?page_id=3174\" title=\"Wydzia\u0142 Fizyki - nagrania wideo\"><img decoding=\"async\" src=\"https:\/\/i0.wp.com\/dniotwarte.uwb.edu.pl\/wp-content\/uploads\/2021\/05\/screenshot.254.jpg?resize=150%2C150&#038;ssl=1\" width=\"150\" alt=\"Wydzia\u0142 Fizyki - nagrania wideo\" \/><\/a><\/div> <h3 class=\"page-list-ext-title\"><a href=\"https:\/\/dniotwarte.uwb.edu.pl\/?page_id=3174\" title=\"Wydzia\u0142 Fizyki - nagrania wideo\">Wydzia\u0142 Fizyki - nagrania wideo<\/a><\/h3><div class=\"page-list-ext-item-content\">Nagrania wideo kt\u00f3re powsta\u0142y w ramach Spotka\u0144 z Nauka w latach gdy izolacja kr\u00f3lowa\u0142a nad kontaktem osobistym\r\n\r\n<\/div><\/div>\n\n<\/div>\n<hr>\n<p><span style=\"font-size: 1rem;\">Kontakt i zapisy:<\/span><\/p>\n<p><strong>Wydzia\u0142 Fizyki<\/strong><br \/>\n<strong>prof. dr hab. Marek Kisielewski<\/strong><br \/>\ntel. 85 738 81 76<br \/>\nCio\u0142kowskiego 1L, pok. 1024<br \/>\ne-mail: <a href=\"mailto:kisiel@uwb.edu.pl\">kisiel@uwb.edu.pl<\/a><\/p>\n","protected":false},"excerpt":{"rendered":"<p>Wydzia\u0142 Fizyki Kontakt i zapisy: Wydzia\u0142 Fizyki prof. dr hab. Marek Kisielewski tel. 85 738 81 76 Cio\u0142kowskiego 1L, pok. 1024 e-mail: kisiel@uwb.edu.pl<\/p>\n","protected":false},"author":1,"featured_media":0,"parent":0,"menu_order":0,"comment_status":"closed","ping_status":"closed","template":"","meta":{"ngg_post_thumbnail":0,"jetpack_post_was_ever_published":false,"footnotes":""},"categories":[17],"tags":[],"class_list":["post-64","page","type-page","status-publish","hentry","category-grupowanie"],"jetpack_sharing_enabled":true,"jetpack_shortlink":"https:\/\/wp.me\/P9I97i-12","jetpack_likes_enabled":true,"jetpack-related-posts":[],"_links":{"self":[{"href":"https:\/\/dniotwarte.uwb.edu.pl\/index.php?rest_route=\/wp\/v2\/pages\/64","targetHints":{"allow":["GET"]}}],"collection":[{"href":"https:\/\/dniotwarte.uwb.edu.pl\/index.php?rest_route=\/wp\/v2\/pages"}],"about":[{"href":"https:\/\/dniotwarte.uwb.edu.pl\/index.php?rest_route=\/wp\/v2\/types\/page"}],"author":[{"embeddable":true,"href":"https:\/\/dniotwarte.uwb.edu.pl\/index.php?rest_route=\/wp\/v2\/users\/1"}],"replies":[{"embeddable":true,"href":"https:\/\/dniotwarte.uwb.edu.pl\/index.php?rest_route=%2Fwp%2Fv2%2Fcomments&post=64"}],"version-history":[{"count":121,"href":"https:\/\/dniotwarte.uwb.edu.pl\/index.php?rest_route=\/wp\/v2\/pages\/64\/revisions"}],"predecessor-version":[{"id":3988,"href":"https:\/\/dniotwarte.uwb.edu.pl\/index.php?rest_route=\/wp\/v2\/pages\/64\/revisions\/3988"}],"wp:attachment":[{"href":"https:\/\/dniotwarte.uwb.edu.pl\/index.php?rest_route=%2Fwp%2Fv2%2Fmedia&parent=64"}],"wp:term":[{"taxonomy":"category","embeddable":true,"href":"https:\/\/dniotwarte.uwb.edu.pl\/index.php?rest_route=%2Fwp%2Fv2%2Fcategories&post=64"},{"taxonomy":"post_tag","embeddable":true,"href":"https:\/\/dniotwarte.uwb.edu.pl\/index.php?rest_route=%2Fwp%2Fv2%2Ftags&post=64"}],"curies":[{"name":"wp","href":"https:\/\/api.w.org\/{rel}","templated":true}]}}