{"id":659,"date":"2018-03-03T04:45:26","date_gmt":"2018-03-03T03:45:26","guid":{"rendered":"http:\/\/dniotwarte.uwb.edu.pl\/?page_id=659"},"modified":"2025-03-03T12:40:57","modified_gmt":"2025-03-03T11:40:57","slug":"harmonogram-imprez-wydzial-fizyki-2","status":"publish","type":"page","link":"https:\/\/dniotwarte.uwb.edu.pl\/?page_id=659","title":{"rendered":"Harmonogram imprez &#8211; Wydzia\u0142 Biologii"},"content":{"rendered":"<p style=\"text-align: center;\"><strong><span style=\"color: #ff0000; font-size: 18pt;\">Rejestracja od 3 marca 2025 <\/span><\/strong><\/p>\n<p style=\"text-align: center;\"><strong><span style=\"color: #ff0000; font-size: 18pt;\">Zapisy wy\u0142\u0105cznie drog\u0105 mailow\u0105 na adres promocja.wydzialbiologii@gmail.com <\/span><\/strong><\/p>\n<p style=\"text-align: center;\"><strong><span style=\"color: #ff0000; font-size: 18pt;\">prowadzi dr Magdalena \u015awis\u0142ocka-Cutter.&nbsp;<\/span><\/strong><\/p>\n<p style=\"text-align: center;\"><span style=\"font-size: 14pt;\"><a href=\"https:\/\/dniotwarte.uwb.edu.pl\/wp-content\/uploads\/2025\/02\/biologia.pdf\">Harmonogram Spotka\u0144 z Nauk\u0105 2025 na Wydziale Biologii UwB&nbsp;<\/a><\/span><\/p>\n<p style=\"text-align: center;\"><span style=\"font-size: 18pt; color: #000000;\"><strong>Harmonogram: <\/strong><\/span><span style=\"font-size: 18pt; color: #000000;\"><strong><a href=\"https:\/\/dniotwarte.uwb.edu.pl\/wp-content\/uploads\/2025\/02\/biologia.pdf\" class=\"pdfemb-viewer\" style=\"\" data-width=\"max\" data-height=\"max\" data-toolbar=\"bottom\" data-toolbar-fixed=\"off\">biologia<\/a><\/strong><\/span><\/p>\n<p>&nbsp;<\/p>\n<p><!-- [mla_gallery size=full ids=\"1500,1502\" post_mime_type=application\/pdf post_parent=all link=file mla_viewer=true columns=1 mla_rollover_text='{+description+}' ] --><\/p>\n","protected":false},"excerpt":{"rendered":"<p>Rejestracja od 3 marca 2025 Zapisy wy\u0142\u0105cznie drog\u0105 mailow\u0105 na adres promocja.wydzialbiologii@gmail.com prowadzi dr Magdalena \u015awis\u0142ocka-Cutter.&nbsp; Harmonogram Spotka\u0144 z Nauk\u0105 2025 na Wydziale Biologii UwB&nbsp; Harmonogram: &nbsp;<\/p>\n","protected":false},"author":1,"featured_media":0,"parent":0,"menu_order":0,"comment_status":"closed","ping_status":"closed","template":"","meta":{"ngg_post_thumbnail":0,"jetpack_post_was_ever_published":false,"footnotes":""},"categories":[28],"tags":[],"class_list":["post-659","page","type-page","status-publish","hentry","category-harmonogram"],"jetpack_sharing_enabled":true,"jetpack_shortlink":"https:\/\/wp.me\/P9I97i-aD","jetpack_likes_enabled":true,"jetpack-related-posts":[],"_links":{"self":[{"href":"https:\/\/dniotwarte.uwb.edu.pl\/index.php?rest_route=\/wp\/v2\/pages\/659","targetHints":{"allow":["GET"]}}],"collection":[{"href":"https:\/\/dniotwarte.uwb.edu.pl\/index.php?rest_route=\/wp\/v2\/pages"}],"about":[{"href":"https:\/\/dniotwarte.uwb.edu.pl\/index.php?rest_route=\/wp\/v2\/types\/page"}],"author":[{"embeddable":true,"href":"https:\/\/dniotwarte.uwb.edu.pl\/index.php?rest_route=\/wp\/v2\/users\/1"}],"replies":[{"embeddable":true,"href":"https:\/\/dniotwarte.uwb.edu.pl\/index.php?rest_route=%2Fwp%2Fv2%2Fcomments&post=659"}],"version-history":[{"count":19,"href":"https:\/\/dniotwarte.uwb.edu.pl\/index.php?rest_route=\/wp\/v2\/pages\/659\/revisions"}],"predecessor-version":[{"id":3879,"href":"https:\/\/dniotwarte.uwb.edu.pl\/index.php?rest_route=\/wp\/v2\/pages\/659\/revisions\/3879"}],"wp:attachment":[{"href":"https:\/\/dniotwarte.uwb.edu.pl\/index.php?rest_route=%2Fwp%2Fv2%2Fmedia&parent=659"}],"wp:term":[{"taxonomy":"category","embeddable":true,"href":"https:\/\/dniotwarte.uwb.edu.pl\/index.php?rest_route=%2Fwp%2Fv2%2Fcategories&post=659"},{"taxonomy":"post_tag","embeddable":true,"href":"https:\/\/dniotwarte.uwb.edu.pl\/index.php?rest_route=%2Fwp%2Fv2%2Ftags&post=659"}],"curies":[{"name":"wp","href":"https:\/\/api.w.org\/{rel}","templated":true}]}}