{"id":698,"date":"2018-03-05T12:05:00","date_gmt":"2018-03-05T11:05:00","guid":{"rendered":"http:\/\/dniotwarte.uwb.edu.pl\/?page_id=698"},"modified":"2025-02-28T14:52:58","modified_gmt":"2025-02-28T13:52:58","slug":"koordynatorzy-marcowych-spotkan-z-nauka-2018-3-2","status":"publish","type":"page","link":"https:\/\/dniotwarte.uwb.edu.pl\/?page_id=698","title":{"rendered":"Rejestracja &#8211; Wydzia\u0142 Biologii"},"content":{"rendered":"<p style=\"text-align: center;\"><strong><span style=\"color: #ff0000; font-size: 18pt;\">Rejestracja od 3 marca 2025 <\/span><\/strong><\/p>\n<p style=\"text-align: center;\"><strong><span style=\"color: #ff0000; font-size: 18pt;\">Zapisy wy\u0142\u0105cznie drog\u0105 mailow\u0105 na adres promocja.wydzialbiologii@gmail.com <\/span><\/strong><\/p>\n<p style=\"text-align: center;\"><strong><span style=\"color: #ff0000; font-size: 18pt;\">prowadzi dr Magdalena \u015awis\u0142ocka-Cutter.&nbsp;<\/span><\/strong><\/p>\n<p style=\"text-align: center;\"><span style=\"font-size: 14pt;\"><a href=\"http:\/\/dniotwarte.uwb.edu.pl\/wp-content\/uploads\/2025\/02\/biologia.pdf\">Harmonogram Spotka\u0144 z Nauk\u0105 2025 na Wydziale Biologii UwB&nbsp;<\/a><\/span><\/p>\n","protected":false},"excerpt":{"rendered":"<p>Rejestracja od 3 marca 2025 Zapisy wy\u0142\u0105cznie drog\u0105 mailow\u0105 na adres promocja.wydzialbiologii@gmail.com prowadzi dr Magdalena \u015awis\u0142ocka-Cutter.&nbsp; Harmonogram Spotka\u0144 z Nauk\u0105 2025 na Wydziale Biologii UwB&nbsp;<\/p>\n","protected":false},"author":1,"featured_media":0,"parent":0,"menu_order":0,"comment_status":"closed","ping_status":"closed","template":"","meta":{"ngg_post_thumbnail":0,"jetpack_post_was_ever_published":false,"footnotes":""},"categories":[],"tags":[],"class_list":["post-698","page","type-page","status-publish","hentry"],"jetpack_sharing_enabled":true,"jetpack_shortlink":"https:\/\/wp.me\/P9I97i-bg","jetpack_likes_enabled":true,"jetpack-related-posts":[],"_links":{"self":[{"href":"https:\/\/dniotwarte.uwb.edu.pl\/index.php?rest_route=\/wp\/v2\/pages\/698","targetHints":{"allow":["GET"]}}],"collection":[{"href":"https:\/\/dniotwarte.uwb.edu.pl\/index.php?rest_route=\/wp\/v2\/pages"}],"about":[{"href":"https:\/\/dniotwarte.uwb.edu.pl\/index.php?rest_route=\/wp\/v2\/types\/page"}],"author":[{"embeddable":true,"href":"https:\/\/dniotwarte.uwb.edu.pl\/index.php?rest_route=\/wp\/v2\/users\/1"}],"replies":[{"embeddable":true,"href":"https:\/\/dniotwarte.uwb.edu.pl\/index.php?rest_route=%2Fwp%2Fv2%2Fcomments&post=698"}],"version-history":[{"count":15,"href":"https:\/\/dniotwarte.uwb.edu.pl\/index.php?rest_route=\/wp\/v2\/pages\/698\/revisions"}],"predecessor-version":[{"id":3878,"href":"https:\/\/dniotwarte.uwb.edu.pl\/index.php?rest_route=\/wp\/v2\/pages\/698\/revisions\/3878"}],"wp:attachment":[{"href":"https:\/\/dniotwarte.uwb.edu.pl\/index.php?rest_route=%2Fwp%2Fv2%2Fmedia&parent=698"}],"wp:term":[{"taxonomy":"category","embeddable":true,"href":"https:\/\/dniotwarte.uwb.edu.pl\/index.php?rest_route=%2Fwp%2Fv2%2Fcategories&post=698"},{"taxonomy":"post_tag","embeddable":true,"href":"https:\/\/dniotwarte.uwb.edu.pl\/index.php?rest_route=%2Fwp%2Fv2%2Ftags&post=698"}],"curies":[{"name":"wp","href":"https:\/\/api.w.org\/{rel}","templated":true}]}}