{"id":85,"date":"2018-02-23T21:57:35","date_gmt":"2018-02-23T20:57:35","guid":{"rendered":"http:\/\/dniotwarte.uwb.edu.pl\/?page_id=85"},"modified":"2025-03-13T15:20:58","modified_gmt":"2025-03-13T14:20:58","slug":"wydzial-fizyki-wyklady","status":"publish","type":"page","link":"https:\/\/dniotwarte.uwb.edu.pl\/?page_id=85","title":{"rendered":"Wydzia\u0142 Fizyki &#8211; wyk\u0142ady"},"content":{"rendered":"<p><em>&nbsp;<\/em><\/p>\n<hr>\n<h1><strong>PI\u0104TEK&nbsp; &nbsp; 14.03.2025 r.<\/strong><\/h1>\n<p><em>&nbsp;<\/em><\/p>\n<hr>\n<h1><strong>Naturalna nawigacja magnetyczna<\/strong><\/h1>\n<p><!-- [events_list category=\"2\" limit=\"0\"] --><\/p>\n<p>prof. \u200b dr hab. Marek Kisielewski<\/p>\n<p><img data-recalc-dims=\"1\" fetchpriority=\"high\" decoding=\"async\" data-attachment-id=\"3901\" data-permalink=\"https:\/\/dniotwarte.uwb.edu.pl\/?attachment_id=3901\" data-orig-file=\"https:\/\/i0.wp.com\/dniotwarte.uwb.edu.pl\/wp-content\/uploads\/2025\/03\/ziemia-magnetosfera-scaled.jpg?fit=2560%2C1440&amp;ssl=1\" data-orig-size=\"2560,1440\" data-comments-opened=\"0\" data-image-meta=\"{&quot;aperture&quot;:&quot;0&quot;,&quot;credit&quot;:&quot;&quot;,&quot;camera&quot;:&quot;&quot;,&quot;caption&quot;:&quot;Earth&#039;s magnetic field, the Earth, the solar wind, the flow of particles&quot;,&quot;created_timestamp&quot;:&quot;0&quot;,&quot;copyright&quot;:&quot;&quot;,&quot;focal_length&quot;:&quot;0&quot;,&quot;iso&quot;:&quot;0&quot;,&quot;shutter_speed&quot;:&quot;0&quot;,&quot;title&quot;:&quot;Earth&#039;s magnetic field, the Earth, the solar wind, the flow of particles&quot;,&quot;orientation&quot;:&quot;1&quot;}\" data-image-title=\"Earth&amp;#8217;s magnetic field, the Earth, the solar wind, the flow of particles\" data-image-description=\"\" data-image-caption=\"&lt;p&gt;Earth&amp;#8217;s magnetic field, the Earth, the solar wind, the flow of particles&lt;\/p&gt;\n\" data-medium-file=\"https:\/\/i0.wp.com\/dniotwarte.uwb.edu.pl\/wp-content\/uploads\/2025\/03\/ziemia-magnetosfera-scaled.jpg?fit=300%2C169&amp;ssl=1\" data-large-file=\"https:\/\/i0.wp.com\/dniotwarte.uwb.edu.pl\/wp-content\/uploads\/2025\/03\/ziemia-magnetosfera-scaled.jpg?fit=525%2C295&amp;ssl=1\" class=\" wp-image-3901\" src=\"https:\/\/i0.wp.com\/dniotwarte.uwb.edu.pl\/wp-content\/uploads\/2025\/03\/ziemia-magnetosfera.jpg?resize=454%2C256\" alt=\"\" width=\"454\" height=\"256\" srcset=\"https:\/\/i0.wp.com\/dniotwarte.uwb.edu.pl\/wp-content\/uploads\/2025\/03\/ziemia-magnetosfera-scaled.jpg?resize=300%2C169&amp;ssl=1 300w, https:\/\/i0.wp.com\/dniotwarte.uwb.edu.pl\/wp-content\/uploads\/2025\/03\/ziemia-magnetosfera-scaled.jpg?resize=1024%2C576&amp;ssl=1 1024w, https:\/\/i0.wp.com\/dniotwarte.uwb.edu.pl\/wp-content\/uploads\/2025\/03\/ziemia-magnetosfera-scaled.jpg?resize=768%2C432&amp;ssl=1 768w, https:\/\/i0.wp.com\/dniotwarte.uwb.edu.pl\/wp-content\/uploads\/2025\/03\/ziemia-magnetosfera-scaled.jpg?resize=1536%2C864&amp;ssl=1 1536w, https:\/\/i0.wp.com\/dniotwarte.uwb.edu.pl\/wp-content\/uploads\/2025\/03\/ziemia-magnetosfera-scaled.jpg?resize=2048%2C1152&amp;ssl=1 2048w, https:\/\/i0.wp.com\/dniotwarte.uwb.edu.pl\/wp-content\/uploads\/2025\/03\/ziemia-magnetosfera-scaled.jpg?resize=128%2C72&amp;ssl=1 128w, https:\/\/i0.wp.com\/dniotwarte.uwb.edu.pl\/wp-content\/uploads\/2025\/03\/ziemia-magnetosfera-scaled.jpg?resize=32%2C18&amp;ssl=1 32w\" sizes=\"(max-width: 454px) 100vw, 454px\" \/><\/p>\n<p>Wszystkie organizmy \u017cywe nieustannie prowadz\u0105 mniej lub bardziej dramatyczn\u0105 walk\u0119 o przetrwanie. Orientacja w przestrzeni jest w tej walce bardzo wa\u017cnym czynnikiem, bowiem decyduje o znalezieniu optymalnych warunk\u00f3w do \u017cycia. Liczne obserwacje i eksperymenty przeprowadzone w ci\u0105gu kilku ostatnich dekad wykaza\u0142y, \u017ce umiej\u0119tno\u015b\u0107 nawigacji w oparciu o bod\u017ace magnetyczne posiadaj\u0105 ssaki, ptaki, gady, p\u0142azy, ryby, owady, a nawet bakterie. W chwili obecnej najlepiej poznane jest dzia\u0142anie bio-detektora magnetycznego w\u0142a\u015bnie tych\u017ce wymienionych na ko\u0144cu jednokom\u00f3rkowc\u00f3w. Bakterie magnetyczne, odkryte r\u00f3wno 50 lat temu, wyposa\u017cone zosta\u0142y w zdolno\u015b\u0107 syntezy cz\u0105stek magnetycznych o rozmiarach od 30 do 100 nm, kt\u00f3re \u2013 u\u0142o\u017cone w \u0142a\u0144cuchy \u2013 dzia\u0142aj\u0105 podobnie jak miniaturowa ig\u0142a magnetyczna. Ustawia ona ca\u0142\u0105 bakteri\u0119 wzd\u0142u\u017c linii ziemskiego pola magnetycznego i w ten spos\u00f3b u\u0142atwia jej znalezienie w \u015brodowisku wodnym sprzyjaj\u0105cych warunk\u00f3w do \u017cycia. Ze wzgl\u0119du na unikalne w\u0142a\u015bciwo\u015bci bio-mineralizowanych kryszta\u0142\u00f3w magnetycznych, bakterie sta\u0142y si\u0119 przedmiotem intensywnych bada\u0144, kt\u00f3re zaowocowa\u0142y obiecuj\u0105cymi perspektywami zastosowa\u0144 m.in. w medycynie i w biosyntezie nowych materia\u0142\u00f3w.<\/p>\n<p><strong>Forma:<\/strong> wyk\u0142ad<\/p>\n<p><strong>Miejsce:<\/strong> sala 2011<\/p>\n<p><strong>Liczba uczestnik\u00f3w:<\/strong> 36\/100<\/p>\n<p><strong>Czas Trwania:<\/strong> 45 min<\/p>\n<p><strong>Terminy:&nbsp; <\/strong>14-03-2025 (pi\u0105tek), godzina 11:00<\/p>\n<p><strong><em>Zapisy telefoniczne:<\/em><\/strong><em>&nbsp; 0 85-738-81 98<br \/>\n<strong>Zapisy email:<\/strong>&nbsp; &nbsp;promocja.fizyka@uwb.edu.pl<\/em><em>&nbsp;<\/em><\/p>\n<hr>\n<h1><strong>Wahad\u0142o Foucaulta<\/strong><\/h1>\n<p><!-- [events_list category=\"2\" limit=\"0\"] --><\/p>\n<p>dr hab. Andrzej Andrejczuk, prof UwB<\/p>\n<p><img data-recalc-dims=\"1\" decoding=\"async\" data-attachment-id=\"1120\" data-permalink=\"https:\/\/dniotwarte.uwb.edu.pl\/?attachment_id=1120\" data-orig-file=\"https:\/\/i0.wp.com\/dniotwarte.uwb.edu.pl\/wp-content\/uploads\/2018\/03\/DSC_8072.jpg?fit=1800%2C1200&amp;ssl=1\" data-orig-size=\"1800,1200\" data-comments-opened=\"0\" data-image-meta=\"{&quot;aperture&quot;:&quot;5.6&quot;,&quot;credit&quot;:&quot;Marek Brancewicz&quot;,&quot;camera&quot;:&quot;NIKON D7100&quot;,&quot;caption&quot;:&quot;&quot;,&quot;created_timestamp&quot;:&quot;1521199328&quot;,&quot;copyright&quot;:&quot;All rights reserved&quot;,&quot;focal_length&quot;:&quot;22&quot;,&quot;iso&quot;:&quot;200&quot;,&quot;shutter_speed&quot;:&quot;0.005&quot;,&quot;title&quot;:&quot;&quot;,&quot;orientation&quot;:&quot;1&quot;}\" data-image-title=\"DSC_8072\" data-image-description=\"\" data-image-caption=\"\" data-medium-file=\"https:\/\/i0.wp.com\/dniotwarte.uwb.edu.pl\/wp-content\/uploads\/2018\/03\/DSC_8072.jpg?fit=300%2C200&amp;ssl=1\" data-large-file=\"https:\/\/i0.wp.com\/dniotwarte.uwb.edu.pl\/wp-content\/uploads\/2018\/03\/DSC_8072.jpg?fit=525%2C350&amp;ssl=1\" class=\"alignnone wp-image-1120 size-large\" src=\"https:\/\/i0.wp.com\/dniotwarte.uwb.edu.pl\/wp-content\/uploads\/2018\/03\/DSC_8072.jpg?resize=525%2C350\" alt=\"\" width=\"525\" height=\"350\" srcset=\"https:\/\/i0.wp.com\/dniotwarte.uwb.edu.pl\/wp-content\/uploads\/2018\/03\/DSC_8072.jpg?resize=1024%2C683&amp;ssl=1 1024w, https:\/\/i0.wp.com\/dniotwarte.uwb.edu.pl\/wp-content\/uploads\/2018\/03\/DSC_8072.jpg?resize=300%2C200&amp;ssl=1 300w, https:\/\/i0.wp.com\/dniotwarte.uwb.edu.pl\/wp-content\/uploads\/2018\/03\/DSC_8072.jpg?resize=768%2C512&amp;ssl=1 768w, https:\/\/i0.wp.com\/dniotwarte.uwb.edu.pl\/wp-content\/uploads\/2018\/03\/DSC_8072.jpg?resize=600%2C400&amp;ssl=1 600w, https:\/\/i0.wp.com\/dniotwarte.uwb.edu.pl\/wp-content\/uploads\/2018\/03\/DSC_8072.jpg?w=1800&amp;ssl=1 1800w, https:\/\/i0.wp.com\/dniotwarte.uwb.edu.pl\/wp-content\/uploads\/2018\/03\/DSC_8072.jpg?resize=272%2C182&amp;ssl=1 272w, https:\/\/i0.wp.com\/dniotwarte.uwb.edu.pl\/wp-content\/uploads\/2018\/03\/DSC_8072.jpg?w=1575 1575w\" sizes=\"(max-width: 525px) 100vw, 525px\" \/><\/p>\n<p>Wahad\u0142em Foucaulta nazywamy d\u0142ugie wahad\u0142o z masywnym obci\u0105\u017ceniem, kt\u00f3rego oscylacje s\u0105 ma\u0142o czu\u0142e na zewn\u0119trzne zaburzenia. Nale\u017ca\u0142oby si\u0119 spodziewa\u0107, \u017ce w takiej sytuacji wahad\u0142o powinno waha\u0107 si\u0119 d\u0142ugo a p\u0142aszczyzna oscylacji powinna by\u0107 sta\u0142a w czasie. Okazuje si\u0119 jednak, \u017ce p\u0142aszczyzna drga\u0144 poma\u0142u si\u0119 obraca. Na pokazie zademonstrujemy ten efekt i wyja\u015bnimy dlaczego tak si\u0119 dzieje.<\/p>\n<p><strong>Forma:<\/strong> prezentacja<\/p>\n<p><strong>Miejsce:<\/strong> wej\u015bcie g\u0142\u00f3wne do Wydzia\u0142u Fizyki<\/p>\n<p><strong>Liczba uczestnik\u00f3w:<\/strong> 30<\/p>\n<p><strong>Czas Trwania:<\/strong> 20 min<\/p>\n<p><strong>Terminy:&nbsp; <\/strong>14-03-2025 (pi\u0105tek), godzina 11:00<\/p>\n<p><strong><em>Zapisy telefoniczne:<\/em><\/strong><em>&nbsp; 0 85-738-81 98<br \/>\n<strong>Zapisy email:<\/strong>&nbsp; &nbsp;promocja.fizyka@uwb.edu.pl<\/em><em>&nbsp;<\/em><\/p>\n<hr>\n<h1><strong>Magnetyzm i holografia<\/strong><\/h1>\n<p>dr Zbigniew Kurant, mgr Bhawna Sharma<\/p>\n<p><img data-recalc-dims=\"1\" decoding=\"async\" data-attachment-id=\"3983\" data-permalink=\"https:\/\/dniotwarte.uwb.edu.pl\/?attachment_id=3983\" data-orig-file=\"https:\/\/i0.wp.com\/dniotwarte.uwb.edu.pl\/wp-content\/uploads\/2025\/03\/spotkania-z-nauka-magnetyzm.png?fit=382%2C303&amp;ssl=1\" data-orig-size=\"382,303\" data-comments-opened=\"0\" data-image-meta=\"{&quot;aperture&quot;:&quot;0&quot;,&quot;credit&quot;:&quot;&quot;,&quot;camera&quot;:&quot;&quot;,&quot;caption&quot;:&quot;&quot;,&quot;created_timestamp&quot;:&quot;0&quot;,&quot;copyright&quot;:&quot;&quot;,&quot;focal_length&quot;:&quot;0&quot;,&quot;iso&quot;:&quot;0&quot;,&quot;shutter_speed&quot;:&quot;0&quot;,&quot;title&quot;:&quot;&quot;,&quot;orientation&quot;:&quot;0&quot;}\" data-image-title=\"spotkania z nauka-magnetyzm\" data-image-description=\"\" data-image-caption=\"\" data-medium-file=\"https:\/\/i0.wp.com\/dniotwarte.uwb.edu.pl\/wp-content\/uploads\/2025\/03\/spotkania-z-nauka-magnetyzm.png?fit=300%2C238&amp;ssl=1\" data-large-file=\"https:\/\/i0.wp.com\/dniotwarte.uwb.edu.pl\/wp-content\/uploads\/2025\/03\/spotkania-z-nauka-magnetyzm.png?fit=382%2C303&amp;ssl=1\" class=\"alignnone size-medium wp-image-3983\" src=\"https:\/\/i0.wp.com\/dniotwarte.uwb.edu.pl\/wp-content\/uploads\/2025\/03\/spotkania-z-nauka-magnetyzm.png?resize=300%2C238\" alt=\"\" width=\"300\" height=\"238\" srcset=\"https:\/\/i0.wp.com\/dniotwarte.uwb.edu.pl\/wp-content\/uploads\/2025\/03\/spotkania-z-nauka-magnetyzm.png?resize=300%2C238&amp;ssl=1 300w, https:\/\/i0.wp.com\/dniotwarte.uwb.edu.pl\/wp-content\/uploads\/2025\/03\/spotkania-z-nauka-magnetyzm.png?resize=128%2C102&amp;ssl=1 128w, https:\/\/i0.wp.com\/dniotwarte.uwb.edu.pl\/wp-content\/uploads\/2025\/03\/spotkania-z-nauka-magnetyzm.png?resize=32%2C25&amp;ssl=1 32w, https:\/\/i0.wp.com\/dniotwarte.uwb.edu.pl\/wp-content\/uploads\/2025\/03\/spotkania-z-nauka-magnetyzm.png?w=382&amp;ssl=1 382w\" sizes=\"(max-width: 300px) 100vw, 300px\" \/><\/p>\n<p>\u015awiat\u0142o spolaryzowane wykorzystywane jest do obrazowania magnetycznego uporz\u0105dkowania &#8211; struktury domenowej w cienkich i ultracienkich warstwach magnetycznych. Zmienno\u015b\u0107 struktur domenowych pod wp\u0142ywem pola magnetycznego b\u0119dzie pokazana z wykorzystaniem prostego mikroskopu polaryzacyjnego. Pokazana b\u0119dzie r\u00f3wnie\u017c dyfrakcja \u015bwiat\u0142a na strukturze domenowej, oraz na obiektach z \u017cycia codziennego. Zaprezentowane b\u0119dzie r\u00f3wnie\u017c idea holografii oraz r\u00f3\u017cne hologramy.<\/p>\n<p><strong>Forma:<\/strong> wyk\u0142ad z pokazami<\/p>\n<p><strong>Miejsce:<\/strong> sala 2011<\/p>\n<p><strong>Liczba uczestnik\u00f3w:<\/strong>&nbsp; 100<\/p>\n<p><strong>Czas Trwania:<\/strong> 45 min<\/p>\n<p><strong>Terminy:&nbsp; <\/strong>14-03-2025 (pi\u0105tek), godzina 10:00<\/p>\n<p><strong><em>Zapisy telefoniczne:<\/em><\/strong><em>&nbsp; &nbsp;0 85-738-81 98<br \/>\n<strong>Zapisy email:<\/strong>&nbsp; &nbsp;promocja.fizyka@uwb.edu.pl<br \/>\n<\/em><\/p>\n<hr>\n<h1><strong>Fizyka w grach komputerowych<\/strong><\/h1>\n<p>dr Krzysztof Gawryluk<\/p>\n<p><img data-recalc-dims=\"1\" loading=\"lazy\" decoding=\"async\" data-attachment-id=\"4007\" data-permalink=\"https:\/\/dniotwarte.uwb.edu.pl\/?attachment_id=4007\" data-orig-file=\"https:\/\/i0.wp.com\/dniotwarte.uwb.edu.pl\/wp-content\/uploads\/2025\/03\/firzyka_gry.png?fit=679%2C454&amp;ssl=1\" data-orig-size=\"679,454\" data-comments-opened=\"0\" data-image-meta=\"{&quot;aperture&quot;:&quot;0&quot;,&quot;credit&quot;:&quot;&quot;,&quot;camera&quot;:&quot;&quot;,&quot;caption&quot;:&quot;&quot;,&quot;created_timestamp&quot;:&quot;0&quot;,&quot;copyright&quot;:&quot;&quot;,&quot;focal_length&quot;:&quot;0&quot;,&quot;iso&quot;:&quot;0&quot;,&quot;shutter_speed&quot;:&quot;0&quot;,&quot;title&quot;:&quot;&quot;,&quot;orientation&quot;:&quot;0&quot;}\" data-image-title=\"firzyka_gry\" data-image-description=\"\" data-image-caption=\"\" data-medium-file=\"https:\/\/i0.wp.com\/dniotwarte.uwb.edu.pl\/wp-content\/uploads\/2025\/03\/firzyka_gry.png?fit=300%2C201&amp;ssl=1\" data-large-file=\"https:\/\/i0.wp.com\/dniotwarte.uwb.edu.pl\/wp-content\/uploads\/2025\/03\/firzyka_gry.png?fit=525%2C351&amp;ssl=1\" class=\"alignnone wp-image-4007\" src=\"https:\/\/i0.wp.com\/dniotwarte.uwb.edu.pl\/wp-content\/uploads\/2025\/03\/firzyka_gry.png?resize=525%2C351\" alt=\"\" width=\"525\" height=\"351\" srcset=\"https:\/\/i0.wp.com\/dniotwarte.uwb.edu.pl\/wp-content\/uploads\/2025\/03\/firzyka_gry.png?w=679&amp;ssl=1 679w, https:\/\/i0.wp.com\/dniotwarte.uwb.edu.pl\/wp-content\/uploads\/2025\/03\/firzyka_gry.png?resize=300%2C201&amp;ssl=1 300w, https:\/\/i0.wp.com\/dniotwarte.uwb.edu.pl\/wp-content\/uploads\/2025\/03\/firzyka_gry.png?resize=600%2C400&amp;ssl=1 600w, https:\/\/i0.wp.com\/dniotwarte.uwb.edu.pl\/wp-content\/uploads\/2025\/03\/firzyka_gry.png?resize=128%2C86&amp;ssl=1 128w, https:\/\/i0.wp.com\/dniotwarte.uwb.edu.pl\/wp-content\/uploads\/2025\/03\/firzyka_gry.png?resize=32%2C21&amp;ssl=1 32w, https:\/\/i0.wp.com\/dniotwarte.uwb.edu.pl\/wp-content\/uploads\/2025\/03\/firzyka_gry.png?resize=272%2C182&amp;ssl=1 272w\" sizes=\"(max-width: 525px) 100vw, 525px\" \/><\/p>\n<p>Mo\u017ce to zaskakuj\u0105ce, ale du\u017co jest element\u00f3w fizyki w grach komputerowych! Na prezentacji zostan\u0105 zaprezentowane przyk\u0142ady zagadnie\u0144 fizycznych znanych ze szko\u0142y \u015bredniej, kt\u00f3re (o dziwo!) znajduj\u0105 si\u0119 w niemal ka\u017cdej grze wideo. To b\u0119dzie bardzo atrakcyjny wyk\u0142ad dla uczni\u00f3w zastanawiaj\u0105cych si\u0119 &#8222;<em>po co mi ta ca\u0142a fizyka<\/em>&#8221; &#8211; tutaj si\u0119 o tym przekonaj\u0105.<\/p>\n<p><strong>Forma:<\/strong> wyk\u0142ad z pokazami<\/p>\n<p><strong>Miejsce:<\/strong> sala 2011<\/p>\n<p><strong>Liczba uczestnik\u00f3w:<\/strong>&nbsp; 40\/100<\/p>\n<p><strong>Czas Trwania:<\/strong> 45 min<\/p>\n<p><strong>Terminy:&nbsp; <\/strong>14-03-2025 (pi\u0105tek), godzina 12:00<\/p>\n<p><strong><em>Zapisy telefoniczne:<\/em><\/strong><em>&nbsp; &nbsp;0 85-738-81 98<br \/>\n<strong>Zapisy email:<\/strong>&nbsp; &nbsp;promocja.fizyka@uwb.edu.pl<\/em><\/p>\n<p><em>&nbsp;<\/em><\/p>\n<hr>\n<h1><strong>CZWARTEK&nbsp; &nbsp; 13.03.2025 r.<\/strong><\/h1>\n<p><em>&nbsp;<\/em><\/p>\n<hr>\n<h1><strong>Atomy i promieniowanie<\/strong><\/h1>\n<p>dr hab. Andrzej Andrejczuk, prof. UwB; dr \u0141ukasz \u0141abieniec<\/p>\n<p><img data-recalc-dims=\"1\" loading=\"lazy\" decoding=\"async\" data-attachment-id=\"3912\" data-permalink=\"https:\/\/dniotwarte.uwb.edu.pl\/?attachment_id=3912\" data-orig-file=\"https:\/\/i0.wp.com\/dniotwarte.uwb.edu.pl\/wp-content\/uploads\/2025\/03\/pomieniowanie.gif?fit=476%2C280&amp;ssl=1\" data-orig-size=\"476,280\" data-comments-opened=\"0\" data-image-meta=\"{&quot;aperture&quot;:&quot;0&quot;,&quot;credit&quot;:&quot;&quot;,&quot;camera&quot;:&quot;&quot;,&quot;caption&quot;:&quot;&quot;,&quot;created_timestamp&quot;:&quot;0&quot;,&quot;copyright&quot;:&quot;&quot;,&quot;focal_length&quot;:&quot;0&quot;,&quot;iso&quot;:&quot;0&quot;,&quot;shutter_speed&quot;:&quot;0&quot;,&quot;title&quot;:&quot;&quot;,&quot;orientation&quot;:&quot;0&quot;}\" data-image-title=\"pomieniowanie\" data-image-description=\"\" data-image-caption=\"\" data-medium-file=\"https:\/\/i0.wp.com\/dniotwarte.uwb.edu.pl\/wp-content\/uploads\/2025\/03\/pomieniowanie.gif?fit=300%2C176&amp;ssl=1\" data-large-file=\"https:\/\/i0.wp.com\/dniotwarte.uwb.edu.pl\/wp-content\/uploads\/2025\/03\/pomieniowanie.gif?fit=476%2C280&amp;ssl=1\" class=\"alignnone wp-image-3912 size-full\" src=\"https:\/\/i0.wp.com\/dniotwarte.uwb.edu.pl\/wp-content\/uploads\/2025\/03\/pomieniowanie.gif?resize=476%2C280\" alt=\"\" width=\"476\" height=\"280\"><\/p>\n<p>Na wyk\u0142adzie opowiemy o budowie atomu, o budowie j\u0105dra atomowego oraz o promieniowaniu elektromagnetycznym. Podczas wyk\u0142adu zademonstrujemy propagacj\u0119 fal radiowych i badanie widma promieniowania widzialnego. Poka\u017cemy r\u00f3wnie\u017c detekcj\u0119 promieniowania alpha i badanie widma promieniowania gamma.<\/p>\n<p><strong>Forma:<\/strong> wyk\u0142ad z pokazami<\/p>\n<p><strong>Miejsce:<\/strong> sala 2011<\/p>\n<p><strong>Liczba uczestnik\u00f3w:<\/strong>&nbsp; 100<\/p>\n<p><strong>Czas Trwania:<\/strong> 60 min<\/p>\n<p><strong>Terminy:&nbsp; <\/strong>13-03-2025 (czwartek), godzina 12:30<\/p>\n<p><strong><em>Zapisy telefoniczne:<\/em><\/strong><em>&nbsp; &nbsp;0 85-738-81 98<br \/>\n<strong>Zapisy email:<\/strong>&nbsp; &nbsp;promocja.fizyka@uwb.edu.pl<br \/>\n<\/em><\/p>\n<hr>\n<h1><strong>Informatyka w fizyce<\/strong><\/h1>\n<p><!-- [events_list category=\"2\" limit=\"0\"] --><\/p>\n<p>&nbsp;dr Cezary Walczyk<\/p>\n<p><img data-recalc-dims=\"1\" loading=\"lazy\" decoding=\"async\" data-attachment-id=\"3929\" data-permalink=\"https:\/\/dniotwarte.uwb.edu.pl\/?attachment_id=3929\" data-orig-file=\"https:\/\/i0.wp.com\/dniotwarte.uwb.edu.pl\/wp-content\/uploads\/2025\/03\/ciecz-CW.png?fit=1057%2C232&amp;ssl=1\" data-orig-size=\"1057,232\" data-comments-opened=\"0\" data-image-meta=\"{&quot;aperture&quot;:&quot;0&quot;,&quot;credit&quot;:&quot;&quot;,&quot;camera&quot;:&quot;&quot;,&quot;caption&quot;:&quot;&quot;,&quot;created_timestamp&quot;:&quot;0&quot;,&quot;copyright&quot;:&quot;&quot;,&quot;focal_length&quot;:&quot;0&quot;,&quot;iso&quot;:&quot;0&quot;,&quot;shutter_speed&quot;:&quot;0&quot;,&quot;title&quot;:&quot;&quot;,&quot;orientation&quot;:&quot;0&quot;}\" data-image-title=\"ciecz-CW\" data-image-description=\"\" data-image-caption=\"\" data-medium-file=\"https:\/\/i0.wp.com\/dniotwarte.uwb.edu.pl\/wp-content\/uploads\/2025\/03\/ciecz-CW.png?fit=300%2C66&amp;ssl=1\" data-large-file=\"https:\/\/i0.wp.com\/dniotwarte.uwb.edu.pl\/wp-content\/uploads\/2025\/03\/ciecz-CW.png?fit=525%2C115&amp;ssl=1\" class=\"alignnone wp-image-3929 size-large\" src=\"https:\/\/i0.wp.com\/dniotwarte.uwb.edu.pl\/wp-content\/uploads\/2025\/03\/ciecz-CW.png?resize=525%2C115\" alt=\"\" width=\"525\" height=\"115\" srcset=\"https:\/\/i0.wp.com\/dniotwarte.uwb.edu.pl\/wp-content\/uploads\/2025\/03\/ciecz-CW.png?resize=1024%2C225&amp;ssl=1 1024w, https:\/\/i0.wp.com\/dniotwarte.uwb.edu.pl\/wp-content\/uploads\/2025\/03\/ciecz-CW.png?resize=300%2C66&amp;ssl=1 300w, https:\/\/i0.wp.com\/dniotwarte.uwb.edu.pl\/wp-content\/uploads\/2025\/03\/ciecz-CW.png?resize=768%2C169&amp;ssl=1 768w, https:\/\/i0.wp.com\/dniotwarte.uwb.edu.pl\/wp-content\/uploads\/2025\/03\/ciecz-CW.png?resize=128%2C28&amp;ssl=1 128w, https:\/\/i0.wp.com\/dniotwarte.uwb.edu.pl\/wp-content\/uploads\/2025\/03\/ciecz-CW.png?resize=32%2C7&amp;ssl=1 32w, https:\/\/i0.wp.com\/dniotwarte.uwb.edu.pl\/wp-content\/uploads\/2025\/03\/ciecz-CW.png?w=1057&amp;ssl=1 1057w\" sizes=\"(max-width: 525px) 100vw, 525px\" \/><\/p>\n<p>W trakcie prezentacji zostan\u0105 om\u00f3wione algorytmy numeryczne stosowane w programach komputerowych opisuj\u0105cych r\u00f3\u017cne zjawiska fizyczne. Pokaz rozpocznie si\u0119 od wyja\u015bnienia podstawowych zagadnie\u0144 na przyk\u0142adzie rzutu uko\u015bnego i oscylatora harmonicznego. Nast\u0119pnie zaprezentowane b\u0119d\u0105 programy symuluj\u0105ce impedancyjn\u0105 tomografi\u0119 komputerow\u0105 oraz zachowanie si\u0119 cieczy napotykaj\u0105cej przeszkod\u0119. Pokaz uka\u017ce r\u00f3wnie\u017c, w jaki spos\u00f3b w pomiarach fizycznych mo\u017cna wykorzysta\u0107 rozwi\u0105zania Internetu Rzeczy (IoT).<\/p>\n<p><strong>Forma:<\/strong> wyk\u0142ad<\/p>\n<p><strong>Miejsce:<\/strong> sala 2011<\/p>\n<p><strong>Liczba uczestnik\u00f3w:<\/strong>&nbsp; 25\/100<\/p>\n<p><strong>Czas Trwania:<\/strong> 45 min<\/p>\n<p><strong>Terminy:&nbsp; <\/strong>13-03-2025 (czwartek), godzina 11:00<\/p>\n<p><strong><em>Zapisy telefoniczne:<\/em><\/strong><em>&nbsp; &nbsp;0 85-738-81 98<br \/>\n<strong>Zapisy email:<\/strong>&nbsp; &nbsp;promocja.fizyka@uwb.edu.pl<br \/>\n<\/em><\/p>\n<p>&nbsp;<\/p>\n<hr>\n<h1><strong>Silniki fizyki w grach komputerowych<\/strong><\/h1>\n<p><!-- [events_list category=\"2\" limit=\"0\"] --><\/p>\n<p>dr hab. Tomasz Karpiuk<\/p>\n<p><img data-recalc-dims=\"1\" loading=\"lazy\" decoding=\"async\" data-attachment-id=\"3906\" data-permalink=\"https:\/\/dniotwarte.uwb.edu.pl\/?attachment_id=3906\" data-orig-file=\"https:\/\/i0.wp.com\/dniotwarte.uwb.edu.pl\/wp-content\/uploads\/2025\/03\/magic_duels.png?fit=1282%2C743&amp;ssl=1\" data-orig-size=\"1282,743\" data-comments-opened=\"0\" data-image-meta=\"{&quot;aperture&quot;:&quot;0&quot;,&quot;credit&quot;:&quot;&quot;,&quot;camera&quot;:&quot;&quot;,&quot;caption&quot;:&quot;&quot;,&quot;created_timestamp&quot;:&quot;0&quot;,&quot;copyright&quot;:&quot;&quot;,&quot;focal_length&quot;:&quot;0&quot;,&quot;iso&quot;:&quot;0&quot;,&quot;shutter_speed&quot;:&quot;0&quot;,&quot;title&quot;:&quot;&quot;,&quot;orientation&quot;:&quot;0&quot;}\" data-image-title=\"magic_duels\" data-image-description=\"\" data-image-caption=\"\" data-medium-file=\"https:\/\/i0.wp.com\/dniotwarte.uwb.edu.pl\/wp-content\/uploads\/2025\/03\/magic_duels.png?fit=300%2C174&amp;ssl=1\" data-large-file=\"https:\/\/i0.wp.com\/dniotwarte.uwb.edu.pl\/wp-content\/uploads\/2025\/03\/magic_duels.png?fit=525%2C304&amp;ssl=1\" class=\"alignnone wp-image-3906 size-large\" src=\"https:\/\/i0.wp.com\/dniotwarte.uwb.edu.pl\/wp-content\/uploads\/2025\/03\/magic_duels.png?resize=525%2C304\" alt=\"\" width=\"525\" height=\"304\" srcset=\"https:\/\/i0.wp.com\/dniotwarte.uwb.edu.pl\/wp-content\/uploads\/2025\/03\/magic_duels.png?resize=1024%2C593&amp;ssl=1 1024w, https:\/\/i0.wp.com\/dniotwarte.uwb.edu.pl\/wp-content\/uploads\/2025\/03\/magic_duels.png?resize=300%2C174&amp;ssl=1 300w, https:\/\/i0.wp.com\/dniotwarte.uwb.edu.pl\/wp-content\/uploads\/2025\/03\/magic_duels.png?resize=768%2C445&amp;ssl=1 768w, https:\/\/i0.wp.com\/dniotwarte.uwb.edu.pl\/wp-content\/uploads\/2025\/03\/magic_duels.png?resize=128%2C74&amp;ssl=1 128w, https:\/\/i0.wp.com\/dniotwarte.uwb.edu.pl\/wp-content\/uploads\/2025\/03\/magic_duels.png?resize=32%2C19&amp;ssl=1 32w, https:\/\/i0.wp.com\/dniotwarte.uwb.edu.pl\/wp-content\/uploads\/2025\/03\/magic_duels.png?w=1282&amp;ssl=1 1282w\" sizes=\"(max-width: 525px) 100vw, 525px\" \/><\/p>\n<p><em>Na wyk\u0142adzie zostanie zaprezentowane z czego sk\u0142ada si\u0119 typowy silnik fizyki&nbsp; \u015brodowiskach do tworzenia gier takich jak Unreal, Unity 3D czy Godot. Na naszym wydziale uczymy, jak si\u0119 takie silniki programuje. Pokazane zostanie, czego mo\u017cna si\u0119 nauczy\u0107 na tych zaj\u0119ciach i co studenci sami zrobili w ramach ko\u0142a programowania gier Fi-Gie(r)L.<\/em><\/p>\n<p><strong>Forma:<\/strong> wyk\u0142ad<\/p>\n<p><strong>Miejsce:<\/strong> sala 2011<\/p>\n<p><strong>Liczba uczestnik\u00f3w:<\/strong> 25\/ 100<\/p>\n<p><strong>Czas Trwania:<\/strong> 45 min<\/p>\n<p><strong>Terminy:&nbsp; <\/strong>13-03-2025 (czwartek), godzina 10:00<\/p>\n<p><strong><em>Zapisy telefoniczne:<\/em><\/strong><em>&nbsp; &nbsp;0 85-738-81 98<br \/>\n<strong>Zapisy email:<\/strong>&nbsp; &nbsp;promocja.fizyka@uwb.edu.pl<\/em><\/p>\n","protected":false},"excerpt":{"rendered":"<p>&nbsp; PI\u0104TEK&nbsp; &nbsp; 14.03.2025 r. &nbsp; Naturalna nawigacja magnetyczna prof. \u200b dr hab. Marek Kisielewski Wszystkie organizmy \u017cywe nieustannie prowadz\u0105 mniej lub bardziej dramatyczn\u0105 walk\u0119 o przetrwanie. Orientacja w przestrzeni jest w tej walce bardzo wa\u017cnym czynnikiem, bowiem decyduje o znalezieniu optymalnych warunk\u00f3w do \u017cycia. Liczne obserwacje i eksperymenty przeprowadzone w ci\u0105gu kilku ostatnich dekad &hellip; <\/p>\n<p class=\"link-more\"><a href=\"https:\/\/dniotwarte.uwb.edu.pl\/?page_id=85\" class=\"more-link\">Czytaj dalej<span class=\"screen-reader-text\"> \u201eWydzia\u0142 Fizyki &#8211; wyk\u0142ady\u201d<\/span><\/a><\/p>\n","protected":false},"author":1,"featured_media":2739,"parent":64,"menu_order":0,"comment_status":"closed","ping_status":"closed","template":"","meta":{"ngg_post_thumbnail":0,"jetpack_post_was_ever_published":false,"footnotes":""},"categories":[8],"tags":[],"class_list":["post-85","page","type-page","status-publish","has-post-thumbnail","hentry","category-strony-fizyka"],"jetpack_sharing_enabled":true,"jetpack_shortlink":"https:\/\/wp.me\/P9I97i-1n","jetpack_likes_enabled":true,"jetpack-related-posts":[],"_links":{"self":[{"href":"https:\/\/dniotwarte.uwb.edu.pl\/index.php?rest_route=\/wp\/v2\/pages\/85","targetHints":{"allow":["GET"]}}],"collection":[{"href":"https:\/\/dniotwarte.uwb.edu.pl\/index.php?rest_route=\/wp\/v2\/pages"}],"about":[{"href":"https:\/\/dniotwarte.uwb.edu.pl\/index.php?rest_route=\/wp\/v2\/types\/page"}],"author":[{"embeddable":true,"href":"https:\/\/dniotwarte.uwb.edu.pl\/index.php?rest_route=\/wp\/v2\/users\/1"}],"replies":[{"embeddable":true,"href":"https:\/\/dniotwarte.uwb.edu.pl\/index.php?rest_route=%2Fwp%2Fv2%2Fcomments&post=85"}],"version-history":[{"count":53,"href":"https:\/\/dniotwarte.uwb.edu.pl\/index.php?rest_route=\/wp\/v2\/pages\/85\/revisions"}],"predecessor-version":[{"id":4044,"href":"https:\/\/dniotwarte.uwb.edu.pl\/index.php?rest_route=\/wp\/v2\/pages\/85\/revisions\/4044"}],"up":[{"embeddable":true,"href":"https:\/\/dniotwarte.uwb.edu.pl\/index.php?rest_route=\/wp\/v2\/pages\/64"}],"wp:featuredmedia":[{"embeddable":true,"href":"https:\/\/dniotwarte.uwb.edu.pl\/index.php?rest_route=\/wp\/v2\/media\/2739"}],"wp:attachment":[{"href":"https:\/\/dniotwarte.uwb.edu.pl\/index.php?rest_route=%2Fwp%2Fv2%2Fmedia&parent=85"}],"wp:term":[{"taxonomy":"category","embeddable":true,"href":"https:\/\/dniotwarte.uwb.edu.pl\/index.php?rest_route=%2Fwp%2Fv2%2Fcategories&post=85"},{"taxonomy":"post_tag","embeddable":true,"href":"https:\/\/dniotwarte.uwb.edu.pl\/index.php?rest_route=%2Fwp%2Fv2%2Ftags&post=85"}],"curies":[{"name":"wp","href":"https:\/\/api.w.org\/{rel}","templated":true}]}}